{"id":229,"date":"2019-10-30T20:36:15","date_gmt":"2019-10-30T20:36:15","guid":{"rendered":"https:\/\/institutbadal.com\/actividad-cientifica\/"},"modified":"2020-04-18T17:28:40","modified_gmt":"2020-04-18T17:28:40","slug":"actividad-cientifica","status":"publish","type":"page","link":"https:\/\/institutbadal.com\/es\/actividad-cientifica\/","title":{"rendered":"ACTIVIDAD CIENT\u00cdFICA"},"content":{"rendered":"\t\t<div data-elementor-type=\"wp-page\" data-elementor-id=\"229\" class=\"elementor elementor-229 elementor-70\">\n\t\t\t\t\t\t<section class=\"elementor-section elementor-top-section elementor-element elementor-element-b326200 elementor-section-boxed elementor-section-height-default elementor-section-height-default\" data-id=\"b326200\" data-element_type=\"section\" data-e-type=\"section\">\n\t\t\t\t\t\t<div class=\"elementor-container elementor-column-gap-default\">\n\t\t\t\t\t<div class=\"elementor-column elementor-col-100 elementor-top-column elementor-element elementor-element-67adcc0\" data-id=\"67adcc0\" data-element_type=\"column\" data-e-type=\"column\">\n\t\t\t<div class=\"elementor-widget-wrap elementor-element-populated\">\n\t\t\t\t\t\t<div class=\"elementor-element elementor-element-55f18d0 elementor-widget elementor-widget-spacer\" data-id=\"55f18d0\" data-element_type=\"widget\" data-e-type=\"widget\" data-widget_type=\"spacer.default\">\n\t\t\t\t<div class=\"elementor-widget-container\">\n\t\t\t\t\t\t\t<div class=\"elementor-spacer\">\n\t\t\t<div class=\"elementor-spacer-inner\"><\/div>\n\t\t<\/div>\n\t\t\t\t\t\t<\/div>\n\t\t\t\t<\/div>\n\t\t\t\t\t<\/div>\n\t\t<\/div>\n\t\t\t\t\t<\/div>\n\t\t<\/section>\n\t\t\t\t<section class=\"elementor-section elementor-top-section elementor-element elementor-element-470e2ec elementor-section-boxed elementor-section-height-default elementor-section-height-default\" data-id=\"470e2ec\" data-element_type=\"section\" data-e-type=\"section\">\n\t\t\t\t\t\t<div class=\"elementor-container elementor-column-gap-default\">\n\t\t\t\t\t<div class=\"elementor-column elementor-col-100 elementor-top-column elementor-element elementor-element-d9ec62d\" data-id=\"d9ec62d\" data-element_type=\"column\" data-e-type=\"column\">\n\t\t\t<div class=\"elementor-widget-wrap elementor-element-populated\">\n\t\t\t\t\t\t<div class=\"elementor-element elementor-element-d329b89 elementor-widget elementor-widget-text-editor\" data-id=\"d329b89\" data-element_type=\"widget\" data-e-type=\"widget\" data-widget_type=\"text-editor.default\">\n\t\t\t\t<div class=\"elementor-widget-container\">\n\t\t\t\t\t\t\t\t\t<span style=\"font-size: 30pt; font-family: 'arial black', sans-serif;\"><strong><span class=\"item_title_part0\" style=\"color: #808080;\">PUBLICACIONES CIENT\u00cdFICAS<\/span><\/strong><\/span>\t\t\t\t\t\t\t\t<\/div>\n\t\t\t\t<\/div>\n\t\t\t\t\t<\/div>\n\t\t<\/div>\n\t\t\t\t\t<\/div>\n\t\t<\/section>\n\t\t\t\t<section class=\"elementor-section elementor-top-section elementor-element elementor-element-0969da1 elementor-hidden-phone elementor-section-boxed elementor-section-height-default elementor-section-height-default\" data-id=\"0969da1\" data-element_type=\"section\" data-e-type=\"section\">\n\t\t\t\t\t\t<div class=\"elementor-container elementor-column-gap-default\">\n\t\t\t\t\t<div class=\"elementor-column elementor-col-100 elementor-top-column elementor-element elementor-element-e160d4b\" data-id=\"e160d4b\" data-element_type=\"column\" data-e-type=\"column\">\n\t\t\t<div class=\"elementor-widget-wrap elementor-element-populated\">\n\t\t\t\t\t\t<div class=\"elementor-element elementor-element-9959f0e elementor-widget elementor-widget-spacer\" data-id=\"9959f0e\" data-element_type=\"widget\" data-e-type=\"widget\" data-widget_type=\"spacer.default\">\n\t\t\t\t<div class=\"elementor-widget-container\">\n\t\t\t\t\t\t\t<div class=\"elementor-spacer\">\n\t\t\t<div class=\"elementor-spacer-inner\"><\/div>\n\t\t<\/div>\n\t\t\t\t\t\t<\/div>\n\t\t\t\t<\/div>\n\t\t\t\t\t<\/div>\n\t\t<\/div>\n\t\t\t\t\t<\/div>\n\t\t<\/section>\n\t\t\t\t<section class=\"elementor-section elementor-top-section elementor-element elementor-element-55aac7e elementor-section-boxed elementor-section-height-default elementor-section-height-default\" data-id=\"55aac7e\" data-element_type=\"section\" data-e-type=\"section\">\n\t\t\t\t\t\t<div class=\"elementor-container elementor-column-gap-default\">\n\t\t\t\t\t<div class=\"elementor-column elementor-col-100 elementor-top-column elementor-element elementor-element-f37ea62\" data-id=\"f37ea62\" data-element_type=\"column\" data-e-type=\"column\">\n\t\t\t<div class=\"elementor-widget-wrap elementor-element-populated\">\n\t\t\t\t\t\t<div class=\"elementor-element elementor-element-d3e7dae elementor-widget elementor-widget-text-editor\" data-id=\"d3e7dae\" data-element_type=\"widget\" data-e-type=\"widget\" data-widget_type=\"text-editor.default\">\n\t\t\t\t<div class=\"elementor-widget-container\">\n\t\t\t\t\t\t\t\t\t<p><span style=\"font-size: 12pt;\">Gracia R., Arraez V., Pont T., Rodellar L., <span style=\"color: #009cdd;\">Badal J.<\/span>, Deulofeu R. Caracter\u00edsticas, estancia y recursos empleados en pacientes fallecidos en muerte encef\u00e1lica. Medicina Intensiva; 27(5): 365. 2003.<\/span><\/p><hr \/><p><span style=\"font-size: 12pt;\">Calatayud M., <span style=\"color: #009cdd;\">Badal J<\/span>., Bisbe L., Mart\u00edn S., Puig J. \u00abTotal \u00a0Regression of Extensive Conjunctival Intraepithelial Neoplasia with Superficial Corneal Invasion Treated with Topical Mitomycin C 0.02%\u00bb. British Medical Journal Case Reports. [doi:10.1136\/bcr.04.2009.1765].<br \/><\/span><\/p><hr \/><p><span style=\"font-size: 12pt;\">Nieto J., Torres J., <span style=\"color: #009cdd;\">Badal J<\/span>. Ocular Disease in Sleep Apnea Syndrome. Medicina Cl\u00ednica; 133(15):594-598. 2009.<br \/><\/span><\/p><hr \/><p><span style=\"font-size: 12pt;\">Zapata MA., <span style=\"color: #009cdd;\">Badal J<\/span>., Boixadera A., Fonollosa A., Garc\u00eda- Arum\u00ed J,. Insulin resistance and diabetic macular edema in type 2 diabetes mellitus. Br J Ophthalmol. 2010 Sep;94(9):1230-2.<br \/><\/span><\/p><hr \/><p><span style=\"font-size: 12pt;\"><span style=\"color: #009cdd;\">Badal J<\/span>., Lobato C., Fonollosa A., Segura A., Garc\u00eda-Arum\u00ed J. Posterior scleritis resembling acute retinal necrosis syndrome. Retinal cases &amp; brief reports. 6(1):102-104, Winter 2012.<br \/><\/span><\/p><hr \/><p><span style=\"font-size: 12pt;\"><span style=\"color: #009cdd;\">Badal J<\/span>., Su\u00e1rez J., Mart\u00edn V., Pujadas C., Gal\u00e1n A. Diplop\u00eda secundaria a patologia vascular orbitaria. Acta Estrabol\u00f3gica Vol. XXXIX &#8211; N.\u00ba 2 &#8211; Julio-Diciembre 2010.<br \/><\/span><\/p><hr \/><p><span style=\"font-size: 12pt;\">Garc\u00eda-Arum\u00ed J, Amselem L, Gunduz K, <span style=\"color: #009cdd;\">Badal J<\/span>, Adan A, Zapata MA, Valldeperas X, Huste F, Corc\u00f3stegui B. Photodynamic Therapy for Choroidal Nevus with Subretinal Fluid. Retina. 32(5):936-941, May 2012.<br \/><\/span><\/p><hr \/><p><span style=\"font-size: 12pt;\"><span style=\"color: #009cdd;\">Badal J<\/span>, Amselem L, Huste F. Anti-VEGF Therapy for Myopic Choroidal Neovascularisation. European Ophthalmic Review. 2013;7(2):84\u20136.<br \/><\/span><\/p><hr \/><p><span style=\"font-size: 12pt;\">Garc\u00eda-Arum\u00ed J, Mart\u00ednez-Castillo V, Boixadera A, Blasco H, Marticorena J, Zapata MA, Maci\u00e0 C, <span style=\"color: #009cdd;\">Badal J<\/span>, Dist\u00e9fano L, Rafart JM, Berrocal M, Zambrano A, Ru\u00edz-Moreno JM, Figueroa MS. Rhegmatogenous retinal detachment treatment guidelines.\u00a0<\/span><span style=\"font-size: 12pt;\">Arch Soc Esp Oftalmol. 2013 Jan;88(1):11-35.<br \/><\/span><\/p><hr \/><p><span style=\"font-size: 12pt;\">Querques G, Triolo G, Casalino G, Garc\u00eda-Arum\u00ed J, <span style=\"color: #009cdd;\">Badal J<\/span>, Zapata M, Boixadera A, Castillo VM, Bandello F. Retinal Venous Occlusions Diagnosis and Choice of Treatments. Ophthalmic Res. 2013 Feb 8;49(4):215-222.<br \/><\/span><\/p><hr \/><p><span style=\"font-size: 12pt;\">Kaliki S, Shields CL, Rojanaporn D, <span style=\"color: #009cdd;\">Badal J<\/span>, Devisetty L, Emrich J, Komarnicky L, Shields JA. Scleral Necrosis after Plaque Radiotherapy of Uveal Melanoma: A Case-Control Study. Ophthalmology. 2013 May;120(5):1004-11.<br \/><\/span><\/p><hr \/><p><span style=\"font-size: 12pt;\">Mon\u00e9s J, Biarn\u00e9s M, <span style=\"color: #009cdd;\">Badal J<\/span><span style=\"color: #666666;\">. <span style=\"color: #808080;\">Bimonthly half-dose ranibizumab in large pigment epithelial detachment and retinal angiomatous proliferation with high risk of retinal pigment epithelium tear: a case report<\/span><\/span><span style=\"color: #808080;\"><a style=\"color: #808080;\" href=\"https:\/\/www.ncbi.nlm.nih.gov\/pubmed\/23766633\" target=\"_blank\" rel=\"noopener\">.<\/a><\/span> Clin Ophthalmol. 2013;7:1089-92.<br \/><\/span><\/p><hr \/><p><span style=\"font-size: 12pt;\">Shah SU, Shields CL, Bianciotto CG, Iturralde J, Al-Dahmash SA, Say EA, <span style=\"color: #009cdd;\">Badal J<\/span>, Mashayekhi A, Shields JA. <span style=\"color: #808080;\">Intravitreal Bevacizumab at 4-Month Intervals for Prevention of Macular Edema after Plaque Radiotherapy of Uveal Melanoma.<\/span> Ophthalmology. 2014 Jan;121(1):269-75.<br \/><\/span><\/p><hr \/><p><span style=\"font-size: 12pt;\">H Al Muhtaseb, <span style=\"color: #009cdd;\">J Badal<\/span>, M Biarn\u00e9s, J Mon\u00e9s. Performance characteristics of multicolor versus blue light and infrared imaging in the identification of reticular pseudodrusen. Acta ophthalmologica 09\/2014; 92(s253).<br \/><\/span><\/p><hr \/><p><span style=\"font-size: 12pt;\">Mansour AM, Arevalo JF, <span style=\"color: #009cdd;\">Badal J<\/span>, Moorthy RS, Shah GK, Zegarra H, Pulido JS, Charbaji A, Amselem L, Lavaque AJ, Casella A, Ahmad B, Paschall JG, Caimi A, Staurenghi G. Paraproteinemic maculopathy. Ophthalmology. 2014 Oct;121(10):1925-32.<\/span><\/p><hr \/><p><span style=\"font-size: 12pt;\">Mon\u00e9s J, <span style=\"color: #009cdd;\">Badal J<\/span>, Biarn\u00e9s M. Feeder vessel laser photocoagulation for idiopathic subfoveal polypoidal choroidal vasculopathy not responding to either anti-vascular endothelial growth factor therapy or photodynamic therapy. Retin Cases Brief Rep. 2016 Winter;10(1):100-3.<br \/><\/span><\/p><hr \/><p><span style=\"font-size: 12pt;\">Biarn\u00e9s M, Arias L, Alonso J, Garcia M, Hijano M, Rodriguez A, Serrano A, <span style=\"color: #009cdd;\">Badal J<\/span>, Muhtaseb H, Verdaguer P, Mon\u00e9s J. Increased fundus autofluorescense and progression of geographic atrophy secondary to age-related macular degeneration: The GAIN study. Am J Ophthalmol. 2015 Aug;160(2):345-353.<br \/><\/span><\/p><hr \/><p><span style=\"font-size: 12pt;\">Wu L, Zas M, Berrocal MH, Arevalo JF, Figueroa M, Rodriguez F, Serrano M, Graue F, Alezzandrini A, Gallego-Pinazo R, Roca JA, Iglicki M, Dalma-Weishauz J, Kozak I, Collado A, <span style=\"color: #009cdd;\">Badal J<\/span>, Maia M, Salcedo-Villanueva G, Quiroz-Mercado H, Fromow-Guerra J, Lozano-Rechy D, Avila M, Chhablani J. Anatomical and functional outcomes of symptomatic idiopathic vitreomacular traction: A natural history study from the Pan American Collaborative Retina Study Group. Retina. 2016 Oct;36(10):1913-8.<br \/><\/span><\/p><hr \/><p><span style=\"font-size: 12pt;\">Cuesta-Lasso M, Vieira-Barros A, Dolz-Marco R, Roig-Revert MJ, <span style=\"color: #009cdd;\">Badal J<\/span>, Amselem L, D\u00edaz-Llopis M, Gallego-Pinazo R. Intravitreal therapies for non-neovascular age-related macular degeneration with intraretinal or subretinal fluid. Arch Soc Esp Oftalmol.\u00a0<\/span><span style=\"font-family: Raleway; font-size: 16px; font-style: normal; font-variant-ligatures: normal; font-variant-caps: normal; font-weight: 400;\">2016 Oct;36(10):1913-8.<br \/><\/span><\/p><hr \/><p class=\"p1\"><span class=\"s1\" style=\"font-size: 12pt;\"><span style=\"color: #009cdd;\">Badal J<\/span>, Biarn\u00e9s M, Mon\u00e9s J. Performance characteristics of multicolor versus blue light and infrared imaging in the identification of reticular pseudodrusen. Int. Ophthalmol. 2017.<\/span><\/p>\t\t\t\t\t\t\t\t<\/div>\n\t\t\t\t<\/div>\n\t\t\t\t\t<\/div>\n\t\t<\/div>\n\t\t\t\t\t<\/div>\n\t\t<\/section>\n\t\t\t\t<\/div>\n\t\t","protected":false},"excerpt":{"rendered":"<p>PUBLICACIONES CIENT\u00cdFICAS Gracia R., Arraez V., Pont T., Rodellar L., Badal J., Deulofeu R. Caracter\u00edsticas, estancia y recursos empleados en pacientes fallecidos en muerte encef\u00e1lica. Medicina Intensiva; 27(5): 365. 2003. Calatayud M., Badal J., Bisbe L., Mart\u00edn S., Puig J. \u00abTotal \u00a0Regression of Extensive Conjunctival Intraepithelial Neoplasia with Superficial Corneal Invasion Treated with Topical Mitomycin [&hellip;]<\/p>\n","protected":false},"author":1,"featured_media":0,"parent":0,"menu_order":0,"comment_status":"closed","ping_status":"closed","template":"elementor_header_footer","meta":{"footnotes":""},"class_list":["post-229","page","type-page","status-publish","hentry","entry"],"_links":{"self":[{"href":"https:\/\/institutbadal.com\/es\/wp-json\/wp\/v2\/pages\/229","targetHints":{"allow":["GET"]}}],"collection":[{"href":"https:\/\/institutbadal.com\/es\/wp-json\/wp\/v2\/pages"}],"about":[{"href":"https:\/\/institutbadal.com\/es\/wp-json\/wp\/v2\/types\/page"}],"author":[{"embeddable":true,"href":"https:\/\/institutbadal.com\/es\/wp-json\/wp\/v2\/users\/1"}],"replies":[{"embeddable":true,"href":"https:\/\/institutbadal.com\/es\/wp-json\/wp\/v2\/comments?post=229"}],"version-history":[{"count":7,"href":"https:\/\/institutbadal.com\/es\/wp-json\/wp\/v2\/pages\/229\/revisions"}],"predecessor-version":[{"id":590,"href":"https:\/\/institutbadal.com\/es\/wp-json\/wp\/v2\/pages\/229\/revisions\/590"}],"wp:attachment":[{"href":"https:\/\/institutbadal.com\/es\/wp-json\/wp\/v2\/media?parent=229"}],"curies":[{"name":"wp","href":"https:\/\/api.w.org\/{rel}","templated":true}]}}