{"id":263,"date":"2019-10-30T20:50:07","date_gmt":"2019-10-30T20:50:07","guid":{"rendered":"https:\/\/institutbadal.com\/blefaroplastia\/"},"modified":"2025-09-11T18:26:07","modified_gmt":"2025-09-11T18:26:07","slug":"blefaroplastia","status":"publish","type":"page","link":"https:\/\/institutbadal.com\/es\/blefaroplastia\/","title":{"rendered":"BLEFAROPLASTIA"},"content":{"rendered":"\t\t<div data-elementor-type=\"wp-page\" data-elementor-id=\"263\" class=\"elementor elementor-263 elementor-168\">\n\t\t\t\t\t\t<section class=\"elementor-section elementor-top-section elementor-element elementor-element-4a83310 elementor-section-boxed elementor-section-height-default elementor-section-height-default\" data-id=\"4a83310\" data-element_type=\"section\">\n\t\t\t\t\t\t<div class=\"elementor-container elementor-column-gap-default\">\n\t\t\t\t\t<div class=\"elementor-column elementor-col-100 elementor-top-column elementor-element elementor-element-b2d39b5\" data-id=\"b2d39b5\" data-element_type=\"column\">\n\t\t\t<div class=\"elementor-widget-wrap elementor-element-populated\">\n\t\t\t\t\t\t<div class=\"elementor-element elementor-element-95a572d elementor-widget elementor-widget-text-editor\" data-id=\"95a572d\" data-element_type=\"widget\" data-widget_type=\"text-editor.default\">\n\t\t\t\t<div class=\"elementor-widget-container\">\n\t\t\t\t\t\t\t\t\t<h2 style=\"margin: 0px 0px 60px; font-family: Raleway, Arial, serif !important; font-weight: 800; line-height: 48px; color: inherit; text-rendering: optimizeLegibility; font-size: 48px; text-transform: uppercase;\">BLEFAROPLASTIA<\/h2>\n\t\t\t\t\t\t\t\t<\/div>\n\t\t\t\t<\/div>\n\t\t\t\t\t<\/div>\n\t\t<\/div>\n\t\t\t\t\t<\/div>\n\t\t<\/section>\n\t\t\t\t<section class=\"elementor-section elementor-top-section elementor-element elementor-element-741e067 elementor-section-boxed elementor-section-height-default elementor-section-height-default\" data-id=\"741e067\" data-element_type=\"section\">\n\t\t\t\t\t\t<div class=\"elementor-container elementor-column-gap-default\">\n\t\t\t\t\t<div class=\"elementor-column elementor-col-50 elementor-top-column elementor-element elementor-element-e09d8b3 elementor-invisible\" data-id=\"e09d8b3\" data-element_type=\"column\" data-settings=\"{&quot;animation&quot;:&quot;fadeInLeft&quot;}\">\n\t\t\t<div class=\"elementor-widget-wrap elementor-element-populated\">\n\t\t\t\t\t\t<div class=\"elementor-element elementor-element-bde4f92 elementor-widget elementor-widget-image-carousel\" data-id=\"bde4f92\" data-element_type=\"widget\" data-settings=\"{&quot;slides_to_show&quot;:&quot;1&quot;,&quot;navigation&quot;:&quot;none&quot;,&quot;autoplay_speed&quot;:3000,&quot;effect&quot;:&quot;fade&quot;,&quot;autoplay&quot;:&quot;yes&quot;,&quot;pause_on_hover&quot;:&quot;yes&quot;,&quot;pause_on_interaction&quot;:&quot;yes&quot;,&quot;infinite&quot;:&quot;yes&quot;,&quot;speed&quot;:500}\" data-widget_type=\"image-carousel.default\">\n\t\t\t\t<div class=\"elementor-widget-container\">\n\t\t\t\t\t\t\t<div class=\"elementor-image-carousel-wrapper swiper\" role=\"region\" aria-roledescription=\"carousel\" aria-label=\"Carrusel d&#039;imatges\" dir=\"ltr\">\n\t\t\t<div class=\"elementor-image-carousel swiper-wrapper\" aria-live=\"off\">\n\t\t\t\t\t\t\t\t<div class=\"swiper-slide\" role=\"group\" aria-roledescription=\"slide\" aria-label=\"1 de 5\"><figure class=\"swiper-slide-inner\"><img decoding=\"async\" class=\"swiper-slide-image\" src=\"https:\/\/institutbadal.com\/wp-content\/uploads\/2019\/10\/lifting.jpg\" alt=\"lifting\" \/><\/figure><\/div><div class=\"swiper-slide\" role=\"group\" aria-roledescription=\"slide\" aria-label=\"2 de 5\"><figure class=\"swiper-slide-inner\"><img decoding=\"async\" class=\"swiper-slide-image\" src=\"https:\/\/institutbadal.com\/wp-content\/uploads\/blefa2.png\" alt=\"blefa2\" \/><\/figure><\/div><div class=\"swiper-slide\" role=\"group\" aria-roledescription=\"slide\" aria-label=\"3 de 5\"><figure class=\"swiper-slide-inner\"><img decoding=\"async\" class=\"swiper-slide-image\" src=\"https:\/\/institutbadal.com\/wp-content\/uploads\/blefa3.png\" alt=\"blefa3\" \/><\/figure><\/div><div class=\"swiper-slide\" role=\"group\" aria-roledescription=\"slide\" aria-label=\"4 de 5\"><figure class=\"swiper-slide-inner\"><img decoding=\"async\" class=\"swiper-slide-image\" src=\"https:\/\/institutbadal.com\/wp-content\/uploads\/blefa4.png\" alt=\"blefa4\" \/><\/figure><\/div><div class=\"swiper-slide\" role=\"group\" aria-roledescription=\"slide\" aria-label=\"5 de 5\"><figure class=\"swiper-slide-inner\"><img decoding=\"async\" class=\"swiper-slide-image\" src=\"https:\/\/institutbadal.com\/wp-content\/uploads\/Sin-ti\u0301tulo-10_Mesa-de-trabajo-1.png\" alt=\"Sin ti\u0301tulo-10_Mesa de trabajo 1\" \/><\/figure><\/div>\t\t\t<\/div>\n\t\t\t\t\t\t\t\n\t\t\t\t\t\t\t\t\t<\/div>\n\t\t\t\t\t\t<\/div>\n\t\t\t\t<\/div>\n\t\t\t\t\t<\/div>\n\t\t<\/div>\n\t\t\t\t<div class=\"elementor-column elementor-col-50 elementor-top-column elementor-element elementor-element-a83c049\" data-id=\"a83c049\" data-element_type=\"column\">\n\t\t\t<div class=\"elementor-widget-wrap elementor-element-populated\">\n\t\t\t\t\t\t<div class=\"elementor-element elementor-element-a730db7 elementor-widget elementor-widget-text-editor\" data-id=\"a730db7\" data-element_type=\"widget\" data-widget_type=\"text-editor.default\">\n\t\t\t\t<div class=\"elementor-widget-container\">\n\t\t\t\t\t\t\t\t\t<p style=\"margin-bottom: 0px; padding-bottom: 25px; color: #666666; font-family: Raleway, Arial, serif; font-size: 16px; font-style: normal; font-variant-ligatures: normal; font-variant-caps: normal; font-weight: 300; text-align: justify;\">Los p\u00e1rpados son una parte fundamental de la expresi\u00f3n facial y centran gran parte de nuestra atenci\u00f3n durante la interacci\u00f3n social. Las coloquialmente denominadas &#8216;bolsas&#8217; que aparecen con la edad, nos dan un aspecto de envejecimiento prematuro o de poco descansados \u200b\u200bque hoy en d\u00eda puede mejorarse enormemente de forma segura. La cirug\u00eda cosm\u00e9tica palpebral tiene un efecto rejuvenecedor muy natural sin provocar cambios dr\u00e1sticos en su imagen y sin cicatrices visibles.<\/span><\/p>\n\t\t\t\t\t\t\t\t<\/div>\n\t\t\t\t<\/div>\n\t\t\t\t\t<\/div>\n\t\t<\/div>\n\t\t\t\t\t<\/div>\n\t\t<\/section>\n\t\t\t\t<section class=\"elementor-section elementor-top-section elementor-element elementor-element-0b8dc1c elementor-section-boxed elementor-section-height-default elementor-section-height-default\" data-id=\"0b8dc1c\" data-element_type=\"section\">\n\t\t\t\t\t\t<div class=\"elementor-container elementor-column-gap-default\">\n\t\t\t\t\t<div class=\"elementor-column elementor-col-100 elementor-top-column elementor-element elementor-element-1390601\" data-id=\"1390601\" data-element_type=\"column\">\n\t\t\t<div class=\"elementor-widget-wrap elementor-element-populated\">\n\t\t\t\t\t\t<div class=\"elementor-element elementor-element-65d2013 elementor-widget elementor-widget-text-editor\" data-id=\"65d2013\" data-element_type=\"widget\" data-widget_type=\"text-editor.default\">\n\t\t\t\t<div class=\"elementor-widget-container\">\n\t\t\t\t\t\t\t\t\t<span style=\"font-size: 18pt;\">Como se puede solucionar el exceso de piel del p\u00e1rpado superior y las \u00abbolsas\u00bb?<\/span><br><br><span style=\"font-size: 18px;\">La blefaroplastia se refiere a la cirug\u00eda cosm\u00e9tica de los p\u00e1rpados. A nivel de los p\u00e1rpados superiores consiste en eliminar el exceso de piel y en ocasiones de tejido graso. La cicatriz en esta intervenci\u00f3n es invisible ya que queda oculta en el pliegue natural del p\u00e1rpado superior. A nivel de los p\u00e1rpados inferiores, la blefaroplastia busca la eliminaci\u00f3n de las bolsas grasas. Esto puede realizarse resecando el exceso de grasa o bien redistribuyendo el tejido graso. En este caso, la cirug\u00eda se realiza por v\u00eda transconjuntival, lo que significa que no hay incisi\u00f3n en la piel ni cicatriz visible. Para mejorar la textura de la piel de los p\u00e1rpados inferiores se puede asociar un peeling qu\u00edmico en el mismo acto quir\u00fargico.<\/span><br><p style=\"margin-bottom: 0px; padding-bottom: 25px; font-variant-ligatures: normal; font-variant-caps: normal; font-family: Raleway, Arial, serif; font-size: 16px; font-style: normal; font-weight: 300; caret-color: #666666; color: #666666; text-size-adjust: auto;\"><span style=\"font-size: 18pt;\">\u00bfPorqu\u00e9 un cirujano oculopl\u00e1stica?<\/span><\/p><br>La compleja anatom\u00eda palpebral y su relaci\u00f3n con una adecuada salud ocular hace fundamental que sea un oftalm\u00f3logo especializado en cirug\u00eda oculopl\u00e1stica quien realice estas intervenciones. La familiaridad con el globo ocular y sus estructuras anexas es fundamental para poder realizar estas cirug\u00edas de forma correcta y sobre todo segura.<br><p style=\"margin-bottom: 0px; padding-bottom: 25px; color: #666666; font-family: Raleway, Arial, serif; font-size: 16px; font-style: normal; font-variant-ligatures: normal; font-variant-caps: normal; font-weight: 300;\"><span style=\"font-size: 18pt; text-align: justify; caret-color: #666666;\">Intervenci\u00f3n y postoperatorio<\/span><\/p><br>Tanto la blefaroplastia superior como la inferior se realizan con anestesia local y pueden realizarse a la vez. Esta cirug\u00eda no requiere ingreso. En casos seleccionados y por motivos m\u00e9dicos puede realizarse con anestesia general. Tras la intervenci\u00f3n, los ojos estar\u00e1n destapados. Es normal encontrar hinchaz\u00f3n y, en ocasiones, peque\u00f1os hematomas despu\u00e9s de la intervenci\u00f3n, sobre todo durante la primera semana. Es importante evitar esfuerzos f\u00edsicos durante una semana y aplicar fr\u00edo local varias veces al d\u00eda durante los tres primeros d\u00edas. Si se han utilizado puntos de sutura, se retiran entre 4 y 7 d\u00edas despu\u00e9s de la intervenci\u00f3n.\t\t\t\t\t\t\t\t<\/div>\n\t\t\t\t<\/div>\n\t\t\t\t\t<\/div>\n\t\t<\/div>\n\t\t\t\t\t<\/div>\n\t\t<\/section>\n\t\t\t\t<\/div>\n\t\t","protected":false},"excerpt":{"rendered":"<p>BLEFAROPLASTIA Los p\u00e1rpados son una parte fundamental de la expresi\u00f3n facial y centran gran parte de nuestra atenci\u00f3n durante la interacci\u00f3n social. Las coloquialmente denominadas &#8216;bolsas&#8217; que aparecen con la edad, nos dan un aspecto de envejecimiento prematuro o de poco descansados \u200b\u200bque hoy en d\u00eda puede mejorarse enormemente de forma segura. La cirug\u00eda cosm\u00e9tica [&hellip;]<\/p>\n","protected":false},"author":1,"featured_media":0,"parent":0,"menu_order":0,"comment_status":"closed","ping_status":"closed","template":"","meta":{"footnotes":""},"class_list":["post-263","page","type-page","status-publish","hentry","entry"],"_links":{"self":[{"href":"https:\/\/institutbadal.com\/es\/wp-json\/wp\/v2\/pages\/263","targetHints":{"allow":["GET"]}}],"collection":[{"href":"https:\/\/institutbadal.com\/es\/wp-json\/wp\/v2\/pages"}],"about":[{"href":"https:\/\/institutbadal.com\/es\/wp-json\/wp\/v2\/types\/page"}],"author":[{"embeddable":true,"href":"https:\/\/institutbadal.com\/es\/wp-json\/wp\/v2\/users\/1"}],"replies":[{"embeddable":true,"href":"https:\/\/institutbadal.com\/es\/wp-json\/wp\/v2\/comments?post=263"}],"version-history":[{"count":7,"href":"https:\/\/institutbadal.com\/es\/wp-json\/wp\/v2\/pages\/263\/revisions"}],"predecessor-version":[{"id":1819,"href":"https:\/\/institutbadal.com\/es\/wp-json\/wp\/v2\/pages\/263\/revisions\/1819"}],"wp:attachment":[{"href":"https:\/\/institutbadal.com\/es\/wp-json\/wp\/v2\/media?parent=263"}],"curies":[{"name":"wp","href":"https:\/\/api.w.org\/{rel}","templated":true}]}}