{"id":265,"date":"2019-10-30T20:51:38","date_gmt":"2019-10-30T20:51:38","guid":{"rendered":"https:\/\/institutbadal.com\/blog\/"},"modified":"2021-06-22T16:20:27","modified_gmt":"2021-06-22T16:20:27","slug":"blog","status":"publish","type":"page","link":"https:\/\/institutbadal.com\/es\/blog\/","title":{"rendered":"blog"},"content":{"rendered":"<p><strong>BLOG<\/strong><\/p>\n<p><strong><a style=\"color: #000000;\" href=\"https:\/\/lawebdelmarketing.com\/wp-content\/uploads\/2019\/10\/doctor-badal-diario-congreso.pdf\" target=\"_blank\" rel=\"noopener\">ENTREVISTA CON EL DR. JOSEP BADAL<\/a><\/strong><\/p>\n<p>La Angio-OCT aporta informaci\u00f3n muy v\u00e1lida que hasta ahora no \u00e9ramos capaces de obtener con tanta resoluci\u00f3n.<\/p>\n<p><a href=\"https:\/\/institutbadal.com\/wp-content\/uploads\/2019\/10\/doctor-badal-diario-congreso.pdf\" target=\"_blank\" rel=\"noopener\">Descargar art\u00edculo<\/a><\/p>\n<p><strong>ART\u00cdCULO DIARIO Regi\u00f37 SOBRE EL GLAUCOMA<\/strong><\/p>\n<p>Las revisiones son muy importantes para detectar enfermedades como el glaucoma.<\/p>\n<p><a href=\"https:\/\/institutbadal.com\/wp-content\/uploads\/2020\/03\/pagina-9-SALUT-novembre.pdf\" target=\"_blank\" rel=\"noopener\">Descargar art\u00edculo<\/a><\/p>\n<p><strong>ART\u00cdCULO DIARIO\u00a0Regi\u00f37\u00a0sobre\u00a0TERAPIA\u00a0VISUAL<\/strong><\/p>\n<p>El procedimiento consiste en sesiones en el consultorio del optometrista y ejercicios para cada paciente despu\u00e9s de un estudio optom\u00e9trico completo.<\/p>\n<p><a href=\"https:\/\/institutbadal.com\/wp-content\/uploads\/2020\/03\/TERAPIA-VISUAL.pdf\" target=\"_blank\" rel=\"noopener\">Descargar art\u00edculo<\/a><\/p>\n<p><strong>ART\u00cdCULO DIARIO\u00a0Regi\u00f37\u00a0sobre PATOLOG\u00cdA DE LA RETINA,\u00a0DMAE<\/strong><\/p>\n<p>Es una enfermedad degenerativa de la macula o retina que afecta la visi\u00f3n central, necesaria para actividades como la lectura o la conducci\u00f3n.\u00a0<\/p>\n<p><a href=\"https:\/\/institutbadal.com\/wp-content\/uploads\/2020\/03\/DMAE-PATOLOGIA-DEL-GLAUCOMA.pdf\" target=\"_blank\" rel=\"noopener\">Descargar art\u00edculo<\/a><\/p>\n<p><strong>ART\u00cdCULO DIARIO\u00a0Regi\u00f37\u00a0SOBRE S\u00cdNDROME DEL OJO SECO<\/strong><\/p>\n<p>Su prevalencia oscila entre el 10 y el 20% de la poblaci\u00f3n, aunque en las poblaciones orientales puede elevarse hasta el 33%.<\/p>\n<p><a href=\"https:\/\/institutbadal.com\/wp-content\/uploads\/2020\/03\/SINDROME-DE-LULL-SEC.pdf\" target=\"_blank\" rel=\"noopener\">Descargar art\u00edculo<\/a><\/p>\n<p><strong>ART\u00cdCULO DIARIO Regi\u00f37 sobre EL CRECIMIENTO DEL N\u00daMERO DE PERSONAS CON MIOP\u00cdA.<\/strong><\/p>\n<p>Se estima que en los pr\u00f3ximos a\u00f1os la miop\u00eda continuar\u00e1 creciendo. Hay un punto, que 1 de cada 2 ni\u00f1os a los pa\u00edses europeos ser\u00e1 miope.<\/p>\n<p><a href=\"https:\/\/institutbadal.com\/wp-content\/uploads\/2020\/03\/CREIX-EL-NOMBRE-DE-MIOPIA.pdf\" target=\"_blank\" rel=\"noopener\">Descargar art\u00edculo<\/a><\/p>\n<p><strong>ART\u00cdCULO DIARIO\u00a0Regi\u00f37\u00a0SOBRE\u00a0TERAPIA\u00a0VISUAL PARA MEJORAR LA INSUFICIENCIA DE CONVERG\u00c8NCIA<\/strong><br \/>Se una de las\u00a0causas\u00a0m\u00e1s comunes de malestar visual.<\/p>\n<p><a href=\"https:\/\/www.regio7.cat\/salut\/2020\/06\/29\/terapia-visual-per-millorar-convergencia-49988474.html\" target=\"_blank\" rel=\"noopener\">Descargar art\u00edculo<\/a><\/p>\n<p><strong>ART\u00cdCULO DIARIO\u00a0Regi\u00f37\u00a0sobre PREVENCI\u00d3N OCULAR DURANTE LA\u00a0PANDEMIA\u00a0DE CORONAVIRUS<\/strong><br \/>Tenemos h\u00e1bitos de vida rutinarios que ahora tenemos que modificar. El Dr. Badal lo explica en este art\u00edculo.\u00a0<\/p>\n<p><a href=\"https:\/\/www.regio7.cat\/salut\/2020\/03\/30\/prevencio-ocular-durant-pandemia-coronavirus-50007335.html\" target=\"_blank\" rel=\"noopener\">Descargar art\u00edculo<\/a><\/p>\n","protected":false},"excerpt":{"rendered":"<p>BLOG ENTREVISTA CON EL DR. JOSEP BADAL La Angio-OCT aporta informaci\u00f3n muy v\u00e1lida que hasta ahora no \u00e9ramos capaces de obtener con tanta resoluci\u00f3n. Descargar art\u00edculo ART\u00cdCULO DIARIO Regi\u00f37 SOBRE EL GLAUCOMA Las revisiones son muy importantes para detectar enfermedades como el glaucoma. Descargar art\u00edculo ART\u00cdCULO DIARIO\u00a0Regi\u00f37\u00a0sobre\u00a0TERAPIA\u00a0VISUAL El procedimiento consiste en sesiones en el consultorio [&hellip;]<\/p>\n","protected":false},"author":1,"featured_media":0,"parent":0,"menu_order":0,"comment_status":"closed","ping_status":"closed","template":"","meta":{"footnotes":""},"class_list":["post-265","page","type-page","status-publish","hentry","entry"],"_links":{"self":[{"href":"https:\/\/institutbadal.com\/es\/wp-json\/wp\/v2\/pages\/265","targetHints":{"allow":["GET"]}}],"collection":[{"href":"https:\/\/institutbadal.com\/es\/wp-json\/wp\/v2\/pages"}],"about":[{"href":"https:\/\/institutbadal.com\/es\/wp-json\/wp\/v2\/types\/page"}],"author":[{"embeddable":true,"href":"https:\/\/institutbadal.com\/es\/wp-json\/wp\/v2\/users\/1"}],"replies":[{"embeddable":true,"href":"https:\/\/institutbadal.com\/es\/wp-json\/wp\/v2\/comments?post=265"}],"version-history":[{"count":81,"href":"https:\/\/institutbadal.com\/es\/wp-json\/wp\/v2\/pages\/265\/revisions"}],"predecessor-version":[{"id":1486,"href":"https:\/\/institutbadal.com\/es\/wp-json\/wp\/v2\/pages\/265\/revisions\/1486"}],"wp:attachment":[{"href":"https:\/\/institutbadal.com\/es\/wp-json\/wp\/v2\/media?parent=265"}],"curies":[{"name":"wp","href":"https:\/\/api.w.org\/{rel}","templated":true}]}}