{"id":269,"date":"2019-10-30T20:57:59","date_gmt":"2019-10-30T20:57:59","guid":{"rendered":"https:\/\/institutbadal.com\/cirugia-plastica-ocular-y-via-lagrimal\/"},"modified":"2025-09-11T18:26:31","modified_gmt":"2025-09-11T18:26:31","slug":"cirugia-plastica-ocular-y-via-lagrimal","status":"publish","type":"page","link":"https:\/\/institutbadal.com\/es\/cirugia-plastica-ocular-y-via-lagrimal\/","title":{"rendered":"CIRUG\u00cdA PL\u00c1STICA OCULAR Y V\u00cdA LAGRIMAL"},"content":{"rendered":"\t\t<div data-elementor-type=\"wp-page\" data-elementor-id=\"269\" class=\"elementor elementor-269 elementor-139\">\n\t\t\t\t\t\t<section class=\"elementor-section elementor-top-section elementor-element elementor-element-4a83310 elementor-section-boxed elementor-section-height-default elementor-section-height-default\" data-id=\"4a83310\" data-element_type=\"section\">\n\t\t\t\t\t\t<div class=\"elementor-container elementor-column-gap-default\">\n\t\t\t\t\t<div class=\"elementor-column elementor-col-100 elementor-top-column elementor-element elementor-element-b2d39b5\" data-id=\"b2d39b5\" data-element_type=\"column\">\n\t\t\t<div class=\"elementor-widget-wrap elementor-element-populated\">\n\t\t\t\t\t\t<div class=\"elementor-element elementor-element-95a572d elementor-widget elementor-widget-text-editor\" data-id=\"95a572d\" data-element_type=\"widget\" data-widget_type=\"text-editor.default\">\n\t\t\t\t<div class=\"elementor-widget-container\">\n\t\t\t\t\t\t\t\t\t<h2 style=\"margin: 0px 0px 60px; font-family: Raleway, Arial, serif !important; font-weight: 800; line-height: 48px; color: inherit; text-rendering: optimizeLegibility; font-size: 48px; text-transform: uppercase;\">CIRUGIA PL\u00c1STICA OCULAR Y V\u00cdA LAGRIMAL<\/h2>\n\t\t\t\t\t\t\t\t<\/div>\n\t\t\t\t<\/div>\n\t\t\t\t\t<\/div>\n\t\t<\/div>\n\t\t\t\t\t<\/div>\n\t\t<\/section>\n\t\t\t\t<section class=\"elementor-section elementor-top-section elementor-element elementor-element-741e067 elementor-section-boxed elementor-section-height-default elementor-section-height-default\" data-id=\"741e067\" data-element_type=\"section\">\n\t\t\t\t\t\t<div class=\"elementor-container elementor-column-gap-default\">\n\t\t\t\t\t<div class=\"elementor-column elementor-col-50 elementor-top-column elementor-element elementor-element-e09d8b3\" data-id=\"e09d8b3\" data-element_type=\"column\">\n\t\t\t<div class=\"elementor-widget-wrap elementor-element-populated\">\n\t\t\t\t\t\t<div class=\"elementor-element elementor-element-deeaeb9 elementor-widget elementor-widget-image-carousel\" data-id=\"deeaeb9\" data-element_type=\"widget\" data-settings=\"{&quot;slides_to_show&quot;:&quot;1&quot;,&quot;navigation&quot;:&quot;none&quot;,&quot;autoplay_speed&quot;:3000,&quot;effect&quot;:&quot;fade&quot;,&quot;autoplay&quot;:&quot;yes&quot;,&quot;pause_on_hover&quot;:&quot;yes&quot;,&quot;pause_on_interaction&quot;:&quot;yes&quot;,&quot;infinite&quot;:&quot;yes&quot;,&quot;speed&quot;:500}\" data-widget_type=\"image-carousel.default\">\n\t\t\t\t<div class=\"elementor-widget-container\">\n\t\t\t\t\t\t\t<div class=\"elementor-image-carousel-wrapper swiper\" role=\"region\" aria-roledescription=\"carousel\" aria-label=\"Carrusel d&#039;imatges\" dir=\"ltr\">\n\t\t\t<div class=\"elementor-image-carousel swiper-wrapper\" aria-live=\"off\">\n\t\t\t\t\t\t\t\t<div class=\"swiper-slide\" role=\"group\" aria-roledescription=\"slide\" aria-label=\"1 de 6\"><figure class=\"swiper-slide-inner\"><img decoding=\"async\" class=\"swiper-slide-image\" src=\"https:\/\/institutbadal.com\/wp-content\/uploads\/parpelles1.png\" alt=\"parpelles1\" \/><\/figure><\/div><div class=\"swiper-slide\" role=\"group\" aria-roledescription=\"slide\" aria-label=\"2 de 6\"><figure class=\"swiper-slide-inner\"><img decoding=\"async\" class=\"swiper-slide-image\" src=\"https:\/\/institutbadal.com\/wp-content\/uploads\/parpelles2.png\" alt=\"parpelles2\" \/><\/figure><\/div><div class=\"swiper-slide\" role=\"group\" aria-roledescription=\"slide\" aria-label=\"3 de 6\"><figure class=\"swiper-slide-inner\"><img decoding=\"async\" class=\"swiper-slide-image\" src=\"https:\/\/institutbadal.com\/wp-content\/uploads\/parpelles3.png\" alt=\"parpelles3\" \/><\/figure><\/div><div class=\"swiper-slide\" role=\"group\" aria-roledescription=\"slide\" aria-label=\"4 de 6\"><figure class=\"swiper-slide-inner\"><img decoding=\"async\" class=\"swiper-slide-image\" src=\"https:\/\/institutbadal.com\/wp-content\/uploads\/parpelles4.png\" alt=\"parpelles4\" \/><\/figure><\/div><div class=\"swiper-slide\" role=\"group\" aria-roledescription=\"slide\" aria-label=\"5 de 6\"><figure class=\"swiper-slide-inner\"><img decoding=\"async\" class=\"swiper-slide-image\" src=\"https:\/\/institutbadal.com\/wp-content\/uploads\/parpelles5.png\" alt=\"parpelles5\" \/><\/figure><\/div><div class=\"swiper-slide\" role=\"group\" aria-roledescription=\"slide\" aria-label=\"6 de 6\"><figure class=\"swiper-slide-inner\"><img decoding=\"async\" class=\"swiper-slide-image\" src=\"https:\/\/institutbadal.com\/wp-content\/uploads\/parpelles6.png\" alt=\"parpelles6\" \/><\/figure><\/div>\t\t\t<\/div>\n\t\t\t\t\t\t\t\n\t\t\t\t\t\t\t\t\t<\/div>\n\t\t\t\t\t\t<\/div>\n\t\t\t\t<\/div>\n\t\t\t\t\t<\/div>\n\t\t<\/div>\n\t\t\t\t<div class=\"elementor-column elementor-col-50 elementor-top-column elementor-element elementor-element-a83c049\" data-id=\"a83c049\" data-element_type=\"column\">\n\t\t\t<div class=\"elementor-widget-wrap elementor-element-populated\">\n\t\t\t\t\t\t<div class=\"elementor-element elementor-element-a730db7 elementor-widget elementor-widget-text-editor\" data-id=\"a730db7\" data-element_type=\"widget\" data-widget_type=\"text-editor.default\">\n\t\t\t\t<div class=\"elementor-widget-container\">\n\t\t\t\t\t\t\t\t\t<p style=\"margin-bottom: 0px; padding-bottom: 25px; color: #666666; font-family: Raleway, Arial, serif; font-size: 16px; font-style: normal; font-variant-ligatures: normal; font-variant-caps: normal; font-weight: 300; text-align: justify;\">La Cirug\u00eda Oculopl\u00e1stica es la subespecialidad de la oftalmolog\u00eda que trata los problemas de los p\u00e1rpados, la \u00f3rbita y la v\u00eda lagrimal. Esto incluye las malposiciones palpebrales como el p\u00e1rpado ca\u00eddo, tumores, reconstrucciones, problemas de lagrimeo y muchas otras patolog\u00edas. Adem\u00e1s, la Cirug\u00eda Oculopl\u00e1stica engloba una gran variedad de tratamientos rejuvenecedores faciales, sean quir\u00fargicos como la blefaroplastia o m\u00e9dicos como la Toxina Botul\u00ednica Tipo A y el \u00e1cido hialur\u00f3nico.<\/p><br><p style=\"margin-bottom: 0px; padding-bottom: 25px; color: #666666; font-family: Raleway, Arial, serif; font-size: 16px; font-style: normal; font-variant-ligatures: normal; font-variant-caps: normal; font-weight: 300; text-align: justify;\">La compleja anatom\u00eda de los p\u00e1rpados y su \u00edntima relaci\u00f3n con el ojo, hace fundamental que sea un oftalm\u00f3logo especializado en Cirug\u00eda Oculopl\u00e1stica quien trate estos problemas. Adem\u00e1s, la familiaridad con el globo ocular y sus estructuras anejas es esencial para poder realizar cirug\u00eda cosm\u00e9tica periocular de forma correcta y segura.<\/p>\t\t\t\t\t\t\t\t<\/div>\n\t\t\t\t<\/div>\n\t\t\t\t\t<\/div>\n\t\t<\/div>\n\t\t\t\t\t<\/div>\n\t\t<\/section>\n\t\t\t\t<section class=\"elementor-section elementor-top-section elementor-element elementor-element-0b8dc1c elementor-section-boxed elementor-section-height-default elementor-section-height-default\" data-id=\"0b8dc1c\" data-element_type=\"section\">\n\t\t\t\t\t\t<div class=\"elementor-container elementor-column-gap-default\">\n\t\t\t\t\t<div class=\"elementor-column elementor-col-100 elementor-top-column elementor-element elementor-element-1390601\" data-id=\"1390601\" data-element_type=\"column\">\n\t\t\t<div class=\"elementor-widget-wrap elementor-element-populated\">\n\t\t\t\t\t\t<div class=\"elementor-element elementor-element-65d2013 elementor-widget elementor-widget-text-editor\" data-id=\"65d2013\" data-element_type=\"widget\" data-widget_type=\"text-editor.default\">\n\t\t\t\t<div class=\"elementor-widget-container\">\n\t\t\t\t\t\t\t\t\t<p style=\"margin-bottom: 0px; padding-bottom: 25px; color: #666666; font-family: Raleway, Arial, serif; font-size: 16px; font-style: normal; font-variant-ligatures: normal; font-variant-caps: normal; font-weight: 300;\"><span style=\"font-size: 18pt;\">La v\u00eda lagrimal normal\r\n<\/span><\/p><br><p style=\"margin-bottom: 0px; padding-bottom: 25px; color: #666666; font-family: Raleway, Arial, serif; font-size: 16px; font-style: normal; font-variant-ligatures: normal; font-variant-caps: normal; font-weight: 300; text-align: justify;\">La v\u00eda de drenaje normal de las l\u00e1grimas se origina en el canto interno de la hendidura palpebral, cerca de la nariz. De all\u00ed parten dos peque\u00f1os conductos llamados canal\u00edculos lagrimales. \u00c9stos se originan en el p\u00e1rpado superior e inferior y drenan en el saco lagrimal. El saco lagrimal drena directamente a la nariz a trav\u00e9s del conducto lacrimonasal. En condiciones normales, el volumen de l\u00e1grimas es imperceptible en la nariz ya que \u00e9stas se reabsorben ayudadas por el cont\u00ednuo paso de aire. Cuando lloramos, en cambio, el incremento en el volumen de l\u00e1grimas se percibe como mucosidad nasal.<\/p><br><p style=\"margin-bottom: 0px; padding-bottom: 25px; color: #666666; font-family: Raleway, Arial, serif; font-size: 16px; font-style: normal; font-variant-ligatures: normal; font-variant-caps: normal; font-weight: 300; text-align: justify;\">Los reci\u00e9n nacidos pueden presentar en ocasiones una obstrucci\u00f3n baja del conducto lacrimonasal. Esto se debe a una inmadurez del sistema que en la mayor\u00eda de casos se soluciona espont\u00e1neamente antes del a\u00f1o de edad.<\/p><br><p style=\"margin-bottom: 0px; padding-bottom: 25px; color: #666666; font-family: Raleway, Arial, serif; font-size: 16px; font-style: normal; font-variant-ligatures: normal; font-variant-caps: normal; font-weight: 300; text-align: justify;\">En adultos, la afecci\u00f3n m\u00e1s com\u00fan del sistema lagrimal ocurre a nivel del conducto lacrimonasal. Por causas que se desconocen, el conducto se estrecha con la edad y puede llegar a cerrarse completamente. Esto ocurre m\u00e1s frecuentemente en mujeres por encima de los 50 a\u00f1os de edad. La estenosis del conducto lacrimonasal, adem\u00e1s del lagrimeo, hace que el saco lagrimal sea m\u00e1s propenso a la infecci\u00f3n. \u00c9sta se denomina dacriocistitis y se caracteriza por dolor, enrojecimiento y en ocasiones absceso en la zona del saco lagrimal.<\/p><br><p style=\"margin-bottom: 0px; padding-bottom: 25px; color: #666666; font-family: Raleway, Arial, serif; font-size: 16px; font-style: normal; font-variant-ligatures: normal; font-variant-caps: normal; font-weight: 300; text-align: justify;\">La obstrucci\u00f3n del conducto lacrimonasal s\u00f3lo tiene tratamiento quir\u00fargico y se denomina dacriocistorrinostom\u00eda. Esto significa crear una nueva v\u00eda para las l\u00e1grimas que va desde el saco lagrimal hasta la nariz, evitando el conducto lacrimonasal obstruido. Se trata de una cirug\u00eda ambulatoria que en la gran mayor\u00eda de casos se realiza bajo anestesia local con sedaci\u00f3n.<\/p>\t\t\t\t\t\t\t\t<\/div>\n\t\t\t\t<\/div>\n\t\t\t\t\t<\/div>\n\t\t<\/div>\n\t\t\t\t\t<\/div>\n\t\t<\/section>\n\t\t\t\t<\/div>\n\t\t","protected":false},"excerpt":{"rendered":"<p>CIRUGIA PL\u00c1STICA OCULAR Y V\u00cdA LAGRIMAL La Cirug\u00eda Oculopl\u00e1stica es la subespecialidad de la oftalmolog\u00eda que trata los problemas de los p\u00e1rpados, la \u00f3rbita y la v\u00eda lagrimal. Esto incluye las malposiciones palpebrales como el p\u00e1rpado ca\u00eddo, tumores, reconstrucciones, problemas de lagrimeo y muchas otras patolog\u00edas. Adem\u00e1s, la Cirug\u00eda Oculopl\u00e1stica engloba una gran variedad de [&hellip;]<\/p>\n","protected":false},"author":1,"featured_media":0,"parent":0,"menu_order":0,"comment_status":"closed","ping_status":"closed","template":"","meta":{"footnotes":""},"class_list":["post-269","page","type-page","status-publish","hentry","entry"],"_links":{"self":[{"href":"https:\/\/institutbadal.com\/es\/wp-json\/wp\/v2\/pages\/269","targetHints":{"allow":["GET"]}}],"collection":[{"href":"https:\/\/institutbadal.com\/es\/wp-json\/wp\/v2\/pages"}],"about":[{"href":"https:\/\/institutbadal.com\/es\/wp-json\/wp\/v2\/types\/page"}],"author":[{"embeddable":true,"href":"https:\/\/institutbadal.com\/es\/wp-json\/wp\/v2\/users\/1"}],"replies":[{"embeddable":true,"href":"https:\/\/institutbadal.com\/es\/wp-json\/wp\/v2\/comments?post=269"}],"version-history":[{"count":11,"href":"https:\/\/institutbadal.com\/es\/wp-json\/wp\/v2\/pages\/269\/revisions"}],"predecessor-version":[{"id":1822,"href":"https:\/\/institutbadal.com\/es\/wp-json\/wp\/v2\/pages\/269\/revisions\/1822"}],"wp:attachment":[{"href":"https:\/\/institutbadal.com\/es\/wp-json\/wp\/v2\/media?parent=269"}],"curies":[{"name":"wp","href":"https:\/\/api.w.org\/{rel}","templated":true}]}}