{"id":271,"date":"2019-10-30T21:02:22","date_gmt":"2019-10-30T21:02:22","guid":{"rendered":"https:\/\/institutbadal.com\/cirurgia-refractiva\/"},"modified":"2025-09-11T18:26:38","modified_gmt":"2025-09-11T18:26:38","slug":"cirugia-refractiva","status":"publish","type":"page","link":"https:\/\/institutbadal.com\/es\/cirugia-refractiva\/","title":{"rendered":"CIRUG\u00cdA REFRACTIVA"},"content":{"rendered":"\t\t<div data-elementor-type=\"wp-page\" data-elementor-id=\"271\" class=\"elementor elementor-271 elementor-142\">\n\t\t\t\t\t\t<section class=\"elementor-section elementor-top-section elementor-element elementor-element-4a83310 elementor-section-boxed elementor-section-height-default elementor-section-height-default\" data-id=\"4a83310\" data-element_type=\"section\">\n\t\t\t\t\t\t<div class=\"elementor-container elementor-column-gap-default\">\n\t\t\t\t\t<div class=\"elementor-column elementor-col-100 elementor-top-column elementor-element elementor-element-b2d39b5\" data-id=\"b2d39b5\" data-element_type=\"column\">\n\t\t\t<div class=\"elementor-widget-wrap elementor-element-populated\">\n\t\t\t\t\t\t<div class=\"elementor-element elementor-element-95a572d elementor-widget elementor-widget-text-editor\" data-id=\"95a572d\" data-element_type=\"widget\" data-widget_type=\"text-editor.default\">\n\t\t\t\t<div class=\"elementor-widget-container\">\n\t\t\t\t\t\t\t\t\t<h2 style=\"margin: 0px 0px 60px; font-family: Raleway, Arial, serif !important; font-weight: 800; line-height: 48px; color: inherit; text-rendering: optimizeLegibility; font-size: 48px; text-transform: uppercase;\">CIRURG\u00cdA REFRACTIVA<\/h2>\n\t\t\t\t\t\t\t\t<\/div>\n\t\t\t\t<\/div>\n\t\t\t\t\t<\/div>\n\t\t<\/div>\n\t\t\t\t\t<\/div>\n\t\t<\/section>\n\t\t\t\t<section class=\"elementor-section elementor-top-section elementor-element elementor-element-741e067 elementor-section-boxed elementor-section-height-default elementor-section-height-default elementor-invisible\" data-id=\"741e067\" data-element_type=\"section\" data-settings=\"{&quot;animation&quot;:&quot;fadeIn&quot;}\">\n\t\t\t\t\t\t<div class=\"elementor-container elementor-column-gap-default\">\n\t\t\t\t\t<div class=\"elementor-column elementor-col-50 elementor-top-column elementor-element elementor-element-e09d8b3\" data-id=\"e09d8b3\" data-element_type=\"column\">\n\t\t\t<div class=\"elementor-widget-wrap elementor-element-populated\">\n\t\t\t\t\t\t<div class=\"elementor-element elementor-element-843ebd3 elementor-widget elementor-widget-image-carousel\" data-id=\"843ebd3\" data-element_type=\"widget\" data-settings=\"{&quot;slides_to_show&quot;:&quot;1&quot;,&quot;navigation&quot;:&quot;none&quot;,&quot;autoplay_speed&quot;:3000,&quot;effect&quot;:&quot;fade&quot;,&quot;autoplay&quot;:&quot;yes&quot;,&quot;pause_on_hover&quot;:&quot;yes&quot;,&quot;pause_on_interaction&quot;:&quot;yes&quot;,&quot;infinite&quot;:&quot;yes&quot;,&quot;speed&quot;:500}\" data-widget_type=\"image-carousel.default\">\n\t\t\t\t<div class=\"elementor-widget-container\">\n\t\t\t\t\t\t\t<div class=\"elementor-image-carousel-wrapper swiper\" role=\"region\" aria-roledescription=\"carousel\" aria-label=\"Carrusel d&#039;imatges\" dir=\"ltr\">\n\t\t\t<div class=\"elementor-image-carousel swiper-wrapper\" aria-live=\"off\">\n\t\t\t\t\t\t\t\t<div class=\"swiper-slide\" role=\"group\" aria-roledescription=\"slide\" aria-label=\"1 de 5\"><figure class=\"swiper-slide-inner\"><img decoding=\"async\" class=\"swiper-slide-image\" src=\"https:\/\/institutbadal.com\/wp-content\/uploads\/refractiva1.png\" alt=\"refractiva1\" \/><\/figure><\/div><div class=\"swiper-slide\" role=\"group\" aria-roledescription=\"slide\" aria-label=\"2 de 5\"><figure class=\"swiper-slide-inner\"><img decoding=\"async\" class=\"swiper-slide-image\" src=\"https:\/\/institutbadal.com\/wp-content\/uploads\/refractiva4.png\" alt=\"refractiva4\" \/><\/figure><\/div><div class=\"swiper-slide\" role=\"group\" aria-roledescription=\"slide\" aria-label=\"3 de 5\"><figure class=\"swiper-slide-inner\"><img decoding=\"async\" class=\"swiper-slide-image\" src=\"https:\/\/institutbadal.com\/wp-content\/uploads\/refractiva3.png\" alt=\"refractiva3\" \/><\/figure><\/div><div class=\"swiper-slide\" role=\"group\" aria-roledescription=\"slide\" aria-label=\"4 de 5\"><figure class=\"swiper-slide-inner\"><img decoding=\"async\" class=\"swiper-slide-image\" src=\"https:\/\/institutbadal.com\/wp-content\/uploads\/refractiva2.png\" alt=\"refractiva2\" \/><\/figure><\/div><div class=\"swiper-slide\" role=\"group\" aria-roledescription=\"slide\" aria-label=\"5 de 5\"><figure class=\"swiper-slide-inner\"><img decoding=\"async\" class=\"swiper-slide-image\" src=\"https:\/\/institutbadal.com\/wp-content\/uploads\/refractiva5.png\" alt=\"refractiva5\" \/><\/figure><\/div>\t\t\t<\/div>\n\t\t\t\t\t\t\t\n\t\t\t\t\t\t\t\t\t<\/div>\n\t\t\t\t\t\t<\/div>\n\t\t\t\t<\/div>\n\t\t\t\t\t<\/div>\n\t\t<\/div>\n\t\t\t\t<div class=\"elementor-column elementor-col-50 elementor-top-column elementor-element elementor-element-a83c049\" data-id=\"a83c049\" data-element_type=\"column\">\n\t\t\t<div class=\"elementor-widget-wrap elementor-element-populated\">\n\t\t\t\t\t\t<div class=\"elementor-element elementor-element-65d2013 elementor-widget elementor-widget-text-editor\" data-id=\"65d2013\" data-element_type=\"widget\" data-widget_type=\"text-editor.default\">\n\t\t\t\t<div class=\"elementor-widget-container\">\n\t\t\t\t\t\t\t\t\t<p style=\"margin-bottom: 0px; padding-bottom: 25px; color: #666666; font-family: Raleway, Arial, serif; font-size: 16px; font-style: normal; font-variant-ligatures: normal; font-variant-caps: normal; font-weight: 300;\"><span style=\"caret-color: #666666; font-family: Raleway, Arial, serif; font-size: 24px; font-style: normal; font-variant-caps: normal; font-weight: 300; text-align: justify; text-size-adjust: auto;\">Cirurgia refractiva: el adi\u00f3s a las gafas y lentes de contacto<\/span><span style=\"font-size: 18pt;\">\r\n<\/span><\/p><br><p style=\"margin-bottom: 0px; padding-bottom: 25px; color: #666666; font-family: Raleway, Arial, serif; font-size: 16px; font-style: normal; font-variant-ligatures: normal; font-variant-caps: normal; font-weight: 300; text-align: justify;\"><span style=\"font-family: Raleway, Arial, serif; font-size: 16px; font-style: normal; font-variant-caps: normal; font-weight: 300; caret-color: #666666;\">La cirug\u00eda refractiva es un conjunto de procedimientos quir\u00fargicos que modifican la anatom\u00eda del ojo, eliminando definitivamente los defectos refractivos de la miop\u00eda, hipermetrop\u00eda y astigmatismo para que no sea necesario el uso de gafas o lentes de contacto.\r\n<\/span><\/p>\t\t\t\t\t\t\t\t<\/div>\n\t\t\t\t<\/div>\n\t\t\t\t\t<\/div>\n\t\t<\/div>\n\t\t\t\t\t<\/div>\n\t\t<\/section>\n\t\t\t\t<section class=\"elementor-section elementor-top-section elementor-element elementor-element-0b8dc1c elementor-section-boxed elementor-section-height-default elementor-section-height-default elementor-invisible\" data-id=\"0b8dc1c\" data-element_type=\"section\" data-settings=\"{&quot;animation&quot;:&quot;fadeIn&quot;}\">\n\t\t\t\t\t\t<div class=\"elementor-container elementor-column-gap-default\">\n\t\t\t\t\t<div class=\"elementor-column elementor-col-100 elementor-top-column elementor-element elementor-element-1390601\" data-id=\"1390601\" data-element_type=\"column\">\n\t\t\t<div class=\"elementor-widget-wrap elementor-element-populated\">\n\t\t\t\t\t\t<div class=\"elementor-element elementor-element-636b6e4 elementor-invisible elementor-widget elementor-widget-text-editor\" data-id=\"636b6e4\" data-element_type=\"widget\" data-settings=\"{&quot;_animation&quot;:&quot;fadeIn&quot;}\" data-widget_type=\"text-editor.default\">\n\t\t\t\t<div class=\"elementor-widget-container\">\n\t\t\t\t\t\t\t\t\t<p style=\"margin-bottom: 0px; padding-bottom: 25px; color: #666666; font-family: Raleway, Arial, serif; font-size: 16px; font-style: normal; font-variant-ligatures: normal; font-variant-caps: normal; font-weight: 300;\"><span style=\"caret-color: #666666; font-family: Raleway, Arial, serif; font-size: 24px; font-style: normal; font-variant-caps: normal; font-weight: 300; text-align: justify; text-size-adjust: auto;\">\u00bfQu\u00e9 es la miop\u00eda?<\/span><span style=\"font-size: 18pt;\">\r\n<\/span><\/p><br><p style=\"margin-bottom: 0px; padding-bottom: 25px; color: #666666; font-family: Raleway, Arial, serif; font-size: 16px; font-style: normal; font-variant-ligatures: normal; font-variant-caps: normal; font-weight: 300; text-align: justify;\"><span style=\"caret-color: #666666; font-family: Raleway, Arial, serif; font-size: 16px; font-style: normal; font-variant-caps: normal; font-weight: 300; text-size-adjust: auto;\">La miop\u00eda es un error de enfoque visual que causa dificultad para ver los objetos lejanos, mientras que los objetos cercanos son percibidos sin ning\u00fan tipo de problema. Los pacientes miopes suelen tener los ojos m\u00e1s grandes, debido a que la longitud axial del ojo es m\u00e1s grande de lo normal. Como consecuencia de esta caracter\u00edstica, la imagen no se enfoca en la retina, sino en un punto por delante de ella, lo que se traduce en una percepci\u00f3n borrosa de la imagen.\r\n<\/span><\/p><br><p style=\"margin-bottom: 0px; padding-bottom: 25px; color: #666666; font-family: Raleway, Arial, serif; font-size: 16px; font-style: normal; font-variant-ligatures: normal; font-variant-caps: normal; font-weight: 300;\"><span style=\"caret-color: #666666; font-family: Raleway, Arial, serif; font-size: 24px; font-style: normal; font-variant-caps: normal; font-weight: 300; text-align: justify; text-size-adjust: auto;\">\u00bfQu\u00e9 es la hipermetrop\u00eda?<\/span><span style=\"font-size: 18pt;\">\r\n<\/span><\/p><br><p style=\"margin-bottom: 0px; padding-bottom: 25px; color: #666666; font-family: Raleway, Arial, serif; font-size: 16px; font-style: normal; font-variant-ligatures: normal; font-variant-caps: normal; font-weight: 300; text-align: justify;\"><span style=\"caret-color: #666666; font-family: Raleway, Arial, serif; font-size: 16px; font-style: normal; font-variant-caps: normal; font-weight: 300; text-size-adjust: auto;\">La hipermetrop\u00eda es un error de enfoque visual que provoca una visi\u00f3n borrosa e inc\u00f3moda de cerca, aunque a partir de cierta edad (aproximadamente 50 a\u00f1os), tambi\u00e9n se ven mal los objetos lejanos. En el caso de la hipermetrop\u00eda, la imagen se enfoca detr\u00e1s de la retina y no directamente sobre ella.\r\n<\/span><\/p>\t\t\t\t\t\t\t\t<\/div>\n\t\t\t\t<\/div>\n\t\t\t\t<div class=\"elementor-element elementor-element-9c1145d elementor-invisible elementor-widget elementor-widget-text-editor\" data-id=\"9c1145d\" data-element_type=\"widget\" data-settings=\"{&quot;_animation&quot;:&quot;fadeIn&quot;}\" data-widget_type=\"text-editor.default\">\n\t\t\t\t<div class=\"elementor-widget-container\">\n\t\t\t\t\t\t\t\t\t<p style=\"margin-bottom: 0px; padding-bottom: 25px; color: #666666; font-family: Raleway, Arial, serif; font-size: 16px; font-style: normal; font-variant-ligatures: normal; font-variant-caps: normal; font-weight: 300;\"><span style=\"caret-color: #666666; font-family: Raleway, Arial, serif; font-size: 24px; font-style: normal; font-variant-caps: normal; font-weight: 300; text-align: justify; text-size-adjust: auto;\"><span style=\"font-family: Raleway, Arial, serif; font-size: 24px; font-style: normal; font-variant-caps: normal; font-weight: 300; text-size-adjust: auto;\">\u00bfQu\u00e9 es el astigmatismo?<\/span><\/span><span style=\"font-size: 18pt;\">\r\n<\/span><\/p><br><p style=\"margin-bottom: 0px; padding-bottom: 25px; color: #666666; font-family: Raleway, Arial, serif; font-size: 16px; font-style: normal; font-variant-ligatures: normal; font-variant-caps: normal; font-weight: 300; text-align: justify;\"><span style=\"caret-color: #666666; font-family: Raleway, Arial, serif; font-size: 16px; font-style: normal; font-variant-caps: normal; font-weight: 300; text-size-adjust: auto;\"><span style=\"font-family: Raleway, Arial, serif; font-size: 16px; font-style: normal; font-variant-caps: normal; font-weight: 300; text-size-adjust: auto;\">El astigmatismo tiene su origen en el hecho de que la c\u00f3rnea no presenta la misma curvatura en todas sus zonas. La luz incide en varios puntos o ejes, provocando visi\u00f3n borrosa y distorsionada. La anomal\u00eda en la estructura de la c\u00f3rnea, responsable del astigmatismo, suele estar determinada gen\u00e9ticamente o bien haber sido provocada por otras causas, tales como traumatismos o intervenciones quir\u00fargicas. Puede presentarse solo o asociado con miop\u00eda e hipermetrop\u00eda.<\/span><\/span><\/p>\t\t\t\t\t\t\t\t<\/div>\n\t\t\t\t<\/div>\n\t\t\t\t\t<\/div>\n\t\t<\/div>\n\t\t\t\t\t<\/div>\n\t\t<\/section>\n\t\t\t\t<section class=\"elementor-section elementor-top-section elementor-element elementor-element-4019ca8 elementor-section-boxed elementor-section-height-default elementor-section-height-default elementor-invisible\" data-id=\"4019ca8\" data-element_type=\"section\" data-settings=\"{&quot;animation&quot;:&quot;fadeIn&quot;}\">\n\t\t\t\t\t\t<div class=\"elementor-container elementor-column-gap-default\">\n\t\t\t\t\t<div class=\"elementor-column elementor-col-100 elementor-top-column elementor-element elementor-element-50f736c\" data-id=\"50f736c\" data-element_type=\"column\">\n\t\t\t<div class=\"elementor-widget-wrap elementor-element-populated\">\n\t\t\t\t\t\t<div class=\"elementor-element elementor-element-15683a0 elementor-widget elementor-widget-text-editor\" data-id=\"15683a0\" data-element_type=\"widget\" data-widget_type=\"text-editor.default\">\n\t\t\t\t<div class=\"elementor-widget-container\">\n\t\t\t\t\t\t\t\t\t<p style=\"margin-bottom: 0px; padding-bottom: 25px; color: #666666; font-family: Raleway, Arial, serif; font-size: 16px; font-style: normal; font-variant-ligatures: normal; font-variant-caps: normal; font-weight: 300;\"><span style=\"caret-color: #666666; font-family: Raleway, Arial, serif; font-size: 24px; font-style: normal; font-variant-caps: normal; font-weight: 300; text-align: justify; text-size-adjust: auto;\"><span style=\"font-family: Raleway, Arial, serif; font-size: 24px; font-style: normal; font-variant-caps: normal; font-weight: 300; text-size-adjust: auto;\">Tratamiento<\/span><\/span><span style=\"font-size: 18pt;\">\r\n<\/span><\/p><br><p style=\"margin-bottom: 0px; padding-bottom: 25px; color: #666666; font-family: Raleway, Arial, serif; font-size: 16px; font-style: normal; font-variant-ligatures: normal; font-variant-caps: normal; font-weight: 300; text-align: justify;\"><span style=\"font-family: Raleway, Arial, serif; font-size: 16px; font-style: normal; font-variant-caps: normal; font-weight: 300; caret-color: #666666;\">El objetivo de la cirug\u00eda refractiva es conseguir una independencia total de las gafas o lentes de contacto, mejorando la calidad de vida y funcionalidad del paciente.<\/span><\/p><br><p style=\"margin-bottom: 0px; padding-bottom: 25px; color: #666666; font-family: Raleway, Arial, serif; font-size: 16px; font-style: normal; font-variant-ligatures: normal; font-variant-caps: normal; font-weight: 300; text-align: justify;\"><span style=\"font-family: Raleway, Arial, serif; font-size: 16px; font-style: normal; font-variant-caps: normal; font-weight: 300; caret-color: #666666;\">Actualmente, la correcci\u00f3n quir\u00fargica de la mayor\u00eda de defectos refractivos se realiza mediante el l\u00e1ser exc\u00edmer. Se caracteriza por su elevada eficacia, seguridad y predictibilidad. El l\u00e1ser realiza una ablaci\u00f3n de las capas profundas de la c\u00f3rnea, restableciendo su curvatura normal.<\/span><\/p><br><p style=\"margin-bottom: 0px; padding-bottom: 25px; color: #666666; font-family: Raleway, Arial, serif; font-size: 16px; font-style: normal; font-variant-ligatures: normal; font-variant-caps: normal; font-weight: 300; text-align: justify;\"><span style=\"font-family: Raleway, Arial, serif; font-size: 16px; font-style: normal; font-variant-caps: normal; font-weight: 300; caret-color: #666666;\">Para los casos con defectos refractivos muy elevados, o no candidatos a cirug\u00eda l\u00e1ser por las caracter\u00edsticas intr\u00ednsecas del ojo, existen otras t\u00e9cnicas alternativas como son el implante de lentes intraoculares f\u00e1quicas (tipo ICL\u00ae), donde mediante una sencilla cirug\u00eda introduce una lente de material sint\u00e9tico, especialmente dise\u00f1ada para la correcci\u00f3n del defecto refractivo de cada paciente.\r\n<\/span><\/p><br><p style=\"margin-bottom: 0px; padding-bottom: 25px; color: #666666; font-family: Raleway, Arial, serif; font-size: 16px; font-style: normal; font-variant-ligatures: normal; font-variant-caps: normal; font-weight: 300; text-align: justify;\"><span style=\"font-family: Raleway, Arial, serif; font-size: 16px; font-style: normal; font-variant-caps: normal; font-weight: 300; caret-color: #666666;\">Es importante entender que la cirug\u00eda refractiva es un procedimiento personalizado que requiere un estudio oftalmol\u00f3gico minucioso previo, determinando la forma y funcionalidad del globo ocular del paciente. Existen unos criterios de selecci\u00f3n muy rigurosos que hacen que se excluyan defectos refractivos no estables o problemas oculares asociados.<\/span><\/p>\t\t\t\t\t\t\t\t<\/div>\n\t\t\t\t<\/div>\n\t\t\t\t\t<\/div>\n\t\t<\/div>\n\t\t\t\t\t<\/div>\n\t\t<\/section>\n\t\t\t\t<\/div>\n\t\t","protected":false},"excerpt":{"rendered":"<p>CIRURG\u00cdA REFRACTIVA Cirurgia refractiva: el adi\u00f3s a las gafas y lentes de contacto La cirug\u00eda refractiva es un conjunto de procedimientos quir\u00fargicos que modifican la anatom\u00eda del ojo, eliminando definitivamente los defectos refractivos de la miop\u00eda, hipermetrop\u00eda y astigmatismo para que no sea necesario el uso de gafas o lentes de contacto. \u00bfQu\u00e9 es la [&hellip;]<\/p>\n","protected":false},"author":1,"featured_media":0,"parent":0,"menu_order":0,"comment_status":"closed","ping_status":"closed","template":"","meta":{"footnotes":""},"class_list":["post-271","page","type-page","status-publish","hentry","entry"],"_links":{"self":[{"href":"https:\/\/institutbadal.com\/es\/wp-json\/wp\/v2\/pages\/271","targetHints":{"allow":["GET"]}}],"collection":[{"href":"https:\/\/institutbadal.com\/es\/wp-json\/wp\/v2\/pages"}],"about":[{"href":"https:\/\/institutbadal.com\/es\/wp-json\/wp\/v2\/types\/page"}],"author":[{"embeddable":true,"href":"https:\/\/institutbadal.com\/es\/wp-json\/wp\/v2\/users\/1"}],"replies":[{"embeddable":true,"href":"https:\/\/institutbadal.com\/es\/wp-json\/wp\/v2\/comments?post=271"}],"version-history":[{"count":12,"href":"https:\/\/institutbadal.com\/es\/wp-json\/wp\/v2\/pages\/271\/revisions"}],"predecessor-version":[{"id":1823,"href":"https:\/\/institutbadal.com\/es\/wp-json\/wp\/v2\/pages\/271\/revisions\/1823"}],"wp:attachment":[{"href":"https:\/\/institutbadal.com\/es\/wp-json\/wp\/v2\/media?parent=271"}],"curies":[{"name":"wp","href":"https:\/\/api.w.org\/{rel}","templated":true}]}}