{"id":273,"date":"2019-10-30T21:08:14","date_gmt":"2019-10-30T21:08:14","guid":{"rendered":"https:\/\/institutbadal.com\/condiciones-de-uso\/"},"modified":"2023-01-13T10:06:00","modified_gmt":"2023-01-13T10:06:00","slug":"condiciones-de-uso","status":"publish","type":"page","link":"https:\/\/institutbadal.com\/es\/condiciones-de-uso\/","title":{"rendered":"POL\u00cdTICA DE PRIVACIDAD"},"content":{"rendered":"\t\t<div data-elementor-type=\"wp-page\" data-elementor-id=\"273\" class=\"elementor elementor-273 elementor-207\">\n\t\t\t\t\t\t<section class=\"elementor-section elementor-top-section elementor-element elementor-element-4a83310 elementor-section-boxed elementor-section-height-default elementor-section-height-default\" data-id=\"4a83310\" data-element_type=\"section\" data-e-type=\"section\">\n\t\t\t\t\t\t<div class=\"elementor-container elementor-column-gap-default\">\n\t\t\t\t\t<div class=\"elementor-column elementor-col-100 elementor-top-column elementor-element elementor-element-b2d39b5\" data-id=\"b2d39b5\" data-element_type=\"column\" data-e-type=\"column\">\n\t\t\t<div class=\"elementor-widget-wrap elementor-element-populated\">\n\t\t\t\t\t\t<div class=\"elementor-element elementor-element-95a572d elementor-widget elementor-widget-text-editor\" data-id=\"95a572d\" data-element_type=\"widget\" data-e-type=\"widget\" data-widget_type=\"text-editor.default\">\n\t\t\t\t<div class=\"elementor-widget-container\">\n\t\t\t\t\t\t\t\t\t<h2 style=\"margin: 0px 0px 60px; font-family: Raleway, Arial, serif !important; font-weight: 800; line-height: 48px; color: inherit; text-rendering: optimizeLegibility; font-size: 48px; text-transform: uppercase;\">POL\u00cdTICA DE PRIVACIDAD<br \/>\n<\/h2>\n\t\t\t\t\t\t\t\t<\/div>\n\t\t\t\t<\/div>\n\t\t\t\t\t<\/div>\n\t\t<\/div>\n\t\t\t\t\t<\/div>\n\t\t<\/section>\n\t\t\t\t<section class=\"elementor-section elementor-top-section elementor-element elementor-element-3f7c392 elementor-section-boxed elementor-section-height-default elementor-section-height-default\" data-id=\"3f7c392\" data-element_type=\"section\" data-e-type=\"section\">\n\t\t\t\t\t\t<div class=\"elementor-container elementor-column-gap-default\">\n\t\t\t\t\t<div class=\"elementor-column elementor-col-100 elementor-top-column elementor-element elementor-element-c61e1d2\" data-id=\"c61e1d2\" data-element_type=\"column\" data-e-type=\"column\">\n\t\t\t<div class=\"elementor-widget-wrap elementor-element-populated\">\n\t\t\t\t\t\t<div class=\"elementor-element elementor-element-920af4d elementor-widget elementor-widget-text-editor\" data-id=\"920af4d\" data-element_type=\"widget\" data-e-type=\"widget\" data-widget_type=\"text-editor.default\">\n\t\t\t\t<div class=\"elementor-widget-container\">\n\t\t\t\t\t\t\t\t\t<table style=\"width: 140%;\">\n<tbody>\n<tr>\n<td style=\"width: 97.4359%;\" colspan=\"2\" width=\"456\">Informaci\u00f3n b\u00e1sica sobre Protecci\u00f3n de Datos<\/td>\n<\/tr>\n<tr>\n<td style=\"width: 9.93588%;\" width=\"60\"><strong>Responsable<\/strong><\/td>\n<td style=\"width: 87.5%;\" width=\"396\">BAIMAR OFTALMOLOGIA S.L.P.<\/td>\n<\/tr>\n<tr>\n<td style=\"width: 9.93588%;\" width=\"60\"><strong>Finalidad<\/strong><\/td>\n<td style=\"width: 87.5%;\" width=\"396\">Web con car\u00e1cter informativo<\/p>\n<p>Gesti\u00f3n de usuarios web, a trav\u00e9s de formulario<\/p>\n<p>Comunicaciones comerciales relacionadas con nuestros servicios<\/td>\n<\/tr>\n<tr>\n<td style=\"width: 9.93588%;\" width=\"60\"><strong>Legitimaci\u00f3n<\/strong><\/td>\n<td style=\"width: 87.5%;\" width=\"396\">Consentimento expr\u00e9s e inter\u00e9s leg\u00edtimo<\/td>\n<\/tr>\n<tr>\n<td style=\"width: 9.93588%;\" width=\"60\"><strong>Destinatario<\/strong><\/td>\n<td style=\"width: 87.5%;\" width=\"396\">No se ceden datos a terceros, salvo obligaci\u00f3n legal<\/td>\n<\/tr>\n<tr>\n<td style=\"width: 9.93588%;\" width=\"60\"><strong>Drets<\/strong><\/td>\n<td style=\"width: 87.5%;\" width=\"396\">Acceder, rectificar y suprimir los datos, as\u00ed como otros derechos, como se explica en la informaci\u00f3n adicional<\/td>\n<\/tr>\n<tr>\n<td style=\"width: 9.93588%;\" width=\"60\"><strong>Informaci\u00f3 <\/strong><strong>addicional<\/strong><\/td>\n<td style=\"width: 87.5%;\" width=\"396\">Puede consultar la informaci\u00f3n adicional y detallada sobre Protecci\u00f3n de Datde a las cl\u00e1usulas anexas que se encuentran en<a style=\"font-size: 14px; font-weight: normal; background-color: #ffffff;\" href=\"https:\/\/institutbadal.com\/politica-privacidad\">https:\/\/institutbadal.com\/politica-privacidad<\/a><\/td>\n<\/tr>\n<\/tbody>\n<\/table>\n\t\t\t\t\t\t\t\t<\/div>\n\t\t\t\t<\/div>\n\t\t\t\t\t<\/div>\n\t\t<\/div>\n\t\t\t\t\t<\/div>\n\t\t<\/section>\n\t\t\t\t<section class=\"elementor-section elementor-top-section elementor-element elementor-element-2f3c017 elementor-section-boxed elementor-section-height-default elementor-section-height-default\" data-id=\"2f3c017\" data-element_type=\"section\" data-e-type=\"section\">\n\t\t\t\t\t\t<div class=\"elementor-container elementor-column-gap-default\">\n\t\t\t\t\t<div class=\"elementor-column elementor-col-100 elementor-top-column elementor-element elementor-element-524acba\" data-id=\"524acba\" data-element_type=\"column\" data-e-type=\"column\">\n\t\t\t<div class=\"elementor-widget-wrap elementor-element-populated\">\n\t\t\t\t\t\t<div class=\"elementor-element elementor-element-d3c4975 elementor-widget elementor-widget-text-editor\" data-id=\"d3c4975\" data-element_type=\"widget\" data-e-type=\"widget\" data-widget_type=\"text-editor.default\">\n\t\t\t\t<div class=\"elementor-widget-container\">\n\t\t\t\t\t\t\t\t\t<p>A BAIMAR OFTALMOLOGIA S.L.P. trabajamos para ofrecerte a trav\u00e9s de nuestros productos y servicios la mejor experiencia posible. En algunos casos, es necesario recabar la informaci\u00f3n para conseguirlo. Nos importa tu privacidad y creemos que debemos ser transparentes al respecto.<\/p>\n<p>Por ello, ya efectos de lo previsto en el REGLAMENTO (UE) 2016\/679 del Parlamento Europeo y del Consejo, de 27 de abril de 2016 (en adelante, \u00abRGPD\u00bb) relativo a la protecci\u00f3n de las personas f\u00edsicas en lo que respecta al tratamiento de datos personales ya la libre circulaci\u00f3n de estos datos, y la LEY 34\/2002, de 11 de julio, de Servicios de la Sociedad de la Informaci\u00f3n y de Comercio Electr\u00f3nico (en adelante, \u00abLSSI\u00bb, BAIMAR OFTALMOLOG\u00cdA SLP informa el usuario que, como responsable del tratamiento, incorporar\u00e1 los datos de car\u00e1cter personal facilitados por los usuarios en un fichero automatizado.<\/p>\n<p>Nuestro compromiso empieza por contarte lo siguiente:<\/p>\n<p>Se recogen tus datos para que la experiencia de usuario mejore, atendiendo tus intereses y necesidades.<\/p>\n<p>Somos transparentes con relaci\u00f3n a los datos que obtenemos sobre ti y la raz\u00f3n por la cual lo hacemos.<\/p>\n<p>Nuestra intenci\u00f3n es ofrecerte la mejor experiencia posible. Por eso, cuando utilizamos tu informaci\u00f3n personal lo haremos siempre cumpliendo la normativa, y cuando sea necesario, solicitaremos tu consentimiento.<\/p>\n<p>Entendemos que tus datos te pertenecen. Por lo tanto, si decides no autorizarnos a procesarlas puedes solicitar que dejemos de tratarlas.<\/p>\n<p>Nuestra prioridad consiste en garantizar tu seguridad y tratar tus datos de acuerdo con la normativa europea.<\/p>\n<p>Si deseas obtener m\u00e1s informaci\u00f3n sobre el tratamiento de tus datos, consulta los diferentes apartados de la pol\u00edtica de privacidad que se encuentran a continuaci\u00f3n:<\/p>\n<h1><span style=\"color: #3399cc;\">\u00bfQui\u00e9n es el responsable del tratamiento de sus datos personales?<\/span><\/h1>\n<p>Identitat: BAIMAR OFTALMOLOGIA S.L.P.<\/p>\n<p>Domicilio social: Mossen Serapi I Ferrer 50<\/p>\n<p>C.I.F. n\u00ba: B66428541<\/p>\n<p>Email: <a href=\"mailto:josepbadal@metgesmanresa.com\">josepbadal@metgesmanresa.com<\/a><\/p>\n<p>BAIMAR OFTALMOLOGIA S.L.P.\u00a0ha designado un Delegado de Protecci\u00f3n de Datos o una persona de contacto interna dentro de su organizaci\u00f3n. Si deseas hacer una consulta con relaci\u00f3n al tratamiento de tus datos personales, puedes ponerte en contacto con \u00e9l a trav\u00e9s del correo <a href=\"mailto:josepbadal@metgesmanresa.com\">josepbadal@metgesmanresa.com<\/a><\/p>\n<h1><span style=\"color: #3399cc;\">Qu\u00e9 datos personales recopilamos<\/span><\/h1>\n<p>Los datos personales que el usuario puede llegar a proporcionar:<\/p>\n<p>Nombre, direcci\u00f3n y fecha de nacimiento.<\/p>\n<p>N\u00famero de tel\u00e9fono y direcci\u00f3n de correo electr\u00f3nico.<\/p>\n<p>Ubicaci\u00f3n.<\/p>\n<p>Informaci\u00f3n relativa a pagos y devoluciones.<\/p>\n<p>Direcci\u00f3n IP, fecha y hora en la que has accedido a nuestros servicios, navegador de internet que utilices y datos sobre el sistema operativo del dispositivo.<\/p>\n<p>Cualquier otra informaci\u00f3n o datos que decidas compartir con nosotros.<\/p>\n<p>En algunos casos, es obligatoria la cumplimentaci\u00f3n del formulario de registro para acceder y disfrutar de determinados servicios ofrecidos en la web; asimismo, no facilitar los datos personales solicitados o el no aceptar la presente pol\u00edtica de protecci\u00f3n de datos supone la imposibilidad de suscribirse, registrarse o participar en cualquiera de las promociones en las qals se soliciten datos de car\u00e1cter personal.<\/p>\n<h1><span style=\"color: #3399cc;\">\u00bfPor qu\u00e9 y para que tratamos tus datos?<\/span><\/h1>\n<p>A BAIMAR OFTALMOLOGIA S.L.P. tratamos la informaci\u00f3n que nos facilitan los interesados \u200b\u200bcon las siguientes finalidades:<\/p>\n<p>Gestionar pedidos o contratar alguno de nuestros servicios, sea online o en las tiendas f\u00edsicas.<\/p>\n<p>Gestionar el env\u00edo de la informaci\u00f3n que nos soliciten.<\/p>\n<p>Desarrollar acciones comerciales y realizar el mantenimiento y gesti\u00f3n de la relaci\u00f3n con el usuario, as\u00ed como la gesti\u00f3n de los servicios ofrecidos a trav\u00e9s del sitio web y las tareas de informaci\u00f3n, pudiendo realizar valoraciones autom\u00e1ticas, obtenci\u00f3n de perfiles y tareas de segmentaci\u00f3n de los clientes con el objeto de personalizar el tratamiento conforme a sus caracter\u00edsticas y necesidades y mejor la experiencia en l\u00ednea del cliente.<\/p>\n<p>Desarrollar y gestionar los concursos, sorteos u otras actividades promocionales que se puedan organizar.<\/p>\n<p>En algunos casos ser\u00e1 necesario facilitar informaci\u00f3n a las Autoridades o terceras empresas por motivos de auditor\u00eda, as\u00ed como manejar datos personales de facturas, contratos y documentos para responder a reclamaciones de clientes o de las Administraciones P\u00fablicas.<\/p>\n<p>Informamos que los datos personales que se obtengan como consecuencia de tu registro como usuario formar\u00e1n parte del Registro de Actividades y operaciones de Tratamiento (RAT), que se actualizar\u00e1 peri\u00f3dicamente de acuerdo con lo establecido en el RGPD.<\/p>\n<h1><span style=\"color: #3399cc;\">\u00bfCu\u00e1l es la legitimaci\u00f3n para el tratamiento de tus datos?<\/span><\/h1>\n<p>El tratamiento de tus datos puede fundamentarse en las siguientes bases legales:<\/p>\n<p>Consentimiento del interesado para la contrataci\u00f3n de servicios y productos, los formularios de contacto, las solicitudes de informaci\u00f3n o alta en e-newsletters.<\/p>\n<p>Inter\u00e9s leg\u00edtimo para el tratamiento de datos de nuestros clientes en acciones de marketing directo y consentimiento expreso del interesado por todo lo relativo a las valoraciones autom\u00e1ticas y elaboraci\u00f3n de perfiles.<\/p>\n<p>Cumplimiento de obligaciones legales para prevenci\u00f3n del fraude, comunicaci\u00f3n con Autoridades p\u00fablicas y reclamaciones de terceros.<\/p>\n<h1><span style=\"color: #3399cc;\">\u00bfCu\u00e1nto tiempo conservamos tus datos?<\/span><\/h1>\n<p>El tratamiento de los datos con las finalidades descritas se mantendr\u00e1 durante el tiempo necesario para cumplir con la finalidad de su recogida (por ejemplo, mientras dure la relaci\u00f3n comercial), as\u00ed como por el cumplimiento de las obligaciones legales que se deriven del tratamiento de las datos.<\/p>\n<h1><span style=\"color: #3399cc;\">\u00bfA qu\u00e9 destinatarios se comunican tus datos?<br \/>\n<\/span><\/h1>\n<p>En algunos casos, s\u00f3lo cuando sea necesario, BAIMAR OFTALMOLOG\u00cdA S.L.P. proporcionar\u00e1 datos de los usuarios a terceros. Sin embargo, nunca se vender\u00e1n los datos a terceros. Los provee\u00efdors de servicios externos (por ejemplo, proveedores de pago o empresas de reparto con los que Baima OFTALMOLOG\u00cdA SLP trabaje pueden utilizar los datos para proporcionar los servicios correspondientes, sin perjuicio de ello, no utilizar\u00e1n la informaci\u00f3n para fines propios o por cesi\u00f3n a terceros.<\/p>\n<p>BAIMAR OFTALMOLOG\u00cdA S.L.P. procura garantizar la seguridad de los datos personales cuando se env\u00edan fuera de la empresa y se asegura de que los terceros proveedores del servicio respetan la confidencialidad y cuentan con las medidas adecuadas para proteger los datos personales. Estos terceros tienen la obligaci\u00f3n de garantizar que la informaci\u00f3n se trata conforme a la normativa de privacidad de datos.<\/p>\n<p>En algunos casos, la ley puede exigir que se revelen datos personales a organismos p\u00fablicos u otras partes, s\u00f3lo se revelar\u00e1 el estrictamente necesario para el cumplimiento de estas obligaciones legales.<\/p>\n<p>Los datos personales obtenidos tambi\u00e9n podr\u00e1n ser compartidas con otras empresas del grupo.<\/p>\n<h1><span style=\"color: #3399cc;\">\u00bfD\u00f3nde se almacenan tus datos?<\/span><\/h1>\n<p>Con car\u00e1cter general, los datos s&#8217;emmagatzem dentro de la UE. Los datos que se env\u00edan a terceros que no pertenecen a la UE, para asegurarnos de que ofrezcan un nivel de protecci\u00f3n suficiente, ya sea porque cuentan con Normas Corporativas Vinculantes (BCR) o porque se hayan adherido al \u00abPrivacy Shield\u00bb.<\/p>\n<h1><span style=\"color: #3399cc;\">\u00bfQu\u00e9 derechos te asisten y c\u00f3mo puedes ejercerlos?<\/span><\/h1>\n<p>Puedes dirigir tus comunicaciones y ejercer tus derechos mediante una petici\u00f3n en el siguiente correo electr\u00f3nico:<a href=\"mailto:josepbadal@metgesmanresa.com\"> josepbadal@metgesmanresa.com.<\/a><\/p>\n<p>En virtut del que estableix l&#8217;RGPD pots sol\u00b7licitar:<\/p>\n<p>En virtud de lo establecido en el RGPD puede solicitar:<\/p>\n<p><strong>Derecho de acceso<\/strong>: puedes pedir informaci\u00f3n de aquellos datos personales que disponemos sobre ti.<\/p>\n<p><strong>Derecho de rectificaci\u00f3n<\/strong>: puedes comunicar cualquier cambio en tus datos personales<\/p>\n<p><strong>Derecho de supresi\u00f3n y al olvido<\/strong>: puedes solicitar la eliminaci\u00f3n previo bloqueo de los datos personales.<\/p>\n<p><strong>Derecho de limitaci\u00f3n al tratamiento<\/strong>: supone la restricci\u00f3n del tratamiento de los datos personales.<\/p>\n<p><strong>Derecho de oposici\u00f3n<\/strong>: puedes retirar el consentimiento del tratamiento de los datos, para que no se sigan tratando.<\/p>\n<p><strong>Derecho a la portabilidad<\/strong>: en algunos casos, puedes pedir una copia de los datos personales en un formato estructurado, de uso com\u00fan y lectura mec\u00e1nica para su transmisi\u00f3n a otro responsable.<\/p>\n<p><strong>Derecho a no ser objeto de decisiones individualizadas<\/strong>: puedes solicitar que no se tomen decisiones que se basen \u00fanicamente en el tratamiento automatizando, incluyendo la elaboraci\u00f3n de perfiles, que produzca efectos jur\u00eddicos o afecte significativamente al interesado.<\/p>\n<p>En algunos casos, se podr\u00e1 rechazar la solicitud si se solicita que se eliminen datos necesarios para el cumplimiento de obligaciones legales.<\/p>\n<p>Asimismo, si tienes alguna queja sobre el tratamiento de los datos puedes presentar una reclamaci\u00f3n de la autoridad de protecci\u00f3n de datos.<\/p>\n<h1><span style=\"color: #3399cc;\">\u00bfQui\u00e9n es el responsable de la exactitud y veracidad de los datos facilitados?<\/span><\/h1>\n<p>El usuario es el \u00fanico responsable de la veracidad y correcci\u00f3n de los datos incluidos, exonerando a BAIMAR OFTALMOLOG\u00cdA S.L.P. de cualquier responsabilidad al respecto. Los usuarios garantizan y responden, en cualquier caso, de la exactitud, vigencia y autenticidad de los datos personales facilitados, y se comprometen a mantenerlos debidamente actualizados. El usuario acepta proporcionar informaci\u00f3n completa y correcta en el formulario de registro o suscripci\u00f3n. BAIMAR OFTALMOLOG\u00cdA S.L.P. se reserva el derecho de finalizar los servicios contratados que se hubieran celebrado con los usuarios, en caso de que los datos que haya facilitado sean falsas, incompletas inexactos o no est\u00e9n actualizados.<\/p>\n<p>BAIMAR OFTALMOLOG\u00cdA S.L.P. no responde de la veracidad de las informaciones que no sean de elaboraci\u00f3n propia y de las que se indique otra fuente, por lo que tampoco asume responsabilidad alguna en cuanto a hipot\u00e9ticos perjuicios que pudieran originarse por el uso de esta informaci\u00f3n.<\/p>\n<p>BAIMAR OFTALMOLOG\u00cdA S.L.P. se reserva el derecho a actualizar, modificar o eliminar la informaci\u00f3n contenida en sus p\u00e1ginas web pudiendo incluso limitar o no permitir el acceso a esta informaci\u00f3n. Se exonera a BAIMAR OFTALMOLOG\u00cdA S.L.P. de responsabilidad frente a cualquier da\u00f1o o perjuicio que pudiera sufrir el usuario como consecuencia de errores, defectos u omisiones, en la informaci\u00f3n facilitada por BAIMAR OFTALMOLOG\u00cdA S.L.P. siempre que proceda de fuentes ajenas a \u00e9sta.<\/p>\n<p>Asimismo, el usuario certifica que es mayor de 14 a\u00f1os y que posee la capacidad legal necesaria para la prestaci\u00f3n del consentimiento respecto al tratamiento de sus datos de car\u00e1cter personal.<\/p>\n<h1><span style=\"color: #3399cc;\">\u00bfC\u00f3mo tratamos los datos personales de los menores de edad?<\/span><\/h1>\n<p>En principio nuestros servicios no van dirigidos espec\u00edficamente a menores de edad. Sin embargo, en caso de que alguno de ellos se dirija a menores de catorce a\u00f1os, de conformidad con el art\u00edculo 8 del RGPD y el art\u00edculo 7 de la LO 3\/2018, de 5 de diciembre (LOPDGDD), BAIMAR OFTALMOLOG\u00cdA SLP exigir\u00e1 el consentimiento v\u00e1lido, libre, inequ\u00edvoco, espec\u00edfico e informado de los tutores legales para tratar los datos personales de los menores. En este caso, se exigir\u00e1 el DNI u otra forma de identificaci\u00f3n de quien preste el consentimiento.<\/p>\n<p>En el caso de mayores de catorce a\u00f1os podr\u00e1 procederse al tratamiento de los datos con el consentimiento del usuario, exceptuando aquellos casos en los que la Ley exija la asistencia de los titulares de la patria potestad o tutela.<\/p>\n<h1><span style=\"color: #3399cc;\">\u00bfQu\u00e9 medidas de seguridad aplicamos para proteger tus datos personales?<\/span><\/h1>\n<p>BAIMAR OFTALMOLOGIA S.L.P. ha adoptado los niveles de seguridad de protecci\u00f3n de los datos personales legalmente requeridos, y procura instalar aquellos otros medios y medidas t\u00e9cnicas adicionales a su alcance para evitar la p\u00e9rdida, mal uso, alteraci\u00f3n, acceso no autorizado y robo de los datos personales facilitados a BAIMAR OFTALMOLOG\u00cdA SLP<\/p>\n<p>BAIMAR OFTALMOLOG\u00cdA S.L.P. no es responsable de hipot\u00e9ticos da\u00f1os o perjuicios que se pudieran derivar de interferencias, omisiones, interrupciones, virus inform\u00e1ticos, aver\u00edas telef\u00f3nicas o desconexiones en el funcionamiento operativo de este sistema electr\u00f3nico, motivadas por causas ajenas a BAIMAR OFTALMOLOG\u00cdA S.L.P .; de retrasos o bloqueos en el uso del presente sistema electr\u00f3nico causados \u200b\u200bpor deficiencias o sobrecargas de l\u00edneas telef\u00f3nicas o sobrecargas en el Centro de Procesos de Datos, en el sistema de Internet o en otros sistemas electr\u00f3nicos, as\u00ed como de da\u00f1os que puedan ser causados por terceras personas mediante intromisiones ileg\u00edtimas fuera del control de BAIMAR OFTALMOLOGIA SLP. no obstante, el usuario debe ser consciente de que las medidas de seguridad en Internet no son inexpugnables.<\/p>\n<h1><span style=\"color: #3399cc;\">Enlaces a otros sitios web<\/span><\/h1>\n<p>En el sitio web institutbadal.com puede haber enlaces a otras p\u00e1ginas web. Al hacer clic en uno de estos enlaces y acceder a un sitio web externo, la visita estar\u00e1 a la pol\u00edtica de privacidad de ese sitio web, quedando OFTALMOLOG\u00cdA BAIMAR OFTALMOLOGIA S.L.P. desvinculada de cualquier clase de responsabilidad sobre su pol\u00edtica de privacidad.<\/p>\n<h1><span style=\"color: #3399cc;\">C\u00f3mo utilizamos las cookies<\/span><\/h1>\n<p>El sitio web de BAIMAR OFTALMOLOG\u00cdA S.L.P. utiliza cookies, a los efectos de optimizar y personalizar su navegaci\u00f3n por el mismo. Las cookies son ficheros f\u00edsicos de informaci\u00f3n que se alojan en el terminal del usuario, la informaci\u00f3n recogida mediante las cookies sirve para facilitar la navegaci\u00f3n del usuario por el portal y optimizar la experiencia de navegaci\u00f3n. Los datos recopilados mediante las cookies pueden ser compartidas con los creadores de estas, pero en ning\u00fan caso la informaci\u00f3n obtenida por las mismas ser\u00e1 asociada a datos personales ni a datos que puedan identificar al usuario.<\/p>\n<p>Sin embargo, si el usuario no desea que se instalen cookies en su disco duro, tiene la posibilidad de configurar el navegador de tal modo que impida la instalaci\u00f3n de estos archivos. Para obtener m\u00e1s informaci\u00f3n consulte nuestra Pol\u00edtica de Cookies https:\/\/institutbadal.com\/es\/politica-de-cookies\/.<\/p>\n<h1><span style=\"color: #3399cc;\">\u00bfPuede modificarse la pol\u00edtica de privacidad?<\/span><\/h1>\n<p>Esta pol\u00edtica de privacidad puede modificarse. Te recomendamos que revises la pol\u00edtica de privacidad con cierta periodicidad.<\/p>\n\t\t\t\t\t\t\t\t<\/div>\n\t\t\t\t<\/div>\n\t\t\t\t\t<\/div>\n\t\t<\/div>\n\t\t\t\t\t<\/div>\n\t\t<\/section>\n\t\t\t\t<\/div>\n\t\t","protected":false},"excerpt":{"rendered":"<p>POL\u00cdTICA DE PRIVACIDAD Informaci\u00f3n b\u00e1sica sobre Protecci\u00f3n de Datos Responsable BAIMAR OFTALMOLOGIA S.L.P. Finalidad Web con car\u00e1cter informativo Gesti\u00f3n de usuarios web, a trav\u00e9s de formulario Comunicaciones comerciales relacionadas con nuestros servicios Legitimaci\u00f3n Consentimento expr\u00e9s e inter\u00e9s leg\u00edtimo Destinatario No se ceden datos a terceros, salvo obligaci\u00f3n legal Drets Acceder, rectificar y suprimir los datos, [&hellip;]<\/p>\n","protected":false},"author":1,"featured_media":0,"parent":0,"menu_order":0,"comment_status":"closed","ping_status":"closed","template":"","meta":{"footnotes":""},"class_list":["post-273","page","type-page","status-publish","hentry","entry"],"_links":{"self":[{"href":"https:\/\/institutbadal.com\/es\/wp-json\/wp\/v2\/pages\/273","targetHints":{"allow":["GET"]}}],"collection":[{"href":"https:\/\/institutbadal.com\/es\/wp-json\/wp\/v2\/pages"}],"about":[{"href":"https:\/\/institutbadal.com\/es\/wp-json\/wp\/v2\/types\/page"}],"author":[{"embeddable":true,"href":"https:\/\/institutbadal.com\/es\/wp-json\/wp\/v2\/users\/1"}],"replies":[{"embeddable":true,"href":"https:\/\/institutbadal.com\/es\/wp-json\/wp\/v2\/comments?post=273"}],"version-history":[{"count":6,"href":"https:\/\/institutbadal.com\/es\/wp-json\/wp\/v2\/pages\/273\/revisions"}],"predecessor-version":[{"id":1529,"href":"https:\/\/institutbadal.com\/es\/wp-json\/wp\/v2\/pages\/273\/revisions\/1529"}],"wp:attachment":[{"href":"https:\/\/institutbadal.com\/es\/wp-json\/wp\/v2\/media?parent=273"}],"curies":[{"name":"wp","href":"https:\/\/api.w.org\/{rel}","templated":true}]}}