{"id":278,"date":"2019-10-30T21:17:08","date_gmt":"2019-10-30T21:17:08","guid":{"rendered":"https:\/\/institutbadal.com\/cosmetica\/"},"modified":"2025-09-11T18:27:14","modified_gmt":"2025-09-11T18:27:14","slug":"cosmetica","status":"publish","type":"page","link":"https:\/\/institutbadal.com\/es\/cosmetica\/","title":{"rendered":"cosmetica"},"content":{"rendered":"\t\t<div data-elementor-type=\"wp-page\" data-elementor-id=\"278\" class=\"elementor elementor-278 elementor-63\">\n\t\t\t\t\t\t<section class=\"elementor-section elementor-top-section elementor-element elementor-element-0590419 elementor-section-boxed elementor-section-height-default elementor-section-height-default\" data-id=\"0590419\" data-element_type=\"section\" data-e-type=\"section\">\n\t\t\t\t\t\t<div class=\"elementor-container elementor-column-gap-default\">\n\t\t\t\t\t<div class=\"elementor-column elementor-col-100 elementor-top-column elementor-element elementor-element-8de417f\" data-id=\"8de417f\" data-element_type=\"column\" data-e-type=\"column\">\n\t\t\t<div class=\"elementor-widget-wrap elementor-element-populated\">\n\t\t\t\t\t\t<div class=\"elementor-element elementor-element-4853758 elementor-widget elementor-widget-text-editor\" data-id=\"4853758\" data-element_type=\"widget\" data-e-type=\"widget\" data-widget_type=\"text-editor.default\">\n\t\t\t\t<div class=\"elementor-widget-container\">\n\t\t\t\t\t\t\t\t\t<p><span style=\"font-size: 30pt; font-family: 'arial black', sans-serif;\"><strong><span class=\"item_title_part0\" style=\"color: #808080;\">COSM\u00c9TICA<\/span><\/strong><\/span><\/p>\n\t\t\t\t\t\t\t\t<\/div>\n\t\t\t\t<\/div>\n\t\t\t\t\t<\/div>\n\t\t<\/div>\n\t\t\t\t\t<\/div>\n\t\t<\/section>\n\t\t\t\t<section class=\"elementor-section elementor-top-section elementor-element elementor-element-bafee5b elementor-section-boxed elementor-section-height-default elementor-section-height-default\" data-id=\"bafee5b\" data-element_type=\"section\" data-e-type=\"section\">\n\t\t\t\t\t\t<div class=\"elementor-container elementor-column-gap-default\">\n\t\t\t\t\t<div class=\"elementor-column elementor-col-100 elementor-top-column elementor-element elementor-element-d4130e2\" data-id=\"d4130e2\" data-element_type=\"column\" data-e-type=\"column\">\n\t\t\t<div class=\"elementor-widget-wrap\">\n\t\t\t\t\t\t\t<\/div>\n\t\t<\/div>\n\t\t\t\t\t<\/div>\n\t\t<\/section>\n\t\t\t\t<section class=\"elementor-section elementor-top-section elementor-element elementor-element-5e6a578 elementor-section-boxed elementor-section-height-default elementor-section-height-default\" data-id=\"5e6a578\" data-element_type=\"section\" data-e-type=\"section\">\n\t\t\t\t\t\t<div class=\"elementor-container elementor-column-gap-default\">\n\t\t\t\t\t<div class=\"elementor-column elementor-col-33 elementor-top-column elementor-element elementor-element-e3bb655 elementor-invisible\" data-id=\"e3bb655\" data-element_type=\"column\" data-e-type=\"column\" data-settings=\"{&quot;animation&quot;:&quot;fadeInLeft&quot;}\">\n\t\t\t<div class=\"elementor-widget-wrap elementor-element-populated\">\n\t\t\t\t\t\t<div class=\"elementor-element elementor-element-41fe099 elementor-widget elementor-widget-image\" data-id=\"41fe099\" data-element_type=\"widget\" data-e-type=\"widget\" data-widget_type=\"image.default\">\n\t\t\t\t<div class=\"elementor-widget-container\">\n\t\t\t\t\t\t\t\t\t\t\t\t\t\t\t\t<a href=\"https:\/\/institutbadal.com\/es\/blefaroplastia\/\" target=\"_blank\">\n\t\t\t\t\t\t\t<img fetchpriority=\"high\" decoding=\"async\" width=\"270\" height=\"270\" src=\"https:\/\/institutbadal.com\/wp-content\/uploads\/2019\/10\/lifting.jpg\" class=\"attachment-large size-large wp-image-244\" alt=\"\" srcset=\"https:\/\/institutbadal.com\/wp-content\/uploads\/2019\/10\/lifting.jpg 270w, https:\/\/institutbadal.com\/wp-content\/uploads\/2019\/10\/lifting-150x150.jpg 150w\" sizes=\"(max-width: 270px) 100vw, 270px\" \/>\t\t\t\t\t\t\t\t<\/a>\n\t\t\t\t\t\t\t\t\t\t\t\t\t\t\t<\/div>\n\t\t\t\t<\/div>\n\t\t\t\t<div class=\"elementor-element elementor-element-d0ad477 elementor-widget elementor-widget-text-editor\" data-id=\"d0ad477\" data-element_type=\"widget\" data-e-type=\"widget\" data-widget_type=\"text-editor.default\">\n\t\t\t\t<div class=\"elementor-widget-container\">\n\t\t\t\t\t\t\t\t\t<p class=\"item_title\" style=\"text-align: center;\"><span style=\"font-size: 16pt;\"><strong><span style=\"color: #808080;\"><a style=\"color: #808080;\" href=\"https:\/\/www.institutbadal.com\/ca\/cosmetica\/blefaroplastia\"><span class=\"item_title_part0\">BLEFAROPLASTIA<\/span><\/a><\/span><\/strong><\/span><\/p>\n<p><a href=\"https:\/\/institutbadal.com\/es\/cosmetica\/blefaroplastia\" target=\"_blank\" rel=\"noopener\"><span style=\"color: #808080; font-size: 14pt;\">Los p\u00e1rpados son una parte fundamental de la expresi\u00f3n facial y centran gran parte de nuestra atenci\u00f3n durante la interacci\u00f3n social. <span style=\"color: #39ade3;\">Saber m\u00e1s<\/span><\/span><\/a><\/p>\n\t\t\t\t\t\t\t\t<\/div>\n\t\t\t\t<\/div>\n\t\t\t\t\t<\/div>\n\t\t<\/div>\n\t\t\t\t<div class=\"elementor-column elementor-col-33 elementor-top-column elementor-element elementor-element-188dc8f animated-slow elementor-invisible\" data-id=\"188dc8f\" data-element_type=\"column\" data-e-type=\"column\" data-settings=\"{&quot;animation&quot;:&quot;fadeIn&quot;}\">\n\t\t\t<div class=\"elementor-widget-wrap elementor-element-populated\">\n\t\t\t\t\t\t<div class=\"elementor-element elementor-element-fb5e836 elementor-widget elementor-widget-image\" data-id=\"fb5e836\" data-element_type=\"widget\" data-e-type=\"widget\" data-widget_type=\"image.default\">\n\t\t\t\t<div class=\"elementor-widget-container\">\n\t\t\t\t\t\t\t\t\t\t\t\t\t\t\t\t<a href=\"https:\/\/institutbadal.com\/es\/botox\/\" target=\"_blank\">\n\t\t\t\t\t\t\t<img decoding=\"async\" width=\"270\" height=\"270\" src=\"https:\/\/institutbadal.com\/wp-content\/uploads\/botox2.png\" class=\"attachment-large size-large wp-image-539\" alt=\"\" \/>\t\t\t\t\t\t\t\t<\/a>\n\t\t\t\t\t\t\t\t\t\t\t\t\t\t\t<\/div>\n\t\t\t\t<\/div>\n\t\t\t\t<div class=\"elementor-element elementor-element-3040b84 elementor-widget elementor-widget-text-editor\" data-id=\"3040b84\" data-element_type=\"widget\" data-e-type=\"widget\" data-widget_type=\"text-editor.default\">\n\t\t\t\t<div class=\"elementor-widget-container\">\n\t\t\t\t\t\t\t\t\t<p class=\"item_title\" style=\"text-align: center;\"><span style=\"font-size: 16pt;\"><strong><span style=\"color: #808080;\"><a style=\"color: #808080;\" href=\"https:\/\/www.institutbadal.com\/es\/botox\/\" target=\"_blank\" rel=\"noopener\"><span class=\"item_title_part0\">BOTOX<\/span><\/a><\/span><\/strong><\/span><\/p>\n<p><a href=\"https:\/\/www.institutbadal.com\/es\/botox\/\" target=\"_blank\" rel=\"noopener\"><span style=\"color: #808080; font-size: 14pt;\">Los p\u00e1rpados son una parte fundamental de la expresi\u00f3n facial y centran gran parte de nuestra atenci\u00f3n durante la interacci\u00f3n social. <span style=\"color: #39ade3;\">Saber m\u00e1s<\/span><\/span><\/a><\/p>\n\t\t\t\t\t\t\t\t<\/div>\n\t\t\t\t<\/div>\n\t\t\t\t\t<\/div>\n\t\t<\/div>\n\t\t\t\t<div class=\"elementor-column elementor-col-33 elementor-top-column elementor-element elementor-element-8a5b1ef elementor-invisible\" data-id=\"8a5b1ef\" data-element_type=\"column\" data-e-type=\"column\" data-settings=\"{&quot;animation&quot;:&quot;fadeInRight&quot;}\">\n\t\t\t<div class=\"elementor-widget-wrap elementor-element-populated\">\n\t\t\t\t\t\t<div class=\"elementor-element elementor-element-0e5c03d elementor-widget elementor-widget-image\" data-id=\"0e5c03d\" data-element_type=\"widget\" data-e-type=\"widget\" data-widget_type=\"image.default\">\n\t\t\t\t<div class=\"elementor-widget-container\">\n\t\t\t\t\t\t\t\t\t\t\t\t\t\t\t\t<a href=\"https:\/\/institutbadal.com\/es\/acido-hialuronico\/\" target=\"_blank\">\n\t\t\t\t\t\t\t<img decoding=\"async\" src=\"https:\/\/institutbadal.com\/wp-content\/uploads\/elementor\/thumbs\/hialu4-oo97z4zd1uezdtctm90gwk7hfkgtp3ikmvwx7rd6oc.png\" title=\"hialu4\" alt=\"hialu4\" loading=\"lazy\" \/>\t\t\t\t\t\t\t\t<\/a>\n\t\t\t\t\t\t\t\t\t\t\t\t\t\t\t<\/div>\n\t\t\t\t<\/div>\n\t\t\t\t<div class=\"elementor-element elementor-element-887d99f elementor-widget elementor-widget-text-editor\" data-id=\"887d99f\" data-element_type=\"widget\" data-e-type=\"widget\" data-widget_type=\"text-editor.default\">\n\t\t\t\t<div class=\"elementor-widget-container\">\n\t\t\t\t\t\t\t\t\t<p class=\"item_title\" style=\"text-align: center;\"><span style=\"font-size: 16pt;\"><strong><span style=\"color: #808080;\"><a style=\"color: #808080;\" href=\"https:\/\/www.institutbadal.com\/es\/acido-hialuronico\/\" target=\"_blank\" rel=\"noopener\"><span class=\"item_title_part0\">\u00c1CIDO HIALUR\u00d3NICO<\/span><\/a><\/span><\/strong><\/span><\/p>\n<p><a href=\"https:\/\/www.institutbadal.com\/es\/acido-hialuronico\/\" target=\"_blank\" rel=\"noopener\"><span style=\"color: #808080; font-size: 14pt;\">Es una sustancia que hidrata, estimula la producci\u00f3n de col\u00e1geno y rellena espacios. El produce nuestro propio organismo. <span style=\"color: #39ade3;\">Saber m\u00e1s<\/span><\/span><\/a><\/p>\n\t\t\t\t\t\t\t\t<\/div>\n\t\t\t\t<\/div>\n\t\t\t\t\t<\/div>\n\t\t<\/div>\n\t\t\t\t\t<\/div>\n\t\t<\/section>\n\t\t\t\t<\/div>\n\t\t","protected":false},"excerpt":{"rendered":"<p>COSM\u00c9TICA BLEFAROPLASTIA Los p\u00e1rpados son una parte fundamental de la expresi\u00f3n facial y centran gran parte de nuestra atenci\u00f3n durante la interacci\u00f3n social. Saber m\u00e1s BOTOX Los p\u00e1rpados son una parte fundamental de la expresi\u00f3n facial y centran gran parte de nuestra atenci\u00f3n durante la interacci\u00f3n social. Saber m\u00e1s \u00c1CIDO HIALUR\u00d3NICO Es una sustancia que [&hellip;]<\/p>\n","protected":false},"author":1,"featured_media":0,"parent":0,"menu_order":0,"comment_status":"closed","ping_status":"closed","template":"","meta":{"footnotes":""},"class_list":["post-278","page","type-page","status-publish","hentry","entry"],"_links":{"self":[{"href":"https:\/\/institutbadal.com\/es\/wp-json\/wp\/v2\/pages\/278","targetHints":{"allow":["GET"]}}],"collection":[{"href":"https:\/\/institutbadal.com\/es\/wp-json\/wp\/v2\/pages"}],"about":[{"href":"https:\/\/institutbadal.com\/es\/wp-json\/wp\/v2\/types\/page"}],"author":[{"embeddable":true,"href":"https:\/\/institutbadal.com\/es\/wp-json\/wp\/v2\/users\/1"}],"replies":[{"embeddable":true,"href":"https:\/\/institutbadal.com\/es\/wp-json\/wp\/v2\/comments?post=278"}],"version-history":[{"count":9,"href":"https:\/\/institutbadal.com\/es\/wp-json\/wp\/v2\/pages\/278\/revisions"}],"predecessor-version":[{"id":1825,"href":"https:\/\/institutbadal.com\/es\/wp-json\/wp\/v2\/pages\/278\/revisions\/1825"}],"wp:attachment":[{"href":"https:\/\/institutbadal.com\/es\/wp-json\/wp\/v2\/media?parent=278"}],"curies":[{"name":"wp","href":"https:\/\/api.w.org\/{rel}","templated":true}]}}