{"id":282,"date":"2019-10-30T21:23:34","date_gmt":"2019-10-30T21:23:34","guid":{"rendered":"https:\/\/institutbadal.com\/glaucoma\/"},"modified":"2025-09-11T18:27:35","modified_gmt":"2025-09-11T18:27:35","slug":"glaucoma","status":"publish","type":"page","link":"https:\/\/institutbadal.com\/es\/glaucoma\/","title":{"rendered":"GLAUCOMA"},"content":{"rendered":"\t\t<div data-elementor-type=\"wp-page\" data-elementor-id=\"282\" class=\"elementor elementor-282 elementor-148\">\n\t\t\t\t\t\t<section class=\"elementor-section elementor-top-section elementor-element elementor-element-4a83310 elementor-section-boxed elementor-section-height-default elementor-section-height-default\" data-id=\"4a83310\" data-element_type=\"section\">\n\t\t\t\t\t\t<div class=\"elementor-container elementor-column-gap-default\">\n\t\t\t\t\t<div class=\"elementor-column elementor-col-100 elementor-top-column elementor-element elementor-element-b2d39b5\" data-id=\"b2d39b5\" data-element_type=\"column\">\n\t\t\t<div class=\"elementor-widget-wrap elementor-element-populated\">\n\t\t\t\t\t\t<div class=\"elementor-element elementor-element-95a572d elementor-widget elementor-widget-text-editor\" data-id=\"95a572d\" data-element_type=\"widget\" data-widget_type=\"text-editor.default\">\n\t\t\t\t<div class=\"elementor-widget-container\">\n\t\t\t\t\t\t\t\t\t<h2 style=\"margin: 0px 0px 60px; font-family: Raleway, Arial, serif !important; font-weight: 800; line-height: 48px; color: inherit; text-rendering: optimizeLegibility; font-size: 48px; text-transform: uppercase;\">GLAUCOMA<\/h2>\n\t\t\t\t\t\t\t\t<\/div>\n\t\t\t\t<\/div>\n\t\t\t\t\t<\/div>\n\t\t<\/div>\n\t\t\t\t\t<\/div>\n\t\t<\/section>\n\t\t\t\t<section class=\"elementor-section elementor-top-section elementor-element elementor-element-741e067 elementor-section-boxed elementor-section-height-default elementor-section-height-default\" data-id=\"741e067\" data-element_type=\"section\">\n\t\t\t\t\t\t<div class=\"elementor-container elementor-column-gap-default\">\n\t\t\t\t\t<div class=\"elementor-column elementor-col-50 elementor-top-column elementor-element elementor-element-e09d8b3\" data-id=\"e09d8b3\" data-element_type=\"column\">\n\t\t\t<div class=\"elementor-widget-wrap elementor-element-populated\">\n\t\t\t\t\t\t<div class=\"elementor-element elementor-element-2855eda elementor-widget elementor-widget-image-carousel\" data-id=\"2855eda\" data-element_type=\"widget\" data-settings=\"{&quot;slides_to_show&quot;:&quot;1&quot;,&quot;navigation&quot;:&quot;none&quot;,&quot;autoplay_speed&quot;:3000,&quot;effect&quot;:&quot;fade&quot;,&quot;autoplay&quot;:&quot;yes&quot;,&quot;pause_on_hover&quot;:&quot;yes&quot;,&quot;pause_on_interaction&quot;:&quot;yes&quot;,&quot;infinite&quot;:&quot;yes&quot;,&quot;speed&quot;:500}\" data-widget_type=\"image-carousel.default\">\n\t\t\t\t<div class=\"elementor-widget-container\">\n\t\t\t\t\t\t\t<div class=\"elementor-image-carousel-wrapper swiper\" role=\"region\" aria-roledescription=\"carousel\" aria-label=\"Carrusel d&#039;imatges\" dir=\"ltr\">\n\t\t\t<div class=\"elementor-image-carousel swiper-wrapper\" aria-live=\"off\">\n\t\t\t\t\t\t\t\t<div class=\"swiper-slide\" role=\"group\" aria-roledescription=\"slide\" aria-label=\"1 de 4\"><figure class=\"swiper-slide-inner\"><img decoding=\"async\" class=\"swiper-slide-image\" src=\"https:\/\/institutbadal.com\/wp-content\/uploads\/glaucoma.jpg\" alt=\"glaucoma\" \/><\/figure><\/div><div class=\"swiper-slide\" role=\"group\" aria-roledescription=\"slide\" aria-label=\"2 de 4\"><figure class=\"swiper-slide-inner\"><img decoding=\"async\" class=\"swiper-slide-image\" src=\"https:\/\/institutbadal.com\/wp-content\/uploads\/glau3.png\" alt=\"glau3\" \/><\/figure><\/div><div class=\"swiper-slide\" role=\"group\" aria-roledescription=\"slide\" aria-label=\"3 de 4\"><figure class=\"swiper-slide-inner\"><img decoding=\"async\" class=\"swiper-slide-image\" src=\"https:\/\/institutbadal.com\/wp-content\/uploads\/glau4.png\" alt=\"glau4\" \/><\/figure><\/div><div class=\"swiper-slide\" role=\"group\" aria-roledescription=\"slide\" aria-label=\"4 de 4\"><figure class=\"swiper-slide-inner\"><img decoding=\"async\" class=\"swiper-slide-image\" src=\"https:\/\/institutbadal.com\/wp-content\/uploads\/glau1.png\" alt=\"glau1\" \/><\/figure><\/div>\t\t\t<\/div>\n\t\t\t\t\t\t\t\n\t\t\t\t\t\t\t\t\t<\/div>\n\t\t\t\t\t\t<\/div>\n\t\t\t\t<\/div>\n\t\t\t\t\t<\/div>\n\t\t<\/div>\n\t\t\t\t<div class=\"elementor-column elementor-col-50 elementor-top-column elementor-element elementor-element-a83c049\" data-id=\"a83c049\" data-element_type=\"column\">\n\t\t\t<div class=\"elementor-widget-wrap elementor-element-populated\">\n\t\t\t\t\t\t<div class=\"elementor-element elementor-element-65d2013 elementor-widget elementor-widget-text-editor\" data-id=\"65d2013\" data-element_type=\"widget\" data-widget_type=\"text-editor.default\">\n\t\t\t\t<div class=\"elementor-widget-container\">\n\t\t\t\t\t\t\t\t\t<p style=\"margin-bottom: 0px; padding-bottom: 25px; color: #666666; font-family: Raleway, Arial, serif; font-size: 16px; font-style: normal; font-variant-ligatures: normal; font-variant-caps: normal; font-weight: 300;\"><span style=\"caret-color: #666666; font-family: Raleway, Arial, serif; font-size: 24px; font-style: normal; font-variant-caps: normal; font-weight: 300; text-align: justify; text-size-adjust: auto;\"><span style=\"font-family: Raleway, Arial, serif; font-size: 24px; font-style: normal; font-variant-caps: normal; font-weight: 300; text-size-adjust: auto;\">\u00bfQu\u00e9 es el glaucoma?<\/span><\/span><span style=\"font-size: 18pt;\"><br \/>\n<\/span><\/p>\n<p><\/p>\n<p style=\"margin-bottom: 0px; padding-bottom: 25px; color: #666666; font-family: Raleway, Arial, serif; font-size: 16px; font-style: normal; font-variant-ligatures: normal; font-variant-caps: normal; font-weight: 300; text-align: justify;\">El glaucoma es una de las principales causas de ceguera en todo el mundo. Se calcula que afecta al 2% de la poblaci\u00f3n por encima de los 40 a\u00f1os y que el 50% de los afectados no est\u00e1n diagnosticados.<\/p>\n<p>Es una enfermedad que afecta al nervio \u00f3ptico y su principal factor de riesgo es la hipertensi\u00f3n intraocular. Origina una p\u00e9rdida de fibras nerviosas que se traduce en una p\u00e9rdida del campo visual que, en el caso de no tratarse a tiempo con tratamiento m\u00e9dico o quir\u00fargico, conduce a la ceguera irreversible.<\/p>\n\t\t\t\t\t\t\t\t<\/div>\n\t\t\t\t<\/div>\n\t\t\t\t\t<\/div>\n\t\t<\/div>\n\t\t\t\t\t<\/div>\n\t\t<\/section>\n\t\t\t\t<section class=\"elementor-section elementor-top-section elementor-element elementor-element-0b8dc1c elementor-section-boxed elementor-section-height-default elementor-section-height-default\" data-id=\"0b8dc1c\" data-element_type=\"section\">\n\t\t\t\t\t\t<div class=\"elementor-container elementor-column-gap-default\">\n\t\t\t\t\t<div class=\"elementor-column elementor-col-100 elementor-top-column elementor-element elementor-element-1390601\" data-id=\"1390601\" data-element_type=\"column\">\n\t\t\t<div class=\"elementor-widget-wrap elementor-element-populated\">\n\t\t\t\t\t\t<div class=\"elementor-element elementor-element-526aa69 elementor-widget elementor-widget-text-editor\" data-id=\"526aa69\" data-element_type=\"widget\" data-widget_type=\"text-editor.default\">\n\t\t\t\t<div class=\"elementor-widget-container\">\n\t\t\t\t\t\t\t\t\t<p>Es una enfermedad asintom\u00e1tica, puesto que s\u00f3lo es detectable por el propio paciente cuando se han perdido m\u00e1s del 70% de fibras nerviosas. S\u00f3lo una minor\u00eda de casos concretos debutan con dolor causado por una gran elevaci\u00f3n de la presi\u00f3n intraocular.<\/p>\n<p><span style=\"caret-color: #666666; font-family: Raleway, Arial, serif; font-size: 24px; font-style: normal; font-variant-caps: normal; font-weight: 300; text-align: justify; text-size-adjust: auto;\">\u00bfCu\u00e1l es la causa?<\/span><span style=\"font-size: 18pt;\"><br \/>\n<\/span><\/p>\n<p style=\"margin-bottom: 0px; padding-bottom: 25px; caret-color: #666666; color: #666666; font-family: Raleway, Arial, serif; font-size: 16px; font-style: normal; font-variant-caps: normal; font-weight: 300; text-size-adjust: auto; text-align: justify;\">La causa var\u00eda en funci\u00f3n del tipo de glaucoma. En ocasiones existe un factor mec\u00e1nico que dificulta la salida de humor acuoso de dentro del ojo (glaucoma pigmentario, glaucoma pseudoexfoliativo). En otros casos se produce un cierre del \u00e1ngulo formado entre el iris y la c\u00f3rnea (glaucoma de \u00e1ngulo cerrado) e incluso existe una variedad de glaucoma sin hipertensi\u00f3n intraocular (glaucoma normotensivo).<\/p>\n<p><\/p>\n<p style=\"margin-bottom: 0px; padding-bottom: 25px; caret-color: #666666; color: #666666; font-family: Raleway, Arial, serif; font-size: 16px; font-style: normal; font-variant-caps: normal; font-weight: 300; text-size-adjust: auto; text-align: justify;\">El glaucoma m\u00e1s frecuente es el glaucoma cr\u00f3nico de \u00e1ngulo abierto y actualmente todav\u00eda no se conoce la causa. Se han definido unos factores que aumentan el riesgo de desarrollar glaucoma:<\/p>\n<p><\/p>\n<p style=\"padding-left: 120px;\">Presi\u00f3n intraocular elevada<br \/>\n<span style=\"font-size: 18px;\">Antecedentes familiares de glaucoma<br \/>\n<\/span><span style=\"font-size: 18px;\">Edad superior a 50 a\u00f1os<br \/>\n<\/span><span style=\"font-size: 18px;\">Hipertensi\u00f3n arterial<br \/>\n<\/span><span style=\"font-size: 18px;\">Miop\u00eda<br \/>\n<\/span><span style=\"font-size: 18px;\">Antecedente de traumatismo ocular<br \/>\n<\/span><span style=\"font-size: 18px;\">Tratamiento con cortisona<\/span><\/p>\n\t\t\t\t\t\t\t\t<\/div>\n\t\t\t\t<\/div>\n\t\t\t\t<div class=\"elementor-element elementor-element-6f67a73 elementor-widget elementor-widget-text-editor\" data-id=\"6f67a73\" data-element_type=\"widget\" data-widget_type=\"text-editor.default\">\n\t\t\t\t<div class=\"elementor-widget-container\">\n\t\t\t\t\t\t\t\t\t<p style=\"margin-bottom: 0px; padding-bottom: 25px; color: #666666; font-family: Raleway, Arial, serif; font-size: 16px; font-style: normal; font-variant-ligatures: normal; font-variant-caps: normal; font-weight: 300;\"><span style=\"caret-color: #666666; font-family: Raleway, Arial, serif; font-size: 24px; font-style: normal; font-variant-caps: normal; font-weight: 300; text-align: justify; text-size-adjust: auto;\"><span style=\"font-family: Raleway, Arial, serif; font-size: 24px; font-style: normal; font-variant-caps: normal; font-weight: 300; text-size-adjust: auto;\">Prevenci\u00f3n y tratamiento<\/span><\/span><span style=\"font-size: 18pt;\"><br \/>\n<\/span><\/p>\n<p><\/p>\n<p style=\"margin-bottom: 0px; padding-bottom: 25px; color: #666666; font-family: Raleway, Arial, serif; font-size: 16px; font-style: normal; font-variant-ligatures: normal; font-variant-caps: normal; font-weight: 300; text-align: justify;\"><span style=\"font-family: Raleway, Arial, serif; font-size: 16px; font-style: normal; font-variant-caps: normal; font-weight: 300; caret-color: #666666;\">El principal objetivo es conseguir disminuir la presi\u00f3n intraocular y proteger el nervio \u00f3ptico de la p\u00e9rdida irreversible de fibras nerviosas. Existen m\u00faltiples f\u00e1rmacos en forma de colirio que act\u00faan disminuyendo la producci\u00f3n de humor acuoso o bien facilitando la eliminaci\u00f3n y que se indican de manera personalizada y variable en cada paciente. Cuando el tratamiento m\u00e9dico es insuficiente, es necesario recurrir al tratamiento quir\u00fargico. En ocasiones el tratamiento con l\u00e1ser tambi\u00e9n es eficaz en determinados subtipos de glaucoma.<\/span><\/p>\n\t\t\t\t\t\t\t\t<\/div>\n\t\t\t\t<\/div>\n\t\t\t\t\t<\/div>\n\t\t<\/div>\n\t\t\t\t\t<\/div>\n\t\t<\/section>\n\t\t\t\t<\/div>\n\t\t","protected":false},"excerpt":{"rendered":"<p>GLAUCOMA \u00bfQu\u00e9 es el glaucoma? El glaucoma es una de las principales causas de ceguera en todo el mundo. Se calcula que afecta al 2% de la poblaci\u00f3n por encima de los 40 a\u00f1os y que el 50% de los afectados no est\u00e1n diagnosticados. Es una enfermedad que afecta al nervio \u00f3ptico y su principal [&hellip;]<\/p>\n","protected":false},"author":1,"featured_media":0,"parent":0,"menu_order":0,"comment_status":"closed","ping_status":"closed","template":"","meta":{"footnotes":""},"class_list":["post-282","page","type-page","status-publish","hentry","entry"],"_links":{"self":[{"href":"https:\/\/institutbadal.com\/es\/wp-json\/wp\/v2\/pages\/282","targetHints":{"allow":["GET"]}}],"collection":[{"href":"https:\/\/institutbadal.com\/es\/wp-json\/wp\/v2\/pages"}],"about":[{"href":"https:\/\/institutbadal.com\/es\/wp-json\/wp\/v2\/types\/page"}],"author":[{"embeddable":true,"href":"https:\/\/institutbadal.com\/es\/wp-json\/wp\/v2\/users\/1"}],"replies":[{"embeddable":true,"href":"https:\/\/institutbadal.com\/es\/wp-json\/wp\/v2\/comments?post=282"}],"version-history":[{"count":5,"href":"https:\/\/institutbadal.com\/es\/wp-json\/wp\/v2\/pages\/282\/revisions"}],"predecessor-version":[{"id":1828,"href":"https:\/\/institutbadal.com\/es\/wp-json\/wp\/v2\/pages\/282\/revisions\/1828"}],"wp:attachment":[{"href":"https:\/\/institutbadal.com\/es\/wp-json\/wp\/v2\/media?parent=282"}],"curies":[{"name":"wp","href":"https:\/\/api.w.org\/{rel}","templated":true}]}}