{"id":288,"date":"2019-10-30T21:39:24","date_gmt":"2019-10-30T21:39:24","guid":{"rendered":"https:\/\/institutbadal.com\/mutuas\/"},"modified":"2023-08-30T07:54:51","modified_gmt":"2023-08-30T07:54:51","slug":"mutuas","status":"publish","type":"page","link":"https:\/\/institutbadal.com\/es\/mutuas\/","title":{"rendered":"mutuas"},"content":{"rendered":"\t\t<div data-elementor-type=\"wp-page\" data-elementor-id=\"288\" class=\"elementor elementor-288 elementor-66\">\n\t\t\t\t\t\t<section class=\"elementor-section elementor-top-section elementor-element elementor-element-6f461e4 elementor-section-boxed elementor-section-height-default elementor-section-height-default\" data-id=\"6f461e4\" data-element_type=\"section\">\n\t\t\t\t\t\t<div class=\"elementor-container elementor-column-gap-default\">\n\t\t\t\t\t<div class=\"elementor-column elementor-col-100 elementor-top-column elementor-element elementor-element-67201c2\" data-id=\"67201c2\" data-element_type=\"column\">\n\t\t\t<div class=\"elementor-widget-wrap elementor-element-populated\">\n\t\t\t\t\t\t<div class=\"elementor-element elementor-element-1ba75e2 elementor-widget elementor-widget-text-editor\" data-id=\"1ba75e2\" data-element_type=\"widget\" data-widget_type=\"text-editor.default\">\n\t\t\t\t<div class=\"elementor-widget-container\">\n\t\t\t\t\t\t\t\t\t<p><span style=\"font-size: 30pt; font-family: 'arial black', sans-serif;\"><strong><span class=\"item_title_part0\" style=\"color: #808080;\">MUTUAS CONCERTADAS<\/span><\/strong><\/span><\/p>\n\t\t\t\t\t\t\t\t<\/div>\n\t\t\t\t<\/div>\n\t\t\t\t\t<\/div>\n\t\t<\/div>\n\t\t\t\t\t<\/div>\n\t\t<\/section>\n\t\t\t\t<section class=\"elementor-section elementor-top-section elementor-element elementor-element-940e848 elementor-section-boxed elementor-section-height-default elementor-section-height-default\" data-id=\"940e848\" data-element_type=\"section\">\n\t\t\t\t\t\t<div class=\"elementor-container elementor-column-gap-default\">\n\t\t\t\t\t<div class=\"elementor-column elementor-col-100 elementor-top-column elementor-element elementor-element-1bcfb1f\" data-id=\"1bcfb1f\" data-element_type=\"column\">\n\t\t\t<div class=\"elementor-widget-wrap elementor-element-populated\">\n\t\t\t\t\t\t<div class=\"elementor-element elementor-element-b8b6ac6 elementor-widget elementor-widget-spacer\" data-id=\"b8b6ac6\" data-element_type=\"widget\" data-widget_type=\"spacer.default\">\n\t\t\t\t<div class=\"elementor-widget-container\">\n\t\t\t\t\t\t\t<div class=\"elementor-spacer\">\n\t\t\t<div class=\"elementor-spacer-inner\"><\/div>\n\t\t<\/div>\n\t\t\t\t\t\t<\/div>\n\t\t\t\t<\/div>\n\t\t\t\t\t<\/div>\n\t\t<\/div>\n\t\t\t\t\t<\/div>\n\t\t<\/section>\n\t\t\t\t<section class=\"elementor-section elementor-top-section elementor-element elementor-element-023df75 elementor-section-boxed elementor-section-height-default elementor-section-height-default\" data-id=\"023df75\" data-element_type=\"section\">\n\t\t\t\t\t\t<div class=\"elementor-container elementor-column-gap-default\">\n\t\t\t\t\t<div class=\"elementor-column elementor-col-100 elementor-top-column elementor-element elementor-element-aaf0be9\" data-id=\"aaf0be9\" data-element_type=\"column\">\n\t\t\t<div class=\"elementor-widget-wrap elementor-element-populated\">\n\t\t\t\t\t\t<div class=\"elementor-element elementor-element-9ed4646 elementor-widget elementor-widget-text-editor\" data-id=\"9ed4646\" data-element_type=\"widget\" data-widget_type=\"text-editor.default\">\n\t\t\t\t<div class=\"elementor-widget-container\">\n\t\t\t\t\t\t\t\t\t<p style=\"text-align: center;\"><span style=\"font-size: 14pt;\">ADESLAS&nbsp; <span style=\"color: #39ade3;\">&nbsp;<\/span><strong><span style=\"color: #39ade3;\">|&nbsp;<\/span> &nbsp;<\/strong>AEGON &nbsp; <span style=\"color: #39ade3;\">&nbsp;<\/span><strong><span style=\"color: #39ade3;\">|&nbsp;<\/span><\/strong>&nbsp; &nbsp;AGRUPACI\u00d3 M\u00daTUA &nbsp;&nbsp;<span style=\"color: #39ade3;\"><strong>|<\/strong><\/span>&nbsp;&nbsp; ALIAN\u00c7A-DIVINA PASTORA &nbsp;&nbsp;<span style=\"color: #39ade3;\"><strong>|<\/strong><\/span>&nbsp; &nbsp;ASEFA &nbsp;&nbsp;<span style=\"color: #39ade3;\"><strong>|<\/strong><\/span><\/span><\/p>\n<p style=\"text-align: center;\"><span style=\"font-size: 14pt;\">ASISA &nbsp;&nbsp;<span style=\"color: #39ade3;\"><strong>|<\/strong><\/span>&nbsp; &nbsp;<\/span><span style=\"font-size: 14pt;\">ASSIST\u00c8NCIA SANIT\u00c0RIA<\/span><span style=\"font-family: Raleway; font-style: normal; font-variant-ligatures: normal; font-variant-caps: normal; font-weight: 400; font-size: 18.6667px;\">&nbsp;&nbsp;&nbsp;<\/span><span style=\"font-family: Raleway; font-style: normal; font-variant-ligatures: normal; font-variant-caps: normal; font-weight: 400; font-size: 18.6667px; color: #39ade3;\"><span style=\"font-size: 18.6667px; font-weight: 600;\">|<\/span><\/span><span style=\"font-family: Raleway; font-style: normal; font-variant-ligatures: normal; font-variant-caps: normal; font-weight: 400; font-size: 18.6667px;\">&nbsp; &nbsp;<\/span><span style=\"font-size: 14pt;\">ATL\u00c0NTIDA &nbsp;&nbsp;<span style=\"color: #39ade3;\"><strong>|<\/strong><\/span>&nbsp; &nbsp;AXA-WINTHERTUR&nbsp; &nbsp;<strong><span style=\"color: #39ade3;\">|&nbsp;<\/span> &nbsp;<\/strong>CASER &nbsp;&nbsp;<strong><span style=\"color: #39ade3;\">|<\/span>&nbsp;<\/strong>&nbsp; CL\u00cdNICUM &nbsp;&nbsp;<span style=\"color: #39ade3;\"><strong>|<\/strong><\/span>&nbsp;<\/span><\/p>\n<p style=\"text-align: center;\"><span style=\"font-size: 14pt;\">DKV<\/span><span style=\"font-family: Raleway; font-style: normal; font-variant-ligatures: normal; font-variant-caps: normal; font-weight: 400; font-size: 18.6667px;\">&nbsp;&nbsp;&nbsp;<\/span><span style=\"font-family: Raleway; font-style: normal; font-variant-ligatures: normal; font-variant-caps: normal; font-weight: 400; font-size: 18.6667px; color: #39ade3;\"><span style=\"font-size: 18.6667px; font-weight: 600;\">|<\/span><\/span><span style=\"font-family: Raleway; font-style: normal; font-variant-ligatures: normal; font-variant-caps: normal; font-weight: 400; font-size: 18.6667px;\">&nbsp; &nbsp;<\/span><span style=\"font-size: 14pt;\">GENERALI&nbsp;&nbsp;&nbsp;<\/span><span style=\"font-size: 14pt; color: #39ade3;\"><strong>|<\/strong>&nbsp;<\/span><span style=\"font-size: 14pt;\">&nbsp;&nbsp;<\/span><span style=\"font-size: 14pt;\">GRUP M\u00daTUA GENERAL DE CATALUNYA<\/span><span style=\"font-family: Raleway; font-style: normal; font-variant-ligatures: normal; font-variant-caps: normal; font-weight: 400; font-size: 18.6667px;\">&nbsp;&nbsp;&nbsp;<\/span><span style=\"font-family: Raleway; font-style: normal; font-variant-ligatures: normal; font-variant-caps: normal; font-weight: 400; font-size: 18.6667px; color: #39ade3;\"><span style=\"font-size: 18.6667px; font-weight: 600;\">|<\/span><\/span><span style=\"font-family: Raleway; font-style: normal; font-variant-ligatures: normal; font-variant-caps: normal; font-weight: 400; font-size: 18.6667px;\">&nbsp; &nbsp;<\/span><span style=\"font-size: 14pt;\">HNA &nbsp;&nbsp;<\/span><span style=\"font-size: 14pt; color: #39ade3;\"><strong>|<\/strong><\/span><span style=\"font-size: 14pt;\">&nbsp;&nbsp; MEDIFIATC &nbsp; <\/span><span style=\"font-size: 14pt; color: #39ade3;\"><strong>|<\/strong><\/span><span style=\"font-size: 14pt;\">&nbsp;&nbsp; MUTUACAT &nbsp;&nbsp;<\/span><span style=\"font-size: 14pt; color: #39ade3;\"><strong>|<\/strong><\/span><span style=\"font-size: 14pt;\">&nbsp;<\/span><\/p>\n<p style=\"text-align: center;\"><span style=\"font-family: Raleway; font-style: normal; font-variant-ligatures: normal; font-variant-caps: normal; font-weight: 400; font-size: 14pt; color: rgb(57, 173, 227);\"><span style=\"font-size: 18.6667px; font-weight: 600;\">&nbsp; &nbsp;<\/span><\/span><span style=\"font-family: Raleway; font-style: normal; font-variant-ligatures: normal; font-variant-caps: normal; font-weight: 400; font-size: 14pt;\">SANITAS&nbsp;&nbsp;<\/span><span style=\"font-family: Raleway; font-style: normal; font-variant-ligatures: normal; font-variant-caps: normal; font-weight: 400; font-size: 14pt; color: rgb(57, 173, 227);\"><span style=\"font-size: 18.6667px; font-weight: 600;\">|<\/span><\/span><span style=\"font-family: Raleway; font-style: normal; font-variant-ligatures: normal; font-variant-caps: normal; font-weight: 400; font-size: 14pt;\">&nbsp; &nbsp;<\/span><span style=\"font-size: 14pt;\">VITAL&nbsp; &nbsp;<\/span><span style=\"font-size: 14pt; color: #39ade3;\"><strong>|&nbsp; &nbsp;<\/strong><\/span><span style=\"font-size: 14pt;\">HNA SC &nbsp;&nbsp;<\/span><span style=\"font-size: 14pt; color: #39ade3;\"><strong>|<\/strong><\/span><span style=\"font-size: 14pt;\">&nbsp;&nbsp; EQUALMED &nbsp;<\/span><span style=\"font-size: 14pt; color: #39ade3;\">&nbsp;<strong>|<\/strong><\/span><span style=\"font-size: 14pt;\">&nbsp;&nbsp; LA BOREAL<\/span><\/p>\t\t\t\t\t\t\t\t<\/div>\n\t\t\t\t<\/div>\n\t\t\t\t\t<\/div>\n\t\t<\/div>\n\t\t\t\t\t<\/div>\n\t\t<\/section>\n\t\t\t\t<\/div>\n\t\t","protected":false},"excerpt":{"rendered":"<p>MUTUAS CONCERTADAS ADESLAS&nbsp; &nbsp;|&nbsp; &nbsp;AEGON &nbsp; &nbsp;|&nbsp;&nbsp; &nbsp;AGRUPACI\u00d3 M\u00daTUA &nbsp;&nbsp;|&nbsp;&nbsp; ALIAN\u00c7A-DIVINA PASTORA &nbsp;&nbsp;|&nbsp; &nbsp;ASEFA &nbsp;&nbsp;| ASISA &nbsp;&nbsp;|&nbsp; &nbsp;ASSIST\u00c8NCIA SANIT\u00c0RIA&nbsp;&nbsp;&nbsp;|&nbsp; &nbsp;ATL\u00c0NTIDA &nbsp;&nbsp;|&nbsp; &nbsp;AXA-WINTHERTUR&nbsp; &nbsp;|&nbsp; &nbsp;CASER &nbsp;&nbsp;|&nbsp;&nbsp; CL\u00cdNICUM &nbsp;&nbsp;|&nbsp; DKV&nbsp;&nbsp;&nbsp;|&nbsp; &nbsp;GENERALI&nbsp;&nbsp;&nbsp;|&nbsp;&nbsp;&nbsp;GRUP M\u00daTUA GENERAL DE CATALUNYA&nbsp;&nbsp;&nbsp;|&nbsp; &nbsp;HNA &nbsp;&nbsp;|&nbsp;&nbsp; MEDIFIATC &nbsp; |&nbsp;&nbsp; MUTUACAT &nbsp;&nbsp;|&nbsp; &nbsp; &nbsp;SANITAS&nbsp;&nbsp;|&nbsp; &nbsp;VITAL&nbsp; &nbsp;|&nbsp; &nbsp;HNA SC &nbsp;&nbsp;|&nbsp;&nbsp; EQUALMED &nbsp;&nbsp;|&nbsp;&nbsp; LA BOREAL<\/p>\n","protected":false},"author":1,"featured_media":0,"parent":0,"menu_order":0,"comment_status":"closed","ping_status":"closed","template":"","meta":{"footnotes":""},"class_list":["post-288","page","type-page","status-publish","hentry","entry"],"_links":{"self":[{"href":"https:\/\/institutbadal.com\/es\/wp-json\/wp\/v2\/pages\/288","targetHints":{"allow":["GET"]}}],"collection":[{"href":"https:\/\/institutbadal.com\/es\/wp-json\/wp\/v2\/pages"}],"about":[{"href":"https:\/\/institutbadal.com\/es\/wp-json\/wp\/v2\/types\/page"}],"author":[{"embeddable":true,"href":"https:\/\/institutbadal.com\/es\/wp-json\/wp\/v2\/users\/1"}],"replies":[{"embeddable":true,"href":"https:\/\/institutbadal.com\/es\/wp-json\/wp\/v2\/comments?post=288"}],"version-history":[{"count":10,"href":"https:\/\/institutbadal.com\/es\/wp-json\/wp\/v2\/pages\/288\/revisions"}],"predecessor-version":[{"id":1608,"href":"https:\/\/institutbadal.com\/es\/wp-json\/wp\/v2\/pages\/288\/revisions\/1608"}],"wp:attachment":[{"href":"https:\/\/institutbadal.com\/es\/wp-json\/wp\/v2\/media?parent=288"}],"curies":[{"name":"wp","href":"https:\/\/api.w.org\/{rel}","templated":true}]}}