{"id":290,"date":"2019-10-30T21:41:26","date_gmt":"2019-10-30T21:41:26","guid":{"rendered":"https:\/\/institutbadal.com\/oftalmologia-pediatica\/"},"modified":"2025-09-11T18:31:28","modified_gmt":"2025-09-11T18:31:28","slug":"oftalmologia-pediatrica","status":"publish","type":"page","link":"https:\/\/institutbadal.com\/es\/oftalmologia-pediatrica\/","title":{"rendered":"OFTALMOLOG\u00cdA PEDI\u00c1TRICA"},"content":{"rendered":"\t\t<div data-elementor-type=\"wp-page\" data-elementor-id=\"290\" class=\"elementor elementor-290 elementor-151\">\n\t\t\t\t\t\t<section class=\"elementor-section elementor-top-section elementor-element elementor-element-4a83310 elementor-section-boxed elementor-section-height-default elementor-section-height-default\" data-id=\"4a83310\" data-element_type=\"section\">\n\t\t\t\t\t\t<div class=\"elementor-container elementor-column-gap-default\">\n\t\t\t\t\t<div class=\"elementor-column elementor-col-100 elementor-top-column elementor-element elementor-element-b2d39b5\" data-id=\"b2d39b5\" data-element_type=\"column\">\n\t\t\t<div class=\"elementor-widget-wrap elementor-element-populated\">\n\t\t\t\t\t\t<div class=\"elementor-element elementor-element-95a572d elementor-widget elementor-widget-text-editor\" data-id=\"95a572d\" data-element_type=\"widget\" data-widget_type=\"text-editor.default\">\n\t\t\t\t<div class=\"elementor-widget-container\">\n\t\t\t\t\t\t\t\t\t<h2 style=\"margin: 0px 0px 60px; font-family: Raleway, Arial, serif !important; font-weight: 800; line-height: 48px; color: inherit; text-rendering: optimizeLegibility; font-size: 48px; text-transform: uppercase;\">OFTALMOLOG\u00cdA PEDI\u00c1TICA<\/h2>\t\t\t\t\t\t\t\t<\/div>\n\t\t\t\t<\/div>\n\t\t\t\t\t<\/div>\n\t\t<\/div>\n\t\t\t\t\t<\/div>\n\t\t<\/section>\n\t\t\t\t<section class=\"elementor-section elementor-top-section elementor-element elementor-element-741e067 elementor-section-boxed elementor-section-height-default elementor-section-height-default\" data-id=\"741e067\" data-element_type=\"section\">\n\t\t\t\t\t\t<div class=\"elementor-container elementor-column-gap-default\">\n\t\t\t\t\t<div class=\"elementor-column elementor-col-50 elementor-top-column elementor-element elementor-element-e09d8b3\" data-id=\"e09d8b3\" data-element_type=\"column\">\n\t\t\t<div class=\"elementor-widget-wrap elementor-element-populated\">\n\t\t\t\t\t\t<div class=\"elementor-element elementor-element-5731628 elementor-widget elementor-widget-image-carousel\" data-id=\"5731628\" data-element_type=\"widget\" data-settings=\"{&quot;slides_to_show&quot;:&quot;1&quot;,&quot;navigation&quot;:&quot;none&quot;,&quot;autoplay_speed&quot;:3000,&quot;effect&quot;:&quot;fade&quot;,&quot;autoplay&quot;:&quot;yes&quot;,&quot;pause_on_hover&quot;:&quot;yes&quot;,&quot;pause_on_interaction&quot;:&quot;yes&quot;,&quot;infinite&quot;:&quot;yes&quot;,&quot;speed&quot;:500}\" data-widget_type=\"image-carousel.default\">\n\t\t\t\t<div class=\"elementor-widget-container\">\n\t\t\t\t\t\t\t<div class=\"elementor-image-carousel-wrapper swiper\" role=\"region\" aria-roledescription=\"carousel\" aria-label=\"Carrusel d&#039;imatges\" dir=\"ltr\">\n\t\t\t<div class=\"elementor-image-carousel swiper-wrapper\" aria-live=\"off\">\n\t\t\t\t\t\t\t\t<div class=\"swiper-slide\" role=\"group\" aria-roledescription=\"slide\" aria-label=\"1 de 3\"><figure class=\"swiper-slide-inner\"><img decoding=\"async\" class=\"swiper-slide-image\" src=\"https:\/\/institutbadal.com\/wp-content\/uploads\/pediatrica.jpg\" alt=\"pediatrica\" \/><\/figure><\/div><div class=\"swiper-slide\" role=\"group\" aria-roledescription=\"slide\" aria-label=\"2 de 3\"><figure class=\"swiper-slide-inner\"><img decoding=\"async\" class=\"swiper-slide-image\" src=\"https:\/\/institutbadal.com\/wp-content\/uploads\/pedi1.png\" alt=\"pedi1\" \/><\/figure><\/div><div class=\"swiper-slide\" role=\"group\" aria-roledescription=\"slide\" aria-label=\"3 de 3\"><figure class=\"swiper-slide-inner\"><img decoding=\"async\" class=\"swiper-slide-image\" src=\"https:\/\/institutbadal.com\/wp-content\/uploads\/pedi2.png\" alt=\"pedi2\" \/><\/figure><\/div>\t\t\t<\/div>\n\t\t\t\t\t\t\t\n\t\t\t\t\t\t\t\t\t<\/div>\n\t\t\t\t\t\t<\/div>\n\t\t\t\t<\/div>\n\t\t\t\t\t<\/div>\n\t\t<\/div>\n\t\t\t\t<div class=\"elementor-column elementor-col-50 elementor-top-column elementor-element elementor-element-a83c049\" data-id=\"a83c049\" data-element_type=\"column\">\n\t\t\t<div class=\"elementor-widget-wrap elementor-element-populated\">\n\t\t\t\t\t\t<div class=\"elementor-element elementor-element-65d2013 elementor-widget elementor-widget-text-editor\" data-id=\"65d2013\" data-element_type=\"widget\" data-widget_type=\"text-editor.default\">\n\t\t\t\t<div class=\"elementor-widget-container\">\n\t\t\t\t\t\t\t\t\t<p style=\"margin-bottom: 0px; padding-bottom: 25px; color: #666666; font-family: Raleway, Arial, serif; font-size: 16px; font-style: normal; font-variant-ligatures: normal; font-variant-caps: normal; font-weight: 300;\"><span style=\"font-family: Raleway, Arial, serif; font-size: 16px; font-style: normal; font-variant-caps: normal; font-weight: 300; text-align: justify; caret-color: #666666;\">El ojo del ni\u00f1o est\u00e1 en constante desarrollo hasta alcanzar su madurez a los 7 u 8 a\u00f1os. Un diagn\u00f3stico precoz de cualquier anomal\u00eda puede ofrecer una soluci\u00f3n total y definitiva a la misma. La capacidad de actuaci\u00f3n sobre los problemas oculares en este per\u00edodo, hacen que la prevenci\u00f3n sea obligatoria para garantizar la salud visual de los ni\u00f1os.\r\n<\/span><\/p><br><p style=\"margin-bottom: 0px; padding-bottom: 25px; color: #666666; font-family: Raleway, Arial, serif; font-size: 16px; font-style: normal; font-variant-ligatures: normal; font-variant-caps: normal; font-weight: 300;\"><span style=\"font-family: Raleway, Arial, serif; font-size: 16px; font-style: normal; font-variant-caps: normal; font-weight: 300; text-align: justify; caret-color: #666666;\">Pese a que los pacientes pedi\u00e1tricos (0- 16 a\u00f1os) pueden padecer enfermedades similares a las de los adultos, como los errores refractivos o las cataratas, los ni\u00f1os presentan unas patolog\u00edas y tratamientos espec\u00edficos. Y lo que es m\u00e1s importante: existen complicaciones espec\u00edficas de la infancia que requieren diagn\u00f3sticos precoces. Por lo tanto las revisiones oftalmol\u00f3gicas son fundamentales y son recomendadas a todos los ni\u00f1os a partir de los 6 meses de edad.<\/span><\/p>\t\t\t\t\t\t\t\t<\/div>\n\t\t\t\t<\/div>\n\t\t\t\t\t<\/div>\n\t\t<\/div>\n\t\t\t\t\t<\/div>\n\t\t<\/section>\n\t\t\t\t<section class=\"elementor-section elementor-top-section elementor-element elementor-element-0b8dc1c elementor-section-boxed elementor-section-height-default elementor-section-height-default\" data-id=\"0b8dc1c\" data-element_type=\"section\">\n\t\t\t\t\t\t<div class=\"elementor-container elementor-column-gap-default\">\n\t\t\t\t\t<div class=\"elementor-column elementor-col-100 elementor-top-column elementor-element elementor-element-1390601\" data-id=\"1390601\" data-element_type=\"column\">\n\t\t\t<div class=\"elementor-widget-wrap elementor-element-populated\">\n\t\t\t\t\t\t<div class=\"elementor-element elementor-element-526aa69 elementor-widget elementor-widget-text-editor\" data-id=\"526aa69\" data-element_type=\"widget\" data-widget_type=\"text-editor.default\">\n\t\t\t\t<div class=\"elementor-widget-container\">\n\t\t\t\t\t\t\t\t\t<p style=\"margin-bottom: 0px; padding-bottom: 25px; color: #666666; font-family: Raleway, Arial, serif; font-size: 16px; font-style: normal; font-variant-ligatures: normal; font-variant-caps: normal; font-weight: 300;\"><span style=\"caret-color: #666666; font-family: Raleway, Arial, serif; font-size: 24px; font-style: normal; font-variant-caps: normal; font-weight: 300; text-align: justify; text-size-adjust: auto;\">Patolog\u00edas m\u00e1s frecuentes<\/span><span style=\"font-size: 18pt;\">\r\n<\/span><\/p><br><p style=\"margin-bottom: 0px; padding-bottom: 25px; caret-color: #666666; color: #666666; font-family: Raleway, Arial, serif; font-size: 16px; font-style: normal; font-variant-caps: normal; font-weight: 300; text-size-adjust: auto; text-align: justify;\">La obstrucci\u00f3n de v\u00edas lagrimales que produce lagrimeo y ep\u00edfora ocurre aproximadamente en el 10% de los reci\u00e9n nacidos. Se manifiesta con un lagrimeo constante en uno o en ambos ojos que, a menudo, se acompa\u00f1a de secreci\u00f3n mucosa y enrojecimiento de los p\u00e1rpados. La causa m\u00e1s frecuente es una obstrucci\u00f3n cong\u00e9nita del conducto lagrimal que une el ojo con la nariz. Un 90% se curan espont\u00e1neamente durante los primeros 9 meses de vida realizando maniobras de masaje del saco lagrimal e higiene de la zona. Si persiste la obstrucci\u00f3n a pesar de estas medidas puede ser necesario realizar un sondaje (introducci\u00f3n de sonda para repermeabilizar el conducto), intubaci\u00f3n (colocaci\u00f3n de un tubo de silicona para mantener el conducto permeable) o incluso una dacriocistorrinostom\u00eda (t\u00e9cnica quir\u00fargica para crear una comunicaci\u00f3n entre el ojo y las fosas nasales).<\/p><br><p style=\"margin-bottom: 0px; padding-bottom: 25px; caret-color: #666666; color: #666666; font-family: Raleway, Arial, serif; font-size: 16px; font-style: normal; font-variant-caps: normal; font-weight: 300; text-size-adjust: auto; text-align: justify;\">La ambliop\u00eda u \u00abojo vago\u00bb es la disminuci\u00f3n de la capacidad visual de un ojo que no se ha desarrollado normalmente durante la infancia. Causa pocos s\u00edntomas, por lo que suele pasar desapercibida por los padres. Afecta a un 4% de ni\u00f1os y la mayor\u00eda de ocasiones es recuperable si se diagnostica precozmente antes de los 7-9 a\u00f1os de edad. El diagn\u00f3stico se realiza mediante una exploraci\u00f3n oftalmol\u00f3gica completa. El tratamiento consiste en la administraci\u00f3n precoz de la correcci\u00f3n \u00f3ptica y de oclusiones o penalizaciones del ojo dominante para favorecer la recuperaci\u00f3n del ojo vago. En caso de no realizarse un diagn\u00f3stico y tratamiento precoz se puede generar un defecto visual irreversible.<\/p><br><p style=\"margin-bottom: 0px; padding-bottom: 25px; caret-color: #666666; color: #666666; font-family: Raleway, Arial, serif; font-size: 16px; font-style: normal; font-variant-caps: normal; font-weight: 300; text-size-adjust: auto; text-align: justify;\">El estrabismo o falta de alineaci\u00f3n de los ojos es frecuente en la infancia. Afecta hasta un 4% de los ni\u00f1os. Puede ser constante o intermitente. Una de las consecuencias m\u00e1s importantes del estrabismo es su posible asociaci\u00f3n a la ambliop\u00eda, de ah\u00ed que tanto el diagn\u00f3stico como un tratamiento de manera precoz sean fundamentales. Es importante saber que cualquier tipo de desviaci\u00f3n a partir de los 2 a\u00f1os de edad no es normal y que el estrabismo tiene un componente hereditario. El tratamiento de los estrabismos var\u00eda seg\u00fan el tipo, pero tiene 2 objetivos principales: el primero luchar contra la ambliop\u00eda, si existe, y el segundo, no menos importante, es la realineaci\u00f3n de los ojos.<\/p><br><p style=\"margin-bottom: 0px; padding-bottom: 25px; caret-color: #666666; color: #666666; font-family: Raleway, Arial, serif; font-size: 16px; font-style: normal; font-variant-caps: normal; font-weight: 300; text-size-adjust: auto; text-align: justify;\">Los defectos de refracci\u00f3n son muy habituales en la cl\u00ednica diaria. Hasta un 80% de los reci\u00e9n nacidos son hiperm\u00e9tropes de forma natural (ojos m\u00e1s cortos, de manera que las im\u00e1genes se forman detr\u00e1s de la retina). A medida que el ojo va creciendo, en general se tiende hacia la emetrop\u00eda (la normalidad, cuando las im\u00e1genes se enfocan en la retina). Los hijos de padres miopes tender\u00e1n hacia la miop\u00eda a medida que vayan creciendo (ojos m\u00e1s largos, de manera que las im\u00e1genes se forman por delante de la retina) puesto que la miop\u00eda tiene un componente hereditario. Los factores medioambientales asociados a la miop\u00eda est\u00e1n en estudio, pero se cree que puede estar asociada al sedentarismo, al abuso de az\u00facares y la no compensaci\u00f3n del trabajo visual cercano. En general, los defectos de refracci\u00f3n se tratan mediante correcci\u00f3n \u00f3ptica (gafas o lentillas) pero en algunos casos tambi\u00e9n es necesaria la utilizaci\u00f3n de parches, sobre todo en aquellos ni\u00f1os cuyos ojos presentan defectos de refracci\u00f3n muy dispares de un ojo al otro (anisometrop\u00eda), para evitar la aparici\u00f3n de la ambliop\u00eda.<\/p>\t\t\t\t\t\t\t\t<\/div>\n\t\t\t\t<\/div>\n\t\t\t\t\t<\/div>\n\t\t<\/div>\n\t\t\t\t\t<\/div>\n\t\t<\/section>\n\t\t\t\t<\/div>\n\t\t","protected":false},"excerpt":{"rendered":"<p>OFTALMOLOG\u00cdA PEDI\u00c1TICA El ojo del ni\u00f1o est\u00e1 en constante desarrollo hasta alcanzar su madurez a los 7 u 8 a\u00f1os. Un diagn\u00f3stico precoz de cualquier anomal\u00eda puede ofrecer una soluci\u00f3n total y definitiva a la misma. La capacidad de actuaci\u00f3n sobre los problemas oculares en este per\u00edodo, hacen que la prevenci\u00f3n sea obligatoria para garantizar [&hellip;]<\/p>\n","protected":false},"author":1,"featured_media":0,"parent":0,"menu_order":0,"comment_status":"closed","ping_status":"closed","template":"","meta":{"footnotes":""},"class_list":["post-290","page","type-page","status-publish","hentry","entry"],"_links":{"self":[{"href":"https:\/\/institutbadal.com\/es\/wp-json\/wp\/v2\/pages\/290","targetHints":{"allow":["GET"]}}],"collection":[{"href":"https:\/\/institutbadal.com\/es\/wp-json\/wp\/v2\/pages"}],"about":[{"href":"https:\/\/institutbadal.com\/es\/wp-json\/wp\/v2\/types\/page"}],"author":[{"embeddable":true,"href":"https:\/\/institutbadal.com\/es\/wp-json\/wp\/v2\/users\/1"}],"replies":[{"embeddable":true,"href":"https:\/\/institutbadal.com\/es\/wp-json\/wp\/v2\/comments?post=290"}],"version-history":[{"count":10,"href":"https:\/\/institutbadal.com\/es\/wp-json\/wp\/v2\/pages\/290\/revisions"}],"predecessor-version":[{"id":1832,"href":"https:\/\/institutbadal.com\/es\/wp-json\/wp\/v2\/pages\/290\/revisions\/1832"}],"wp:attachment":[{"href":"https:\/\/institutbadal.com\/es\/wp-json\/wp\/v2\/media?parent=290"}],"curies":[{"name":"wp","href":"https:\/\/api.w.org\/{rel}","templated":true}]}}