{"id":296,"date":"2019-10-30T22:31:09","date_gmt":"2019-10-30T22:31:09","guid":{"rendered":"https:\/\/institutbadal.com\/politica-de-privacidad-redes-sociales\/"},"modified":"2019-11-02T21:19:30","modified_gmt":"2019-11-02T21:19:30","slug":"politica-de-privacidad-redes-sociales","status":"publish","type":"page","link":"https:\/\/institutbadal.com\/es\/politica-de-privacidad-redes-sociales\/","title":{"rendered":"POL\u00cdTICA DE PRIVACIDAD REDES SOCIALES"},"content":{"rendered":"\t\t<div data-elementor-type=\"wp-page\" data-elementor-id=\"296\" class=\"elementor elementor-296 elementor-211\">\n\t\t\t\t\t\t<section class=\"elementor-section elementor-top-section elementor-element elementor-element-4a83310 elementor-section-boxed elementor-section-height-default elementor-section-height-default\" data-id=\"4a83310\" data-element_type=\"section\" data-e-type=\"section\">\n\t\t\t\t\t\t<div class=\"elementor-container elementor-column-gap-default\">\n\t\t\t\t\t<div class=\"elementor-column elementor-col-100 elementor-top-column elementor-element elementor-element-b2d39b5\" data-id=\"b2d39b5\" data-element_type=\"column\" data-e-type=\"column\">\n\t\t\t<div class=\"elementor-widget-wrap elementor-element-populated\">\n\t\t\t\t\t\t<div class=\"elementor-element elementor-element-95a572d elementor-widget elementor-widget-text-editor\" data-id=\"95a572d\" data-element_type=\"widget\" data-e-type=\"widget\" data-widget_type=\"text-editor.default\">\n\t\t\t\t<div class=\"elementor-widget-container\">\n\t\t\t\t\t\t\t\t\t<h2 style=\"margin: 0px 0px 60px; font-family: Raleway, Arial, serif !important; font-weight: 800; line-height: 48px; color: inherit; text-rendering: optimizeLegibility; font-size: 48px; text-transform: uppercase;\"><span style=\"color: #39ade3;\">POL\u00cdTICA DE PRIVACIDAD REDES SOCIALES<\/span><\/h2>\t\t\t\t\t\t\t\t<\/div>\n\t\t\t\t<\/div>\n\t\t\t\t\t<\/div>\n\t\t<\/div>\n\t\t\t\t\t<\/div>\n\t\t<\/section>\n\t\t\t\t<section class=\"elementor-section elementor-top-section elementor-element elementor-element-0b8dc1c elementor-section-boxed elementor-section-height-default elementor-section-height-default\" data-id=\"0b8dc1c\" data-element_type=\"section\" data-e-type=\"section\">\n\t\t\t\t\t\t<div class=\"elementor-container elementor-column-gap-default\">\n\t\t\t\t\t<div class=\"elementor-column elementor-col-100 elementor-top-column elementor-element elementor-element-1390601\" data-id=\"1390601\" data-element_type=\"column\" data-e-type=\"column\">\n\t\t\t<div class=\"elementor-widget-wrap elementor-element-populated\">\n\t\t\t\t\t\t<div class=\"elementor-element elementor-element-65d2013 elementor-widget elementor-widget-text-editor\" data-id=\"65d2013\" data-element_type=\"widget\" data-e-type=\"widget\" data-widget_type=\"text-editor.default\">\n\t\t\t\t<div class=\"elementor-widget-container\">\n\t\t\t\t\t\t\t\t\t<p style=\"margin-bottom: 0px; padding-bottom: 25px; color: #666666; font-family: Raleway, Arial, serif; font-size: 16px; font-style: normal; font-variant-ligatures: normal; font-variant-caps: normal; font-weight: 300;\">De conformidad con lo establecido en la normativa vigente en Protecci\u00f3n de Datos de Car\u00e1cter Personal (RGPD) y la Ley 34\/2002, de 11 de julio, de Servicios de la Sociedad de la Informaci\u00f3n y de Comercio Electr\u00f3nico (LSSI-CE), BAIMAR OFTALMOLOGIA SLP informa a los usuarios, que ha procedido a crear un perfil en la\/s Red\/es Social\/es Facebook, Twitter, Google +, con la finalidad principal de publicitar sus productos y servicios.<\/p><p>Datos de BAIMAR OFTALMOLOGIA SLP:<br \/>CIF: B66428541<br \/>DIRECCI\u00d3N: C\/ MOSSEN SERAPI FERRER 50 BAIXOS 08242, MANRESA (BARCELONA)<br \/>CORREO ELECTR\u00d3NICO: <span id=\"cloakeb7fb5a08743a5b34d12f084b9466ff1\"><a href=\"mailto:INFO@INSTITUTBADAL.COM\">INFO@INSTITUTBADAL.COM<\/a><\/span><br \/>DOMINIO WEB: <a href=\"https:\/\/institutbadal.com\/WWW.INSTITUTBADAL.COM\">WWW.INSTITUTBADAL.COM <\/a><\/p><p>El usuario dispone de un perfil en la misma Red Social y ha decidido unirse a la p\u00e1gina creada por BAIMAR OFTALMOLOGIA SLP, mostrando as\u00ed inter\u00e9s en la informaci\u00f3n que se publicite en la Red. Al unirse a nuestra p\u00e1gina, nos facilita su consentimiento para el tratamiento de aquellos datos personales publicados en su perfil.<\/p><p>El usuario puede acceder en todo momento a las pol\u00edticas de privacidad de la propia Red Social, as\u00ed como configurar su perfil para garantizar su privacidad.<\/p><p>BAIMAR OFTALMOLOGIA SLP tiene acceso y trata aquella informaci\u00f3n p\u00fablica del usuario, en especial, su nombre de contacto. Estos datos, s\u00f3lo son utilizados dentro de la propia Red Social. No son incorporados a ning\u00fan fichero.<\/p><p>En relaci\u00f3n a los derechos de acceso, rectificaci\u00f3n, cancelaci\u00f3n y oposici\u00f3n, de los que usted dispone y que pueden ser ejercitados ante BAIMAR OFTALMOLOGIA SLP, de acuerdo con el RGPD, debe tener en cuenta los siguientes matices:<\/p><p><span style=\"color: #808080;\"><strong>Acceso<\/strong><\/span>: Vendr\u00e1 definido por la funcionalidad de la Red Social y la capacidad de acceso a la informaci\u00f3n de los perfiles de los usuarios.<\/p><p><span style=\"color: #808080;\"><strong>Rectificaci\u00f3n<\/strong><\/span>: S\u00f3lo podr\u00e1 satisfacerse en relaci\u00f3n a aquella informaci\u00f3n que se encuentre bajo el control de BAIMAR OFTALMOLOGIA SLP, por ejemplo, eliminar comentarios publicados en la propia p\u00e1gina. Normalmente, este derecho deber\u00e1 ejercerlo ante la Red Social.<\/p><p><span style=\"color: #808080;\"><strong>Cancelaci\u00f3n y\/u Oposici\u00f3n<\/strong>:<\/span> Como en el caso anterior, s\u00f3lo podr\u00e1 satisfacerse en relaci\u00f3n a aquella informaci\u00f3n que se encuentre bajo el control de BAIMAR OFTALMOLOGIA SLP, por ejemplo, dejar de estar unido al perfil.<\/p><p>BAIMAR OFTALMOLOGIA SLP realizar\u00e1 las siguientes actuaciones:<\/p><p>Acceso a la informaci\u00f3n p\u00fablica del perfil.<br \/>Publicaci\u00f3n en el perfil del usuario de toda aquella informaci\u00f3n ya publicada en la p\u00e1gina de BAIMAR OFTALMOLOGIA SLP.<br \/>Enviar mensajes personales e individuales a trav\u00e9s de los canales de la Red Social.<br \/>Actualizaciones del estado de la p\u00e1gina que se publicar\u00e1n en el perfil del usuario.<\/p><p>El usuario siempre puede controlar sus conexiones, eliminar los contenidos que dejen de interesarle y restringir con qui\u00e9n comparte sus conexiones, para ello deber\u00e1 acceder a su configuraci\u00f3n de privacidad.<\/p><p><strong><span style=\"color: #808080;\">Publicaciones<\/span><\/strong><\/p><p>El usuario, una vez unido a la p\u00e1gina de BAIMAR OFTALMOLOGIA SLP, podr\u00e1 publicar en \u00e9sta \u00faltima comentarios, enlaces, im\u00e1genes o fotograf\u00edas o cualquier otro tipo de contenido multimedia soportado por la Red Social. El usuario, en todos los casos, debe ser el titular de los mismos, gozar de los derechos de autor y de propiedad intelectual o contar con el consentimiento de los terceros afectados. Se proh\u00edbe expresamente cualquier publicaci\u00f3n en la p\u00e1gina, ya sean textos, gr\u00e1ficos, fotograf\u00edas, v\u00eddeos, etc. que atenten o sean susceptibles de atentar contra la moral, la \u00e9tica, el buen gusto o el decoro, y\/o que infrinjan, violen o quebranten los derechos de propiedad intelectual o industrial, el derecho a la imagen o la Ley. En estos casos, BAIMAR OFTALMOLOGIA SLP se reserva el derecho a retirar de inmediato el contenido, pudiendo solicitar el bloqueo permanente del usuario.<\/p><p>BAIMAR OFTALMOLOGIA SLP no se har\u00e1 responsable de los contenidos que libremente ha publicado un usuario.<\/p><p>El usuario debe tener presente que sus publicaciones ser\u00e1n conocidas por los otros usuarios, por lo que \u00e9l mismo es el principal responsable de su privacidad.<\/p><p>Las im\u00e1genes que puedan publicarse en la p\u00e1gina no ser\u00e1n almacenadas en ning\u00fan fichero por parte de BAIMAR OFTALMOLOGIA SLP, pero s\u00ed que permanecer\u00e1n en la Red Social.<\/p><p><span style=\"color: #808080;\"><strong>Concursos y promociones<\/strong><\/span><\/p><p>BAIMAR OFTALMOLOGIA SLP se reserva el derecho a realizar concursos y promociones, en los que podr\u00e1 participar el usuario unido a su p\u00e1gina. Las bases de cada uno de ellos, cuando se utilice para ello la plataforma de la Red Social, ser\u00e1n publicadas en la misma. Cumpliendo siempre con la LSSI-CE y con cualquier otra norma que le sea de aplicaci\u00f3n.<\/p><p>La Red Social no patrocina, avala ni administra, de modo alguno, ninguna de nuestras promociones, ni est\u00e1 asociada a ninguna de ellas.<\/p><p><strong><span style=\"color: #808080;\">Publicidad<\/span><\/strong><\/p><p>BAIMAR OFTALMOLOGIA SLP utilizar\u00e1 la Red Social para publicitar sus productos y servicios, en todo caso, si decide tratar sus datos de contacto para realizar acciones directas de prospecci\u00f3n comercial, ser\u00e1 siempre, cumpliendo con las exigencias legales del RGPD y de la LSSI-CE.<\/p><article><section>No se considerar\u00e1 publicidad el hecho de recomendar a otros usuarios la p\u00e1gina de BAIMAR OFTALMOLOGIA SLP para que tambi\u00e9n ellos puedan disfrutar de las promociones o estar informados de su actividad.<p>A continuaci\u00f3n detallamos el enlace y la pol\u00edtica de privacidad de la Red Social:<\/p><p>\u2022\u00a0\u00a0 Facebook:<a href=\"https:\/\/www.facebook.com\/institutbadal\" target=\"_blank\" rel=\"noopener\">https:\/\/www.facebook.com\/institutbadal<\/a>\u00a0 \u00a0&#8211;\u00a0 \u00a0 <a href=\"https:\/\/www.facebook.com\/help\/323540651073243\/\">https:\/\/www.facebook.com\/help\/323540651073243\/<\/a><\/p><p>\u2022\u00a0 Twitter: <a href=\"https:\/\/twitter.com\/institut_badal\" target=\"_blank\" rel=\"noopener\">https:\/\/twitter.com\/institut_badal<\/a>\u00a0 \u00a0&#8211;\u00a0 \u00a0<a href=\"https:\/\/twitter.com\/privacy\">https:\/\/twitter.com\/privacy<\/a><\/p><p>\u2022\u00a0\u00a0 Google +: <a href=\"http:\/\/www.google.com\/intl\/es\/policies\/privacy\/\">http:\/\/www.google.com\/intl\/es\/policies\/privacy\/<\/a><\/p><p>\u2022\u00a0 \u00a0LinkedIn: <a href=\"https:\/\/www.linkedin.com\/legal\/privacy-policy?_l=es_ES\">https:\/\/www.linkedin.com\/legal\/privacy-policy?_l=es_ES<\/a><\/p><\/section><\/article>\t\t\t\t\t\t\t\t<\/div>\n\t\t\t\t<\/div>\n\t\t\t\t\t<\/div>\n\t\t<\/div>\n\t\t\t\t\t<\/div>\n\t\t<\/section>\n\t\t\t\t<\/div>\n\t\t","protected":false},"excerpt":{"rendered":"<p>POL\u00cdTICA DE PRIVACIDAD REDES SOCIALES De conformidad con lo establecido en la normativa vigente en Protecci\u00f3n de Datos de Car\u00e1cter Personal (RGPD) y la Ley 34\/2002, de 11 de julio, de Servicios de la Sociedad de la Informaci\u00f3n y de Comercio Electr\u00f3nico (LSSI-CE), BAIMAR OFTALMOLOGIA SLP informa a los usuarios, que ha procedido a crear [&hellip;]<\/p>\n","protected":false},"author":1,"featured_media":0,"parent":0,"menu_order":0,"comment_status":"closed","ping_status":"closed","template":"","meta":{"footnotes":""},"class_list":["post-296","page","type-page","status-publish","hentry","entry"],"_links":{"self":[{"href":"https:\/\/institutbadal.com\/es\/wp-json\/wp\/v2\/pages\/296","targetHints":{"allow":["GET"]}}],"collection":[{"href":"https:\/\/institutbadal.com\/es\/wp-json\/wp\/v2\/pages"}],"about":[{"href":"https:\/\/institutbadal.com\/es\/wp-json\/wp\/v2\/types\/page"}],"author":[{"embeddable":true,"href":"https:\/\/institutbadal.com\/es\/wp-json\/wp\/v2\/users\/1"}],"replies":[{"embeddable":true,"href":"https:\/\/institutbadal.com\/es\/wp-json\/wp\/v2\/comments?post=296"}],"version-history":[{"count":2,"href":"https:\/\/institutbadal.com\/es\/wp-json\/wp\/v2\/pages\/296\/revisions"}],"predecessor-version":[{"id":406,"href":"https:\/\/institutbadal.com\/es\/wp-json\/wp\/v2\/pages\/296\/revisions\/406"}],"wp:attachment":[{"href":"https:\/\/institutbadal.com\/es\/wp-json\/wp\/v2\/media?parent=296"}],"curies":[{"name":"wp","href":"https:\/\/api.w.org\/{rel}","templated":true}]}}