{"id":298,"date":"2019-10-30T22:33:53","date_gmt":"2019-10-30T22:33:53","guid":{"rendered":"https:\/\/institutbadal.com\/presbicia\/"},"modified":"2025-09-11T18:32:36","modified_gmt":"2025-09-11T18:32:36","slug":"presbicia","status":"publish","type":"page","link":"https:\/\/institutbadal.com\/es\/presbicia\/","title":{"rendered":"PRESBICIA"},"content":{"rendered":"\t\t<div data-elementor-type=\"wp-page\" data-elementor-id=\"298\" class=\"elementor elementor-298 elementor-157\">\n\t\t\t\t\t\t<section class=\"elementor-section elementor-top-section elementor-element elementor-element-4a83310 elementor-section-boxed elementor-section-height-default elementor-section-height-default\" data-id=\"4a83310\" data-element_type=\"section\">\n\t\t\t\t\t\t<div class=\"elementor-container elementor-column-gap-default\">\n\t\t\t\t\t<div class=\"elementor-column elementor-col-100 elementor-top-column elementor-element elementor-element-b2d39b5\" data-id=\"b2d39b5\" data-element_type=\"column\">\n\t\t\t<div class=\"elementor-widget-wrap elementor-element-populated\">\n\t\t\t\t\t\t<div class=\"elementor-element elementor-element-95a572d elementor-widget elementor-widget-text-editor\" data-id=\"95a572d\" data-element_type=\"widget\" data-widget_type=\"text-editor.default\">\n\t\t\t\t<div class=\"elementor-widget-container\">\n\t\t\t\t\t\t\t\t\t<h2 style=\"margin: 0px 0px 60px; font-family: Raleway, Arial, serif !important; font-weight: 800; line-height: 48px; color: inherit; text-rendering: optimizeLegibility; font-size: 48px; text-transform: uppercase;\">PRESBICIA<\/h2>\n\t\t\t\t\t\t\t\t<\/div>\n\t\t\t\t<\/div>\n\t\t\t\t\t<\/div>\n\t\t<\/div>\n\t\t\t\t\t<\/div>\n\t\t<\/section>\n\t\t\t\t<section class=\"elementor-section elementor-top-section elementor-element elementor-element-741e067 elementor-section-boxed elementor-section-height-default elementor-section-height-default\" data-id=\"741e067\" data-element_type=\"section\">\n\t\t\t\t\t\t<div class=\"elementor-container elementor-column-gap-default\">\n\t\t\t\t\t<div class=\"elementor-column elementor-col-50 elementor-top-column elementor-element elementor-element-e09d8b3\" data-id=\"e09d8b3\" data-element_type=\"column\">\n\t\t\t<div class=\"elementor-widget-wrap elementor-element-populated\">\n\t\t\t\t\t\t<div class=\"elementor-element elementor-element-10a2e7a elementor-widget elementor-widget-image-carousel\" data-id=\"10a2e7a\" data-element_type=\"widget\" data-settings=\"{&quot;slides_to_show&quot;:&quot;1&quot;,&quot;navigation&quot;:&quot;none&quot;,&quot;autoplay_speed&quot;:2000,&quot;effect&quot;:&quot;fade&quot;,&quot;autoplay&quot;:&quot;yes&quot;,&quot;pause_on_hover&quot;:&quot;yes&quot;,&quot;pause_on_interaction&quot;:&quot;yes&quot;,&quot;infinite&quot;:&quot;yes&quot;,&quot;speed&quot;:500}\" data-widget_type=\"image-carousel.default\">\n\t\t\t\t<div class=\"elementor-widget-container\">\n\t\t\t\t\t\t\t<div class=\"elementor-image-carousel-wrapper swiper\" role=\"region\" aria-roledescription=\"carousel\" aria-label=\"Carrusel d&#039;imatges\" dir=\"ltr\">\n\t\t\t<div class=\"elementor-image-carousel swiper-wrapper\" aria-live=\"off\">\n\t\t\t\t\t\t\t\t<div class=\"swiper-slide\" role=\"group\" aria-roledescription=\"slide\" aria-label=\"1 de 3\"><figure class=\"swiper-slide-inner\"><img decoding=\"async\" class=\"swiper-slide-image\" src=\"https:\/\/institutbadal.com\/wp-content\/uploads\/presbicia.jpg\" alt=\"presbicia\" \/><\/figure><\/div><div class=\"swiper-slide\" role=\"group\" aria-roledescription=\"slide\" aria-label=\"2 de 3\"><figure class=\"swiper-slide-inner\"><img decoding=\"async\" class=\"swiper-slide-image\" src=\"https:\/\/institutbadal.com\/wp-content\/uploads\/presbi1.png\" alt=\"presbi1\" \/><\/figure><\/div><div class=\"swiper-slide\" role=\"group\" aria-roledescription=\"slide\" aria-label=\"3 de 3\"><figure class=\"swiper-slide-inner\"><img decoding=\"async\" class=\"swiper-slide-image\" src=\"https:\/\/institutbadal.com\/wp-content\/uploads\/presbi2.png\" alt=\"presbi2\" \/><\/figure><\/div>\t\t\t<\/div>\n\t\t\t\t\t\t\t\n\t\t\t\t\t\t\t\t\t<\/div>\n\t\t\t\t\t\t<\/div>\n\t\t\t\t<\/div>\n\t\t\t\t\t<\/div>\n\t\t<\/div>\n\t\t\t\t<div class=\"elementor-column elementor-col-50 elementor-top-column elementor-element elementor-element-a83c049\" data-id=\"a83c049\" data-element_type=\"column\">\n\t\t\t<div class=\"elementor-widget-wrap elementor-element-populated\">\n\t\t\t\t\t\t<div class=\"elementor-element elementor-element-65d2013 elementor-widget elementor-widget-text-editor\" data-id=\"65d2013\" data-element_type=\"widget\" data-widget_type=\"text-editor.default\">\n\t\t\t\t<div class=\"elementor-widget-container\">\n\t\t\t\t\t\t\t\t\t<p style=\"margin-bottom: 0px; padding-bottom: 25px; color: #666666; font-family: Raleway, Arial, serif; font-size: 16px; font-style: normal; font-variant-ligatures: normal; font-variant-caps: normal; font-weight: 300;\"><span style=\"caret-color: #666666; font-family: Raleway, Arial, serif; font-size: 24px; font-style: normal; font-variant-caps: normal; font-weight: 300; text-align: justify; text-size-adjust: auto;\"><span style=\"font-family: Raleway, Arial, serif; font-size: 24px; font-style: normal; font-variant-caps: normal; font-weight: 300; text-size-adjust: auto;\"><span style=\"font-family: Raleway, Arial, serif; font-size: 24px; font-style: normal; font-variant-caps: normal; font-weight: 300; text-size-adjust: auto;\">\u00bfQu\u00e9 es la Presbicia?\r\n<\/span><\/span><\/span><span style=\"font-size: 18pt;\">\r\n<\/span><\/p><br><p style=\"margin-bottom: 0px; padding-bottom: 25px; color: #666666; font-family: Raleway, Arial, serif; font-size: 16px; font-style: normal; font-variant-ligatures: normal; font-variant-caps: normal; font-weight: 300; text-align: justify;\"><span style=\"font-family: Raleway, Arial, serif; font-size: 18px; font-style: normal; font-variant-caps: normal; font-weight: 300; caret-color: #666666;\">La presbicia o vista cansada es la disminuci\u00f3n progresiva de la visi\u00f3n de cerca que se presenta de forma natural en toda la poblaci\u00f3n a partir de los 40 o 45 a\u00f1os y est\u00e1 presente en el 100% de las personas mayores de 50 a\u00f1os. Se produce como consecuencia de la p\u00e9rdida de elasticidad del cristalino y de la p\u00e9rdida de potencia del m\u00fasculo ciliar, por lo que el ojo ve reducida su capacidad de acomodaci\u00f3n o de enfocar objetos cercanos.<\/span><\/p>\t\t\t\t\t\t\t\t<\/div>\n\t\t\t\t<\/div>\n\t\t\t\t\t<\/div>\n\t\t<\/div>\n\t\t\t\t\t<\/div>\n\t\t<\/section>\n\t\t\t\t<section class=\"elementor-section elementor-top-section elementor-element elementor-element-0b8dc1c elementor-section-boxed elementor-section-height-default elementor-section-height-default\" data-id=\"0b8dc1c\" data-element_type=\"section\">\n\t\t\t\t\t\t<div class=\"elementor-container elementor-column-gap-default\">\n\t\t\t\t\t<div class=\"elementor-column elementor-col-100 elementor-top-column elementor-element elementor-element-1390601\" data-id=\"1390601\" data-element_type=\"column\">\n\t\t\t<div class=\"elementor-widget-wrap elementor-element-populated\">\n\t\t\t\t\t\t<div class=\"elementor-element elementor-element-526aa69 elementor-widget elementor-widget-text-editor\" data-id=\"526aa69\" data-element_type=\"widget\" data-widget_type=\"text-editor.default\">\n\t\t\t\t<div class=\"elementor-widget-container\">\n\t\t\t\t\t\t\t\t\tActualmente, las personas que sufren presbicia est\u00e1n, en general, en un per\u00edodo muy activo de su vida, tanto intelectualmente como profesional, y tener que depender de sus gafas para la mayor parte de las actividades resulta a menudo muy inc\u00f3modo.<\/span><\/p><br><p style=\"margin-bottom: 0px; padding-bottom: 25px; caret-color: #666666; color: #666666; font-family: Raleway, Arial, serif; font-size: 16px; font-style: normal; font-variant-caps: normal; font-weight: 300; text-size-adjust: auto; text-align: justify;\"><span style=\"font-size: 18pt;\">\u00bfC\u00f3mo se corrige la Presbicia?\r\n<\/span><\/p><br>El tratamiento de la presbicia se realiza normalmente con gafas utilizando lentes progresivas, que permiten enfocar todas las distancias utilizando las diferentes partes del vidrio.\t\t\t\t\t\t\t\t<\/div>\n\t\t\t\t<\/div>\n\t\t\t\t\t<\/div>\n\t\t<\/div>\n\t\t\t\t\t<\/div>\n\t\t<\/section>\n\t\t\t\t<section class=\"elementor-section elementor-top-section elementor-element elementor-element-752747f elementor-section-boxed elementor-section-height-default elementor-section-height-default\" data-id=\"752747f\" data-element_type=\"section\">\n\t\t\t\t\t\t<div class=\"elementor-container elementor-column-gap-default\">\n\t\t\t\t\t<div class=\"elementor-column elementor-col-100 elementor-top-column elementor-element elementor-element-e035d9e\" data-id=\"e035d9e\" data-element_type=\"column\">\n\t\t\t<div class=\"elementor-widget-wrap elementor-element-populated\">\n\t\t\t\t\t\t<div class=\"elementor-element elementor-element-7f139dd elementor-widget elementor-widget-text-editor\" data-id=\"7f139dd\" data-element_type=\"widget\" data-widget_type=\"text-editor.default\">\n\t\t\t\t<div class=\"elementor-widget-container\">\n\t\t\t\t\t\t\t\t\t<span style=\"font-size: 18pt; color: #808080; text-align: justify; caret-color: #666666;\">\u00bfExiste tratamiento quir\u00fargico de la presbicia?\r\n<\/span><br><br>La cirug\u00eda de la presbicia, en aquellos pacientes que as\u00ed lo deseen, pasa por sustituir el cristalino con presbicia por una lente intraocular que permita el enfoque a las diferentes distancias. La cirug\u00eda del cristalino se basa t\u00e9cnicamente en una cirug\u00eda de cataratas. Se realiza utilizando gotas de anestesia, y a trav\u00e9s de unas microincisiones aspira el cristalino y se sustituye por una lente intraocular. Con esta cirug\u00eda tambi\u00e9n quedan corregidas la miop\u00eda, hipermetrop\u00eda y el astigmatismo que pueda tener el paciente. Adem\u00e1s, al ser una cirug\u00eda que act\u00faa sobre el cristalino, el paciente operado ya no desarrollar\u00e1 cataratas nunca m\u00e1s y el resultado ser\u00e1 estable a lo largo del tiempo.\t\t\t\t\t\t\t\t<\/div>\n\t\t\t\t<\/div>\n\t\t\t\t\t<\/div>\n\t\t<\/div>\n\t\t\t\t\t<\/div>\n\t\t<\/section>\n\t\t\t\t<section class=\"elementor-section elementor-top-section elementor-element elementor-element-0c2d71b elementor-section-boxed elementor-section-height-default elementor-section-height-default\" data-id=\"0c2d71b\" data-element_type=\"section\">\n\t\t\t\t\t\t<div class=\"elementor-container elementor-column-gap-default\">\n\t\t\t\t\t<div class=\"elementor-column elementor-col-100 elementor-top-column elementor-element elementor-element-12bd1c7\" data-id=\"12bd1c7\" data-element_type=\"column\">\n\t\t\t<div class=\"elementor-widget-wrap elementor-element-populated\">\n\t\t\t\t\t\t<div class=\"elementor-element elementor-element-ebca7de elementor-widget elementor-widget-text-editor\" data-id=\"ebca7de\" data-element_type=\"widget\" data-widget_type=\"text-editor.default\">\n\t\t\t\t<div class=\"elementor-widget-container\">\n\t\t\t\t\t\t\t\t\t<span style=\"font-size: 18pt; color: #808080; text-align: justify; caret-color: #666666;\">\u00bfTodo el mundo se puede operar la presbicia?\r\n<\/span><br><br><span style=\"font-size: 18px;\">La cirug\u00eda de la presbicia se indicar\u00e1 individualmente para cada persona. Es capital hacer una exhaustiva exploraci\u00f3n preoperatoria y selecci\u00f3n del paciente para obtener un resultado satisfactorio, ya que no todo el mundo es apto para este tipo de cirug\u00eda. Asimismo, tambi\u00e9n habr\u00e1 que hacer una adecuada selecci\u00f3n del tipo de lente intraocular a implantar, que vendr\u00e1 determinada fundamentalmente por diferentes factores: las caracter\u00edsticas del ojo, las preferencias del paciente y la edad o profesi\u00f3n.<\/span>\t\t\t\t\t\t\t\t<\/div>\n\t\t\t\t<\/div>\n\t\t\t\t\t<\/div>\n\t\t<\/div>\n\t\t\t\t\t<\/div>\n\t\t<\/section>\n\t\t\t\t<\/div>\n\t\t","protected":false},"excerpt":{"rendered":"<p>PRESBICIA \u00bfQu\u00e9 es la Presbicia? La presbicia o vista cansada es la disminuci\u00f3n progresiva de la visi\u00f3n de cerca que se presenta de forma natural en toda la poblaci\u00f3n a partir de los 40 o 45 a\u00f1os y est\u00e1 presente en el 100% de las personas mayores de 50 a\u00f1os. Se produce como consecuencia de [&hellip;]<\/p>\n","protected":false},"author":1,"featured_media":0,"parent":0,"menu_order":0,"comment_status":"closed","ping_status":"closed","template":"","meta":{"footnotes":""},"class_list":["post-298","page","type-page","status-publish","hentry","entry"],"_links":{"self":[{"href":"https:\/\/institutbadal.com\/es\/wp-json\/wp\/v2\/pages\/298","targetHints":{"allow":["GET"]}}],"collection":[{"href":"https:\/\/institutbadal.com\/es\/wp-json\/wp\/v2\/pages"}],"about":[{"href":"https:\/\/institutbadal.com\/es\/wp-json\/wp\/v2\/types\/page"}],"author":[{"embeddable":true,"href":"https:\/\/institutbadal.com\/es\/wp-json\/wp\/v2\/users\/1"}],"replies":[{"embeddable":true,"href":"https:\/\/institutbadal.com\/es\/wp-json\/wp\/v2\/comments?post=298"}],"version-history":[{"count":10,"href":"https:\/\/institutbadal.com\/es\/wp-json\/wp\/v2\/pages\/298\/revisions"}],"predecessor-version":[{"id":1836,"href":"https:\/\/institutbadal.com\/es\/wp-json\/wp\/v2\/pages\/298\/revisions\/1836"}],"wp:attachment":[{"href":"https:\/\/institutbadal.com\/es\/wp-json\/wp\/v2\/media?parent=298"}],"curies":[{"name":"wp","href":"https:\/\/api.w.org\/{rel}","templated":true}]}}