{"id":302,"date":"2019-10-30T22:41:51","date_gmt":"2019-10-30T22:41:51","guid":{"rendered":"https:\/\/institutbadal.com\/retinopatia-diabetica\/"},"modified":"2025-09-11T18:32:43","modified_gmt":"2025-09-11T18:32:43","slug":"retinopatia-diabetica","status":"publish","type":"page","link":"https:\/\/institutbadal.com\/es\/retinopatia-diabetica\/","title":{"rendered":"RETINOPAT\u00cdA DIAB\u00c9TICA"},"content":{"rendered":"\t\t<div data-elementor-type=\"wp-page\" data-elementor-id=\"302\" class=\"elementor elementor-302 elementor-160\">\n\t\t\t\t\t\t<section class=\"elementor-section elementor-top-section elementor-element elementor-element-4a83310 elementor-section-boxed elementor-section-height-default elementor-section-height-default\" data-id=\"4a83310\" data-element_type=\"section\">\n\t\t\t\t\t\t<div class=\"elementor-container elementor-column-gap-default\">\n\t\t\t\t\t<div class=\"elementor-column elementor-col-100 elementor-top-column elementor-element elementor-element-b2d39b5\" data-id=\"b2d39b5\" data-element_type=\"column\">\n\t\t\t<div class=\"elementor-widget-wrap elementor-element-populated\">\n\t\t\t\t\t\t<div class=\"elementor-element elementor-element-95a572d elementor-widget elementor-widget-text-editor\" data-id=\"95a572d\" data-element_type=\"widget\" data-widget_type=\"text-editor.default\">\n\t\t\t\t<div class=\"elementor-widget-container\">\n\t\t\t\t\t\t\t\t\t<h2 style=\"margin: 0px 0px 60px; font-family: Raleway, Arial, serif !important; font-weight: 800; line-height: 48px; color: inherit; text-rendering: optimizeLegibility; font-size: 48px; text-transform: uppercase;\">RETINOPAT\u00cdA DIAB\u00c9TICA<\/h2>\t\t\t\t\t\t\t\t<\/div>\n\t\t\t\t<\/div>\n\t\t\t\t\t<\/div>\n\t\t<\/div>\n\t\t\t\t\t<\/div>\n\t\t<\/section>\n\t\t\t\t<section class=\"elementor-section elementor-top-section elementor-element elementor-element-741e067 elementor-section-boxed elementor-section-height-default elementor-section-height-default\" data-id=\"741e067\" data-element_type=\"section\">\n\t\t\t\t\t\t<div class=\"elementor-container elementor-column-gap-default\">\n\t\t\t\t\t<div class=\"elementor-column elementor-col-50 elementor-top-column elementor-element elementor-element-e09d8b3\" data-id=\"e09d8b3\" data-element_type=\"column\">\n\t\t\t<div class=\"elementor-widget-wrap elementor-element-populated\">\n\t\t\t\t\t\t<div class=\"elementor-element elementor-element-22fbfae elementor-widget elementor-widget-image-carousel\" data-id=\"22fbfae\" data-element_type=\"widget\" data-settings=\"{&quot;slides_to_show&quot;:&quot;1&quot;,&quot;navigation&quot;:&quot;none&quot;,&quot;autoplay_speed&quot;:3000,&quot;effect&quot;:&quot;fade&quot;,&quot;autoplay&quot;:&quot;yes&quot;,&quot;pause_on_hover&quot;:&quot;yes&quot;,&quot;pause_on_interaction&quot;:&quot;yes&quot;,&quot;infinite&quot;:&quot;yes&quot;,&quot;speed&quot;:500}\" data-widget_type=\"image-carousel.default\">\n\t\t\t\t<div class=\"elementor-widget-container\">\n\t\t\t\t\t\t\t<div class=\"elementor-image-carousel-wrapper swiper\" role=\"region\" aria-roledescription=\"carousel\" aria-label=\"Carrusel d&#039;imatges\" dir=\"ltr\">\n\t\t\t<div class=\"elementor-image-carousel swiper-wrapper\" aria-live=\"off\">\n\t\t\t\t\t\t\t\t<div class=\"swiper-slide\" role=\"group\" aria-roledescription=\"slide\" aria-label=\"1 de 4\"><figure class=\"swiper-slide-inner\"><img decoding=\"async\" class=\"swiper-slide-image\" src=\"https:\/\/institutbadal.com\/wp-content\/uploads\/ret2.png\" alt=\"ret2\" \/><\/figure><\/div><div class=\"swiper-slide\" role=\"group\" aria-roledescription=\"slide\" aria-label=\"2 de 4\"><figure class=\"swiper-slide-inner\"><img decoding=\"async\" class=\"swiper-slide-image\" src=\"https:\/\/institutbadal.com\/wp-content\/uploads\/ret1.png\" alt=\"ret1\" \/><\/figure><\/div><div class=\"swiper-slide\" role=\"group\" aria-roledescription=\"slide\" aria-label=\"3 de 4\"><figure class=\"swiper-slide-inner\"><img decoding=\"async\" class=\"swiper-slide-image\" src=\"https:\/\/institutbadal.com\/wp-content\/uploads\/ret3.png\" alt=\"ret3\" \/><\/figure><\/div><div class=\"swiper-slide\" role=\"group\" aria-roledescription=\"slide\" aria-label=\"4 de 4\"><figure class=\"swiper-slide-inner\"><img decoding=\"async\" class=\"swiper-slide-image\" src=\"https:\/\/institutbadal.com\/wp-content\/uploads\/dmae4.png\" alt=\"dmae4\" \/><\/figure><\/div>\t\t\t<\/div>\n\t\t\t\t\t\t\t\n\t\t\t\t\t\t\t\t\t<\/div>\n\t\t\t\t\t\t<\/div>\n\t\t\t\t<\/div>\n\t\t\t\t\t<\/div>\n\t\t<\/div>\n\t\t\t\t<div class=\"elementor-column elementor-col-50 elementor-top-column elementor-element elementor-element-a83c049\" data-id=\"a83c049\" data-element_type=\"column\">\n\t\t\t<div class=\"elementor-widget-wrap elementor-element-populated\">\n\t\t\t\t\t\t<div class=\"elementor-element elementor-element-65d2013 elementor-widget elementor-widget-text-editor\" data-id=\"65d2013\" data-element_type=\"widget\" data-widget_type=\"text-editor.default\">\n\t\t\t\t<div class=\"elementor-widget-container\">\n\t\t\t\t\t\t\t\t\t<p style=\"margin-bottom: 0px; padding-bottom: 25px; color: #666666; font-family: Raleway, Arial, serif; font-size: 16px; font-style: normal; font-variant-ligatures: normal; font-variant-caps: normal; font-weight: 300;\"><span style=\"font-size: 18pt; text-align: justify; caret-color: #666666;\">\u00bfQu\u00e9 es la retinopat\u00eda diab\u00e9tica?<\/span><\/p>\n<p><\/p>\n<p style=\"margin-bottom: 0px; padding-bottom: 25px; caret-color: #666666; color: #666666; font-family: Raleway, Arial, serif; font-size: 16px; font-style: normal; font-variant-caps: normal; font-weight: 300; text-size-adjust: auto; text-align: justify;\">La Diabetes Mellitus es la enfermedad metab\u00f3lica m\u00e1s frecuente y extendida en todo el mundo y la retinopat\u00eda diab\u00e9tica es una de sus complicaciones microvasculares cr\u00f3nicas. En los pa\u00edses desarrollados, la retinopat\u00eda diab\u00e9tica se ha convertido en la principal causa de d\u00e9ficit visual y ceguera en adultos entre los 25 y 74 a\u00f1os de edad, afectando tanto a los diab\u00e9ticos tipo I como a los diab\u00e9ticos tipo II.<\/p>\n\t\t\t\t\t\t\t\t<\/div>\n\t\t\t\t<\/div>\n\t\t\t\t\t<\/div>\n\t\t<\/div>\n\t\t\t\t\t<\/div>\n\t\t<\/section>\n\t\t\t\t<section class=\"elementor-section elementor-top-section elementor-element elementor-element-0b8dc1c elementor-section-boxed elementor-section-height-default elementor-section-height-default\" data-id=\"0b8dc1c\" data-element_type=\"section\">\n\t\t\t\t\t\t<div class=\"elementor-container elementor-column-gap-default\">\n\t\t\t\t\t<div class=\"elementor-column elementor-col-100 elementor-top-column elementor-element elementor-element-1390601\" data-id=\"1390601\" data-element_type=\"column\">\n\t\t\t<div class=\"elementor-widget-wrap elementor-element-populated\">\n\t\t\t\t\t\t<div class=\"elementor-element elementor-element-526aa69 elementor-widget elementor-widget-text-editor\" data-id=\"526aa69\" data-element_type=\"widget\" data-widget_type=\"text-editor.default\">\n\t\t\t\t<div class=\"elementor-widget-container\">\n\t\t\t\t\t\t\t\t\t<p style=\"margin-bottom: 0px; padding-bottom: 25px; caret-color: #666666; color: #666666; font-family: Raleway, Arial, serif; font-size: 16px; font-style: normal; font-variant-caps: normal; font-weight: 300; text-size-adjust: auto; text-align: justify;\"><span style=\"font-size: 18pt;\">\u00bfCu\u00e1l es la causa?<\/span><\/p><br><p style=\"margin-bottom: 0px; padding-bottom: 25px; caret-color: #666666; color: #666666; font-family: Raleway, Arial, serif; font-size: 16px; font-style: normal; font-variant-caps: normal; font-weight: 300; text-size-adjust: auto; text-align: justify;\">Las complicaciones microvasculares de la diabetes mellitus necesitan entre 5 y 10 a\u00f1os de hiperglucemia mantenida para desarrollarse. Se produce una alteraci\u00f3n en la vasculatura normal de la retina causando fugas de fluido (edema macular) y, en ocasiones, hace que los vasos sangu\u00edneos crezcan de forma anormal causando hemorragias en la cavidad v\u00edtrea (retinopat\u00eda diab\u00e9tica proliferativa).<\/p><br><p style=\"font-variant-ligatures: normal; font-variant-caps: normal; font-family: Raleway, sans-serif; font-size: 18px; font-style: normal; font-weight: 400;\"><span style=\"font-size: 18pt; color: #808080; caret-color: #666666;\">S\u00edntomas<\/span><\/p><br><p style=\"margin-bottom: 0px; padding-bottom: 25px; caret-color: #666666; color: #666666; font-family: Raleway, Arial, serif; font-size: 16px; font-style: normal; font-variant-caps: normal; font-weight: 300; text-size-adjust: auto; text-align: justify;\">Los s\u00edntomas var\u00edan desde la visi\u00f3n borrosa, causada por el edema macular, hasta la visi\u00f3n de manchas que oscurecen la visi\u00f3n de forma parcial o incluso totalmente, causado por la hemorragia v\u00edtrea.<\/p><br><p style=\"margin-bottom: 0px; padding-bottom: 25px; caret-color: #666666; color: #666666; font-family: Raleway, Arial, serif; font-size: 16px; font-style: normal; font-variant-caps: normal; font-weight: 300; text-size-adjust: auto; text-align: justify;\">El pron\u00f3stico visual de estos pacientes lo marcar\u00e1 la presencia de retinopat\u00eda diab\u00e9tica proliferativa y edema macular. Es conocido que el riesgo de ceguera en los diab\u00e9ticos es unas 25 veces superior al resto de la poblaci\u00f3n.<\/p><br><p style=\"margin-bottom: 0px; padding-bottom: 25px; caret-color: #666666; color: #666666; font-family: Raleway, Arial, serif; font-size: 16px; font-style: normal; font-variant-caps: normal; font-weight: 300; text-size-adjust: auto; text-align: justify;\"><span style=\"font-size: 18pt;\">Prevenci\u00f3n y tratamiento<\/span><\/p><br><p style=\"margin-bottom: 0px; padding-bottom: 25px; caret-color: #666666; color: #666666; font-family: Raleway, Arial, serif; font-size: 16px; font-style: normal; font-variant-caps: normal; font-weight: 300; text-size-adjust: auto; text-align: justify;\">La mejor prevenci\u00f3n frente a las complicaciones de la retinopat\u00eda diab\u00e9tica son los ex\u00e1menes peri\u00f3dicos realizados por el oftalm\u00f3logo especializado en esta patolog\u00eda. El tratamiento actual engloba un control metab\u00f3lico muy estricto. La fotocoagulaci\u00f3n con l\u00e1ser y la administraci\u00f3n intrav\u00edtrea de f\u00e1rmacos antiangiog\u00e9nicos y corticoides constituyen los pilares fundamentales del tratamiento actual de la retinopat\u00eda diab\u00e9tica. La cirug\u00eda tambi\u00e9n tiene su indicaci\u00f3n en las formas m\u00e1s avanzadas de la enfermedad.<\/p>\t\t\t\t\t\t\t\t<\/div>\n\t\t\t\t<\/div>\n\t\t\t\t\t<\/div>\n\t\t<\/div>\n\t\t\t\t\t<\/div>\n\t\t<\/section>\n\t\t\t\t<\/div>\n\t\t","protected":false},"excerpt":{"rendered":"<p>RETINOPAT\u00cdA DIAB\u00c9TICA \u00bfQu\u00e9 es la retinopat\u00eda diab\u00e9tica? La Diabetes Mellitus es la enfermedad metab\u00f3lica m\u00e1s frecuente y extendida en todo el mundo y la retinopat\u00eda diab\u00e9tica es una de sus complicaciones microvasculares cr\u00f3nicas. En los pa\u00edses desarrollados, la retinopat\u00eda diab\u00e9tica se ha convertido en la principal causa de d\u00e9ficit visual y ceguera en adultos entre [&hellip;]<\/p>\n","protected":false},"author":1,"featured_media":0,"parent":0,"menu_order":0,"comment_status":"closed","ping_status":"closed","template":"","meta":{"footnotes":""},"class_list":["post-302","page","type-page","status-publish","hentry","entry"],"_links":{"self":[{"href":"https:\/\/institutbadal.com\/es\/wp-json\/wp\/v2\/pages\/302","targetHints":{"allow":["GET"]}}],"collection":[{"href":"https:\/\/institutbadal.com\/es\/wp-json\/wp\/v2\/pages"}],"about":[{"href":"https:\/\/institutbadal.com\/es\/wp-json\/wp\/v2\/types\/page"}],"author":[{"embeddable":true,"href":"https:\/\/institutbadal.com\/es\/wp-json\/wp\/v2\/users\/1"}],"replies":[{"embeddable":true,"href":"https:\/\/institutbadal.com\/es\/wp-json\/wp\/v2\/comments?post=302"}],"version-history":[{"count":7,"href":"https:\/\/institutbadal.com\/es\/wp-json\/wp\/v2\/pages\/302\/revisions"}],"predecessor-version":[{"id":1837,"href":"https:\/\/institutbadal.com\/es\/wp-json\/wp\/v2\/pages\/302\/revisions\/1837"}],"wp:attachment":[{"href":"https:\/\/institutbadal.com\/es\/wp-json\/wp\/v2\/media?parent=302"}],"curies":[{"name":"wp","href":"https:\/\/api.w.org\/{rel}","templated":true}]}}