{"id":304,"date":"2019-10-30T22:45:54","date_gmt":"2019-10-30T22:45:54","guid":{"rendered":"https:\/\/institutbadal.com\/terapia-visual\/"},"modified":"2025-09-11T18:32:50","modified_gmt":"2025-09-11T18:32:50","slug":"terapia-visual","status":"publish","type":"page","link":"https:\/\/institutbadal.com\/es\/terapia-visual\/","title":{"rendered":"TERAPIA VISUAL"},"content":{"rendered":"\t\t<div data-elementor-type=\"wp-page\" data-elementor-id=\"304\" class=\"elementor elementor-304 elementor-154\">\n\t\t\t\t\t\t<section class=\"elementor-section elementor-top-section elementor-element elementor-element-4a83310 elementor-section-boxed elementor-section-height-default elementor-section-height-default\" data-id=\"4a83310\" data-element_type=\"section\">\n\t\t\t\t\t\t<div class=\"elementor-container elementor-column-gap-default\">\n\t\t\t\t\t<div class=\"elementor-column elementor-col-100 elementor-top-column elementor-element elementor-element-b2d39b5\" data-id=\"b2d39b5\" data-element_type=\"column\">\n\t\t\t<div class=\"elementor-widget-wrap elementor-element-populated\">\n\t\t\t\t\t\t<div class=\"elementor-element elementor-element-95a572d elementor-widget elementor-widget-text-editor\" data-id=\"95a572d\" data-element_type=\"widget\" data-widget_type=\"text-editor.default\">\n\t\t\t\t<div class=\"elementor-widget-container\">\n\t\t\t\t\t\t\t\t\t<h2 style=\"margin: 0px 0px 60px; font-family: Raleway, Arial, serif !important; font-weight: 800; line-height: 48px; color: inherit; text-rendering: optimizeLegibility; font-size: 48px; text-transform: uppercase;\">TERAPIA VISUAL<\/h2>\n\t\t\t\t\t\t\t\t<\/div>\n\t\t\t\t<\/div>\n\t\t\t\t\t<\/div>\n\t\t<\/div>\n\t\t\t\t\t<\/div>\n\t\t<\/section>\n\t\t\t\t<section class=\"elementor-section elementor-top-section elementor-element elementor-element-741e067 elementor-section-boxed elementor-section-height-default elementor-section-height-default\" data-id=\"741e067\" data-element_type=\"section\">\n\t\t\t\t\t\t<div class=\"elementor-container elementor-column-gap-default\">\n\t\t\t\t\t<div class=\"elementor-column elementor-col-50 elementor-top-column elementor-element elementor-element-e09d8b3\" data-id=\"e09d8b3\" data-element_type=\"column\">\n\t\t\t<div class=\"elementor-widget-wrap elementor-element-populated\">\n\t\t\t\t\t\t<div class=\"elementor-element elementor-element-60d5b18 elementor-widget elementor-widget-image-carousel\" data-id=\"60d5b18\" data-element_type=\"widget\" data-settings=\"{&quot;slides_to_show&quot;:&quot;1&quot;,&quot;navigation&quot;:&quot;none&quot;,&quot;autoplay_speed&quot;:3000,&quot;effect&quot;:&quot;fade&quot;,&quot;autoplay&quot;:&quot;yes&quot;,&quot;pause_on_hover&quot;:&quot;yes&quot;,&quot;pause_on_interaction&quot;:&quot;yes&quot;,&quot;infinite&quot;:&quot;yes&quot;,&quot;speed&quot;:500}\" data-widget_type=\"image-carousel.default\">\n\t\t\t\t<div class=\"elementor-widget-container\">\n\t\t\t\t\t\t\t<div class=\"elementor-image-carousel-wrapper swiper\" role=\"region\" aria-roledescription=\"carousel\" aria-label=\"Carrusel d&#039;imatges\" dir=\"ltr\">\n\t\t\t<div class=\"elementor-image-carousel swiper-wrapper\" aria-live=\"off\">\n\t\t\t\t\t\t\t\t<div class=\"swiper-slide\" role=\"group\" aria-roledescription=\"slide\" aria-label=\"1 de 5\"><figure class=\"swiper-slide-inner\"><img decoding=\"async\" class=\"swiper-slide-image\" src=\"https:\/\/institutbadal.com\/wp-content\/uploads\/terapia5.png\" alt=\"terapia5\" \/><\/figure><\/div><div class=\"swiper-slide\" role=\"group\" aria-roledescription=\"slide\" aria-label=\"2 de 5\"><figure class=\"swiper-slide-inner\"><img decoding=\"async\" class=\"swiper-slide-image\" src=\"https:\/\/institutbadal.com\/wp-content\/uploads\/terapia1.png\" alt=\"terapia1\" \/><\/figure><\/div><div class=\"swiper-slide\" role=\"group\" aria-roledescription=\"slide\" aria-label=\"3 de 5\"><figure class=\"swiper-slide-inner\"><img decoding=\"async\" class=\"swiper-slide-image\" src=\"https:\/\/institutbadal.com\/wp-content\/uploads\/terapia2.png\" alt=\"terapia2\" \/><\/figure><\/div><div class=\"swiper-slide\" role=\"group\" aria-roledescription=\"slide\" aria-label=\"4 de 5\"><figure class=\"swiper-slide-inner\"><img decoding=\"async\" class=\"swiper-slide-image\" src=\"https:\/\/institutbadal.com\/wp-content\/uploads\/terapia3.png\" alt=\"terapia3\" \/><\/figure><\/div><div class=\"swiper-slide\" role=\"group\" aria-roledescription=\"slide\" aria-label=\"5 de 5\"><figure class=\"swiper-slide-inner\"><img decoding=\"async\" class=\"swiper-slide-image\" src=\"https:\/\/institutbadal.com\/wp-content\/uploads\/terapia4.png\" alt=\"terapia4\" \/><\/figure><\/div>\t\t\t<\/div>\n\t\t\t\t\t\t\t\n\t\t\t\t\t\t\t\t\t<\/div>\n\t\t\t\t\t\t<\/div>\n\t\t\t\t<\/div>\n\t\t\t\t\t<\/div>\n\t\t<\/div>\n\t\t\t\t<div class=\"elementor-column elementor-col-50 elementor-top-column elementor-element elementor-element-a83c049\" data-id=\"a83c049\" data-element_type=\"column\">\n\t\t\t<div class=\"elementor-widget-wrap elementor-element-populated\">\n\t\t\t\t\t\t<div class=\"elementor-element elementor-element-65d2013 elementor-widget elementor-widget-text-editor\" data-id=\"65d2013\" data-element_type=\"widget\" data-widget_type=\"text-editor.default\">\n\t\t\t\t<div class=\"elementor-widget-container\">\n\t\t\t\t\t\t\t\t\t<p style=\"margin-bottom: 0px; padding-bottom: 25px; color: #666666; font-family: Raleway, Arial, serif; font-size: 16px; font-style: normal; font-variant-ligatures: normal; font-variant-caps: normal; font-weight: 300;\"><span style=\"caret-color: #666666; font-family: Raleway, Arial, serif; font-size: 24px; font-style: normal; font-variant-caps: normal; font-weight: 300; text-align: justify; text-size-adjust: auto;\"><span style=\"font-family: Raleway, Arial, serif; font-size: 24px; font-style: normal; font-variant-caps: normal; font-weight: 300; text-size-adjust: auto;\">\u00bfQu\u00e9 es?<\/span><\/span><span style=\"font-size: 18pt;\">\r\n<\/span><\/p><br><p style=\"margin-bottom: 0px; padding-bottom: 25px; color: #666666; font-family: Raleway, Arial, serif; font-size: 16px; font-style: normal; font-variant-ligatures: normal; font-variant-caps: normal; font-weight: 300; text-align: justify;\"><span style=\"font-family: Raleway, Arial, serif; font-size: 16px; font-style: normal; font-variant-caps: normal; font-weight: 300; caret-color: #666666;\">La Terapia Visual es el tratamiento indicado para desarrollar y\/o mejorar las diversas habilidades visuales, tanto de car\u00e1cter neuromuscular como neurofisiol\u00f3gico y neurosensorial, que no est\u00e9n trabajando de la forma m\u00e1s \u00f3ptima. Mediante diferentes procedimientos se puede conseguir un sistema visual eficaz que beneficia cualquier situaci\u00f3n de rutina diaria, por ejemplo a nivel acad\u00e9mico, laboral o deportivo.<\/span><\/p><br>Es importante tener en cuenta que a veces hay problemas de aprendizaje que tienen relaci\u00f3n con la visi\u00f3n, ya sea porque hay disfunciones en el enfoque o la coordinaci\u00f3n de ambos ojos, o por un problema en el procesamiento de la informaci\u00f3n que recibimos a trav\u00e9s de la v\u00eda visual. Por este motivo es muy importante realizar un examen visual completo y obtener un diagn\u00f3stico adecuado para poder estimar las opciones de tratamiento, la duraci\u00f3n y el pron\u00f3stico de \u00e9ste<span style=\"caret-color: #666666;\">.<\/span>\t\t\t\t\t\t\t\t<\/div>\n\t\t\t\t<\/div>\n\t\t\t\t\t<\/div>\n\t\t<\/div>\n\t\t\t\t\t<\/div>\n\t\t<\/section>\n\t\t\t\t<section class=\"elementor-section elementor-top-section elementor-element elementor-element-0b8dc1c elementor-section-boxed elementor-section-height-default elementor-section-height-default\" data-id=\"0b8dc1c\" data-element_type=\"section\">\n\t\t\t\t\t\t<div class=\"elementor-container elementor-column-gap-default\">\n\t\t\t\t\t<div class=\"elementor-column elementor-col-100 elementor-top-column elementor-element elementor-element-1390601\" data-id=\"1390601\" data-element_type=\"column\">\n\t\t\t<div class=\"elementor-widget-wrap elementor-element-populated\">\n\t\t\t\t\t\t<div class=\"elementor-element elementor-element-526aa69 elementor-widget elementor-widget-text-editor\" data-id=\"526aa69\" data-element_type=\"widget\" data-widget_type=\"text-editor.default\">\n\t\t\t\t<div class=\"elementor-widget-container\">\n\t\t\t\t\t\t\t\t\t<p style=\"margin-bottom: 0px; padding-bottom: 25px; color: #666666; font-family: Raleway, Arial, serif; font-size: 16px; font-style: normal; font-variant-ligatures: normal; font-variant-caps: normal; font-weight: 300;\"><span style=\"caret-color: #666666; font-family: Raleway, Arial, serif; font-size: 24px; font-style: normal; font-variant-caps: normal; font-weight: 300; text-align: justify; text-size-adjust: auto;\"><span style=\"font-family: Raleway, Arial, serif; font-size: 24px; font-style: normal; font-variant-caps: normal; font-weight: 300; text-size-adjust: auto;\">\u00bfQu\u00e9 puede tratar?<\/span><\/span><span style=\"font-size: 18pt;\"><br \/>\n<\/span><\/p>\n<p><\/p>\n<p style=\"margin-bottom: 0px; padding-bottom: 25px; caret-color: #666666; color: #666666; font-family: Raleway, Arial, serif; font-size: 16px; font-style: normal; font-variant-caps: normal; font-weight: 300; text-size-adjust: auto; text-align: justify; padding-left: 80px;\"><span style=\"font-family: Raleway, Arial, serif; font-size: 16px; font-style: normal; font-variant-caps: normal; font-weight: 300; text-size-adjust: auto;\">&#8211; Disfunciones binoculares<\/span><br style=\"text-size-adjust: auto;\" \/><span style=\"font-family: Raleway, Arial, serif; font-size: 16px; font-style: normal; font-variant-caps: normal; font-weight: 300; text-size-adjust: auto;\">&#8211; Disfunciones acomodativas<\/span><br style=\"text-size-adjust: auto;\" \/><span style=\"font-family: Raleway, Arial, serif; font-size: 16px; font-style: normal; font-variant-caps: normal; font-weight: 300; text-size-adjust: auto;\">&#8211; Ambliop\u00edas <\/span><br style=\"text-size-adjust: auto;\" \/><span style=\"font-family: Raleway, Arial, serif; font-size: 16px; font-style: normal; font-variant-caps: normal; font-weight: 300; text-size-adjust: auto;\">&#8211; Estrabismos<\/span><br style=\"text-size-adjust: auto;\" \/><span style=\"font-family: Raleway, Arial, serif; font-size: 16px; font-style: normal; font-variant-caps: normal; font-weight: 300; text-size-adjust: auto;\">&#8211; Diplop\u00eda <\/span><br style=\"text-size-adjust: auto;\" \/><span style=\"font-family: Raleway, Arial, serif; font-size: 16px; font-style: normal; font-variant-caps: normal; font-weight: 300; text-size-adjust: auto;\">&#8211; Problemas de percepci\u00f3n visual<\/span><br style=\"text-size-adjust: auto;\" \/><span style=\"font-family: Raleway, Arial, serif; font-size: 16px; font-style: normal; font-variant-caps: normal; font-weight: 300; text-size-adjust: auto;\">&#8211; Problemas de integraci\u00f3n visuomotora<\/span><br style=\"text-size-adjust: auto;\" \/><span style=\"font-family: Raleway, Arial, serif; font-size: 16px; font-style: normal; font-variant-caps: normal; font-weight: 300; text-size-adjust: auto;\">&#8211; Problemas de lecto-escritura <\/span><\/p>\n\t\t\t\t\t\t\t\t<\/div>\n\t\t\t\t<\/div>\n\t\t\t\t<div class=\"elementor-element elementor-element-6f67a73 elementor-widget elementor-widget-text-editor\" data-id=\"6f67a73\" data-element_type=\"widget\" data-widget_type=\"text-editor.default\">\n\t\t\t\t<div class=\"elementor-widget-container\">\n\t\t\t\t\t\t\t\t\t<p style=\"margin-bottom: 0px; padding-bottom: 25px; color: #666666; font-family: Raleway, Arial, serif; font-size: 16px; font-style: normal; font-variant-ligatures: normal; font-variant-caps: normal; font-weight: 300;\"><span style=\"caret-color: #666666; font-family: Raleway, Arial, serif; font-size: 24px; font-style: normal; font-variant-caps: normal; font-weight: 300; text-align: justify; text-size-adjust: auto;\"><span style=\"font-family: Raleway, Arial, serif; font-size: 24px; font-style: normal; font-variant-caps: normal; font-weight: 300; text-size-adjust: auto;\"><span style=\"font-family: Raleway, Arial, serif; font-size: 24px; font-style: normal; font-variant-caps: normal; font-weight: 300; text-size-adjust: auto;\">\u00a0\u00bfQu\u00e9 s\u00edntomas nos tienen que alertar?<\/span><\/span><\/span><span style=\"font-size: 18pt;\"><br \/>\n<\/span><\/p>\n<p><\/p>\n<p style=\"margin-bottom: 0px; padding-bottom: 25px; color: #666666; font-family: Raleway, Arial, serif; font-size: 16px; font-style: normal; font-variant-ligatures: normal; font-variant-caps: normal; font-weight: 300; text-align: justify;\"><span style=\"font-family: Raleway, Arial, serif; font-size: 16px; font-style: normal; font-variant-caps: normal; font-weight: 300; caret-color: #666666;\">Algunos de los s\u00edntomas que nos pueden hacer pensar en un problema visual son:<\/span><\/p>\n<p>&#8211; Mala visi\u00f3n de lejos o de cerca<br \/>&#8211; Cansancio a la hora de hacer tareas en visi\u00f3n cercana<br \/>&#8211; Acercarse mucho al papel<br \/>&#8211; Perder o saltarse l\u00edneas durante la lectura<br \/>&#8211; Dolores de cabeza<br \/>&#8211; Problemas de atenci\u00f3n y concentraci\u00f3n<br \/>&#8211; Falta de comprensi\u00f3n<br \/>&#8211; Cerrar un ojo<br \/>&#8211; Inversi\u00f3n de letras y\/o n\u00fameros<br \/>&#8211; Escritura irregular<br \/>&#8211; No recordar lo que se acaba de leer<\/p>\n<p style=\"margin-bottom: 0px; padding-bottom: 25px; caret-color: #666666; color: #666666; font-family: Raleway, Arial, serif; font-size: 16px; font-style: normal; font-variant-caps: normal; font-weight: 300; text-size-adjust: auto; text-align: justify;\"><span style=\"font-size: 18pt;\">\u00bfQui\u00e9n puede hacer Terapia Visual?<\/span><\/p>\n<p><\/p>\n<p style=\"margin-bottom: 0px; padding-bottom: 25px; caret-color: #666666; color: #666666; font-family: Raleway, Arial, serif; font-size: 16px; font-style: normal; font-variant-caps: normal; font-weight: 300; text-size-adjust: auto; text-align: justify;\">La terapia visual es un tratamiento adecuado tanto por ni\u00f1os como por adultos. Est\u00e1 programado de manera individual y personalizado, teniendo en cuenta las necesidades visuales espec\u00edficas de cada paciente.<\/p>\n\t\t\t\t\t\t\t\t<\/div>\n\t\t\t\t<\/div>\n\t\t\t\t\t<\/div>\n\t\t<\/div>\n\t\t\t\t\t<\/div>\n\t\t<\/section>\n\t\t\t\t<section class=\"elementor-section elementor-top-section elementor-element elementor-element-2049013 elementor-section-boxed elementor-section-height-default elementor-section-height-default\" data-id=\"2049013\" data-element_type=\"section\">\n\t\t\t\t\t\t<div class=\"elementor-container elementor-column-gap-default\">\n\t\t\t\t\t<div class=\"elementor-column elementor-col-100 elementor-top-column elementor-element elementor-element-38e6201\" data-id=\"38e6201\" data-element_type=\"column\">\n\t\t\t<div class=\"elementor-widget-wrap elementor-element-populated\">\n\t\t\t\t\t\t<div class=\"elementor-element elementor-element-254a607 elementor-align-center elementor-invisible elementor-widget elementor-widget-button\" data-id=\"254a607\" data-element_type=\"widget\" data-settings=\"{&quot;_animation&quot;:&quot;fadeInDown&quot;}\" data-widget_type=\"button.default\">\n\t\t\t\t<div class=\"elementor-widget-container\">\n\t\t\t\t\t\t\t\t\t<div class=\"elementor-button-wrapper\">\n\t\t\t\t\t<a class=\"elementor-button elementor-button-link elementor-size-md\" href=\"https:\/\/www.terapiavisualmanresa.com\/\" target=\"_blank\">\n\t\t\t\t\t\t<span class=\"elementor-button-content-wrapper\">\n\t\t\t\t\t\t\t\t\t<span class=\"elementor-button-text\">\u00bfM\u00e1s informaci\u00f3n? Consulta nuestra web de Terapia Visual<\/span>\n\t\t\t\t\t<\/span>\n\t\t\t\t\t<\/a>\n\t\t\t\t<\/div>\n\t\t\t\t\t\t\t\t<\/div>\n\t\t\t\t<\/div>\n\t\t\t\t\t<\/div>\n\t\t<\/div>\n\t\t\t\t\t<\/div>\n\t\t<\/section>\n\t\t\t\t<\/div>\n\t\t","protected":false},"excerpt":{"rendered":"<p>TERAPIA VISUAL \u00bfQu\u00e9 es? La Terapia Visual es el tratamiento indicado para desarrollar y\/o mejorar las diversas habilidades visuales, tanto de car\u00e1cter neuromuscular como neurofisiol\u00f3gico y neurosensorial, que no est\u00e9n trabajando de la forma m\u00e1s \u00f3ptima. Mediante diferentes procedimientos se puede conseguir un sistema visual eficaz que beneficia cualquier situaci\u00f3n de rutina diaria, por ejemplo [&hellip;]<\/p>\n","protected":false},"author":1,"featured_media":0,"parent":0,"menu_order":0,"comment_status":"closed","ping_status":"closed","template":"","meta":{"footnotes":""},"class_list":["post-304","page","type-page","status-publish","hentry","entry"],"_links":{"self":[{"href":"https:\/\/institutbadal.com\/es\/wp-json\/wp\/v2\/pages\/304","targetHints":{"allow":["GET"]}}],"collection":[{"href":"https:\/\/institutbadal.com\/es\/wp-json\/wp\/v2\/pages"}],"about":[{"href":"https:\/\/institutbadal.com\/es\/wp-json\/wp\/v2\/types\/page"}],"author":[{"embeddable":true,"href":"https:\/\/institutbadal.com\/es\/wp-json\/wp\/v2\/users\/1"}],"replies":[{"embeddable":true,"href":"https:\/\/institutbadal.com\/es\/wp-json\/wp\/v2\/comments?post=304"}],"version-history":[{"count":8,"href":"https:\/\/institutbadal.com\/es\/wp-json\/wp\/v2\/pages\/304\/revisions"}],"predecessor-version":[{"id":1838,"href":"https:\/\/institutbadal.com\/es\/wp-json\/wp\/v2\/pages\/304\/revisions\/1838"}],"wp:attachment":[{"href":"https:\/\/institutbadal.com\/es\/wp-json\/wp\/v2\/media?parent=304"}],"curies":[{"name":"wp","href":"https:\/\/api.w.org\/{rel}","templated":true}]}}