{"id":306,"date":"2019-10-30T22:48:31","date_gmt":"2019-10-30T22:48:31","guid":{"rendered":"https:\/\/institutbadal.com\/tratamientos-no-quirurgicos\/"},"modified":"2019-10-30T22:48:31","modified_gmt":"2019-10-30T22:48:31","slug":"tratamientos-no-quirurgicos","status":"publish","type":"page","link":"https:\/\/institutbadal.com\/es\/tratamientos-no-quirurgicos\/","title":{"rendered":"TRATAMIENTOS NO QUIR\u00daRGICOS"},"content":{"rendered":"\t\t<div data-elementor-type=\"wp-page\" data-elementor-id=\"306\" class=\"elementor elementor-306 elementor-176\">\n\t\t\t\t\t\t<section class=\"elementor-section elementor-top-section elementor-element elementor-element-4a83310 elementor-section-boxed elementor-section-height-default elementor-section-height-default\" data-id=\"4a83310\" data-element_type=\"section\" data-e-type=\"section\">\n\t\t\t\t\t\t<div class=\"elementor-container elementor-column-gap-default\">\n\t\t\t\t\t<div class=\"elementor-column elementor-col-100 elementor-top-column elementor-element elementor-element-b2d39b5\" data-id=\"b2d39b5\" data-element_type=\"column\" data-e-type=\"column\">\n\t\t\t<div class=\"elementor-widget-wrap elementor-element-populated\">\n\t\t\t\t\t\t<div class=\"elementor-element elementor-element-95a572d elementor-widget elementor-widget-text-editor\" data-id=\"95a572d\" data-element_type=\"widget\" data-e-type=\"widget\" data-widget_type=\"text-editor.default\">\n\t\t\t\t<div class=\"elementor-widget-container\">\n\t\t\t\t\t\t\t\t\t<h2 style=\"margin: 0px 0px 60px; font-family: Raleway, Arial, serif !important; font-weight: 800; line-height: 48px; color: inherit; text-rendering: optimizeLegibility; font-size: 48px; text-transform: uppercase;\">TRATAMIENTOS NO QUIR\u00daRGICOS<\/h2>\n\t\t\t\t\t\t\t\t<\/div>\n\t\t\t\t<\/div>\n\t\t\t\t\t<\/div>\n\t\t<\/div>\n\t\t\t\t\t<\/div>\n\t\t<\/section>\n\t\t\t\t<section class=\"elementor-section elementor-top-section elementor-element elementor-element-741e067 elementor-section-boxed elementor-section-height-default elementor-section-height-default\" data-id=\"741e067\" data-element_type=\"section\" data-e-type=\"section\">\n\t\t\t\t\t\t<div class=\"elementor-container elementor-column-gap-default\">\n\t\t\t\t\t<div class=\"elementor-column elementor-col-50 elementor-top-column elementor-element elementor-element-e09d8b3\" data-id=\"e09d8b3\" data-element_type=\"column\" data-e-type=\"column\">\n\t\t\t<div class=\"elementor-widget-wrap elementor-element-populated\">\n\t\t\t\t\t\t<div class=\"elementor-element elementor-element-e0ad3e7 elementor-widget elementor-widget-image\" data-id=\"e0ad3e7\" data-element_type=\"widget\" data-e-type=\"widget\" data-widget_type=\"image.default\">\n\t\t\t\t<div class=\"elementor-widget-container\">\n\t\t\t\t\t\t\t\t\t\t\t\t\t\t\t<img fetchpriority=\"high\" decoding=\"async\" width=\"270\" height=\"270\" src=\"https:\/\/institutbadal.com\/wp-content\/uploads\/2019\/10\/trac_no_quirur.jpg\" class=\"attachment-large size-large wp-image-252\" alt=\"\" srcset=\"https:\/\/institutbadal.com\/wp-content\/uploads\/2019\/10\/trac_no_quirur.jpg 270w, https:\/\/institutbadal.com\/wp-content\/uploads\/2019\/10\/trac_no_quirur-150x150.jpg 150w\" sizes=\"(max-width: 270px) 100vw, 270px\" \/>\t\t\t\t\t\t\t\t\t\t\t\t\t\t\t<\/div>\n\t\t\t\t<\/div>\n\t\t\t\t\t<\/div>\n\t\t<\/div>\n\t\t\t\t<div class=\"elementor-column elementor-col-50 elementor-top-column elementor-element elementor-element-a83c049\" data-id=\"a83c049\" data-element_type=\"column\" data-e-type=\"column\">\n\t\t\t<div class=\"elementor-widget-wrap elementor-element-populated\">\n\t\t\t\t\t\t<div class=\"elementor-element elementor-element-65d2013 elementor-widget elementor-widget-text-editor\" data-id=\"65d2013\" data-element_type=\"widget\" data-e-type=\"widget\" data-widget_type=\"text-editor.default\">\n\t\t\t\t<div class=\"elementor-widget-container\">\n\t\t\t\t\t\t\t\t\t<p style=\"margin-bottom: 0px; padding-bottom: 25px; color: #666666; font-family: Raleway, Arial, serif; font-size: 16px; font-style: normal; font-variant-ligatures: normal; font-variant-caps: normal; font-weight: 300;\"><span style=\"font-size: 18pt; text-align: justify; caret-color: #666666;\">Toxina Botul\u00ednica Tipo A facial<\/span><\/p>\n<p style=\"margin-bottom: 0px; padding-bottom: 25px; color: #666666; font-family: Raleway, Arial, serif; font-size: 16px; font-style: normal; font-variant-ligatures: normal; font-variant-caps: normal; font-weight: 300;\">La toxina botul\u00ednica es un preparado que deriva de una toxina producida por la bacteria Clostridium Botulinum. Su efecto es el de paralizar la acci\u00f3n muscular ya que bloquea la transmisi\u00f3n neuromuscular. Sus aplicaciones en la medicina actual son m\u00faltiples y entre ellas el rejuvenecimiento facial sin cirug\u00eda.<\/p>\n<p>Al relajar los m\u00fasculos faciales, ciertas arrugas desaparecen o se suavizan. Existen dos \u00e1reas donde la toxina Botul\u00ednica Tipo A funciona especialmente bien: el entrecejo (glabela) y la frente. Las denominadas \u2018patas de gallo\u2019 se pueden mejorar en muchos casos pero los resultados no son tan buenos.<\/p>\n<p>La toxina botul\u00ednica tarda entre 3 y 5 d\u00edas en hacer pleno efecto tras la inyecci\u00f3n. La inyecci\u00f3n es indolora y no requiere ninguna pauta postoperatoria. A la semana de la inyecci\u00f3n se valora el resultado y si se considera necesario se puede retocar el tratamiento. El tratamiento con Toxina Botul\u00ednica Tipo A siempre es temporal. Su efecto dura entre 3 y 6 meses. Las posibles complicaciones del tratamiento tambi\u00e9n son siempre temporales. Estas complicaciones son extremadamente infrecuentes si la t\u00e9cnica de inyecci\u00f3n es adecuada.<\/p>\n\t\t\t\t\t\t\t\t<\/div>\n\t\t\t\t<\/div>\n\t\t\t\t\t<\/div>\n\t\t<\/div>\n\t\t\t\t\t<\/div>\n\t\t<\/section>\n\t\t\t\t<section class=\"elementor-section elementor-top-section elementor-element elementor-element-0b8dc1c elementor-section-boxed elementor-section-height-default elementor-section-height-default\" data-id=\"0b8dc1c\" data-element_type=\"section\" data-e-type=\"section\">\n\t\t\t\t\t\t<div class=\"elementor-container elementor-column-gap-default\">\n\t\t\t\t\t<div class=\"elementor-column elementor-col-100 elementor-top-column elementor-element elementor-element-1390601\" data-id=\"1390601\" data-element_type=\"column\" data-e-type=\"column\">\n\t\t\t<div class=\"elementor-widget-wrap elementor-element-populated\">\n\t\t\t\t\t\t<div class=\"elementor-element elementor-element-6f67a73 elementor-widget elementor-widget-text-editor\" data-id=\"6f67a73\" data-element_type=\"widget\" data-e-type=\"widget\" data-widget_type=\"text-editor.default\">\n\t\t\t\t<div class=\"elementor-widget-container\">\n\t\t\t\t\t\t\t\t\t<p style=\"margin-bottom: 0px; padding-bottom: 25px; color: #666666; font-family: Raleway, Arial, serif; font-size: 16px; font-style: normal; font-variant-ligatures: normal; font-variant-caps: normal; font-weight: 300;\"><span style=\"font-size: 18pt; caret-color: #666666; text-align: justify;\">Surcos nasoyugales u \u2018ojeras\u2019<\/span><\/p>\n<p style=\"margin-bottom: 0px; padding-bottom: 25px; color: #666666; font-family: Raleway, Arial, serif; font-size: 16px; font-style: normal; font-variant-ligatures: normal; font-variant-caps: normal; font-weight: 300;\">Los surcos nasoyugales, m\u00e1s conocidos como \u2018ojeras\u2019, son un motivo de consulta frecuente en nuestra pr\u00e1ctica diaria. Los pacientes suelen quejarse de una pigmentaci\u00f3n o una depresi\u00f3n en este \u00e1rea que les da un aspecto de poco descansados. En muchos casos este aspecto es producido por una falta de volumen a este nivel. Hoy en d\u00eda estos defectos pueden suplirse con inyecciones de \u00e1cido hialur\u00f3nico. Este tratamiento se aplica en la consulta y suele tener una duraci\u00f3n de entre 3 y 6 meses.<\/p>\n<p style=\"margin-bottom: 0px; padding-bottom: 25px; caret-color: #666666; color: #666666; font-family: Raleway, Arial, serif; font-size: 16px; font-style: normal; font-variant-caps: normal; font-weight: 300; text-size-adjust: auto; text-align: justify;\"><span style=\"font-size: 18pt;\">Dilataciones vasculares faciales<\/span><\/p>\n<p style=\"margin-bottom: 0px; padding-bottom: 25px; caret-color: #666666; color: #666666; font-family: Raleway, Arial, serif; font-size: 16px; font-style: normal; font-variant-caps: normal; font-weight: 300; text-size-adjust: auto; text-align: justify;\">La aparici\u00f3n de peque\u00f1as dilataciones vasculares en la cara es muy com\u00fan. En ocasiones se relacionan al acn\u00e9 ros\u00e1cea pero en otras ocasiones aparecen sin causa aparente. Son especialmente frecuentes a nivel de las alas nasales.<\/p>\n<p style=\"margin-bottom: 0px; padding-bottom: 25px; caret-color: #666666; color: #666666; font-family: Raleway, Arial, serif; font-size: 16px; font-style: normal; font-variant-caps: normal; font-weight: 300; text-size-adjust: auto; text-align: justify;\">Hoy en d\u00eda estas dilataciones pueden tratarse muy eficazmente mediante radiofrecuencia. Esto consiste en la cauterizaci\u00f3n y cierre de estos peque\u00f1os vasos sangu\u00edneos mediante la aplicaci\u00f3n de una microdescarga el\u00e9ctrica. Es un procedimiento que se puede realizar en la consulta sin necesidad de anestesia y sin postoperatorio alguno. Tiene un alto \u00edndice de \u00e9xito y puede repetirse en caso de recurrencia.<\/p>\n\t\t\t\t\t\t\t\t<\/div>\n\t\t\t\t<\/div>\n\t\t\t\t\t<\/div>\n\t\t<\/div>\n\t\t\t\t\t<\/div>\n\t\t<\/section>\n\t\t\t\t<\/div>\n\t\t","protected":false},"excerpt":{"rendered":"<p>TRATAMIENTOS NO QUIR\u00daRGICOS Toxina Botul\u00ednica Tipo A facial La toxina botul\u00ednica es un preparado que deriva de una toxina producida por la bacteria Clostridium Botulinum. Su efecto es el de paralizar la acci\u00f3n muscular ya que bloquea la transmisi\u00f3n neuromuscular. Sus aplicaciones en la medicina actual son m\u00faltiples y entre ellas el rejuvenecimiento facial sin [&hellip;]<\/p>\n","protected":false},"author":1,"featured_media":0,"parent":0,"menu_order":0,"comment_status":"closed","ping_status":"closed","template":"","meta":{"footnotes":""},"class_list":["post-306","page","type-page","status-publish","hentry","entry"],"_links":{"self":[{"href":"https:\/\/institutbadal.com\/es\/wp-json\/wp\/v2\/pages\/306","targetHints":{"allow":["GET"]}}],"collection":[{"href":"https:\/\/institutbadal.com\/es\/wp-json\/wp\/v2\/pages"}],"about":[{"href":"https:\/\/institutbadal.com\/es\/wp-json\/wp\/v2\/types\/page"}],"author":[{"embeddable":true,"href":"https:\/\/institutbadal.com\/es\/wp-json\/wp\/v2\/users\/1"}],"replies":[{"embeddable":true,"href":"https:\/\/institutbadal.com\/es\/wp-json\/wp\/v2\/comments?post=306"}],"version-history":[{"count":1,"href":"https:\/\/institutbadal.com\/es\/wp-json\/wp\/v2\/pages\/306\/revisions"}],"predecessor-version":[{"id":307,"href":"https:\/\/institutbadal.com\/es\/wp-json\/wp\/v2\/pages\/306\/revisions\/307"}],"wp:attachment":[{"href":"https:\/\/institutbadal.com\/es\/wp-json\/wp\/v2\/media?parent=306"}],"curies":[{"name":"wp","href":"https:\/\/api.w.org\/{rel}","templated":true}]}}