{"id":308,"date":"2019-10-30T22:54:02","date_gmt":"2019-10-30T22:54:02","guid":{"rendered":"https:\/\/institutbadal.com\/ojo-seco-y-superficie-ocular\/"},"modified":"2025-09-11T18:33:10","modified_gmt":"2025-09-11T18:33:10","slug":"ojo-seco-y-superficie-ocular","status":"publish","type":"page","link":"https:\/\/institutbadal.com\/es\/ojo-seco-y-superficie-ocular\/","title":{"rendered":"OJO SECO Y SUPERFICIE OCULAR"},"content":{"rendered":"\t\t<div data-elementor-type=\"wp-page\" data-elementor-id=\"308\" class=\"elementor elementor-308 elementor-164\">\n\t\t\t\t\t\t<section class=\"elementor-section elementor-top-section elementor-element elementor-element-4a83310 elementor-section-boxed elementor-section-height-default elementor-section-height-default\" data-id=\"4a83310\" data-element_type=\"section\">\n\t\t\t\t\t\t<div class=\"elementor-container elementor-column-gap-default\">\n\t\t\t\t\t<div class=\"elementor-column elementor-col-100 elementor-top-column elementor-element elementor-element-b2d39b5\" data-id=\"b2d39b5\" data-element_type=\"column\">\n\t\t\t<div class=\"elementor-widget-wrap elementor-element-populated\">\n\t\t\t\t\t\t<div class=\"elementor-element elementor-element-95a572d elementor-widget elementor-widget-text-editor\" data-id=\"95a572d\" data-element_type=\"widget\" data-widget_type=\"text-editor.default\">\n\t\t\t\t<div class=\"elementor-widget-container\">\n\t\t\t\t\t\t\t\t\t<h2 style=\"margin: 0px 0px 60px; font-family: Raleway, Arial, serif !important; font-weight: 800; line-height: 48px; color: inherit; text-rendering: optimizeLegibility; font-size: 48px; text-transform: uppercase;\">OJO SECO Y SUPERFICIE OCULAR<\/h2>\t\t\t\t\t\t\t\t<\/div>\n\t\t\t\t<\/div>\n\t\t\t\t\t<\/div>\n\t\t<\/div>\n\t\t\t\t\t<\/div>\n\t\t<\/section>\n\t\t\t\t<section class=\"elementor-section elementor-top-section elementor-element elementor-element-741e067 elementor-section-boxed elementor-section-height-default elementor-section-height-default\" data-id=\"741e067\" data-element_type=\"section\">\n\t\t\t\t\t\t<div class=\"elementor-container elementor-column-gap-default\">\n\t\t\t\t\t<div class=\"elementor-column elementor-col-50 elementor-top-column elementor-element elementor-element-e09d8b3\" data-id=\"e09d8b3\" data-element_type=\"column\">\n\t\t\t<div class=\"elementor-widget-wrap elementor-element-populated\">\n\t\t\t\t\t\t<div class=\"elementor-element elementor-element-55fe1c8 elementor-widget elementor-widget-image-carousel\" data-id=\"55fe1c8\" data-element_type=\"widget\" data-settings=\"{&quot;slides_to_show&quot;:&quot;1&quot;,&quot;navigation&quot;:&quot;none&quot;,&quot;autoplay_speed&quot;:3000,&quot;effect&quot;:&quot;fade&quot;,&quot;autoplay&quot;:&quot;yes&quot;,&quot;pause_on_hover&quot;:&quot;yes&quot;,&quot;pause_on_interaction&quot;:&quot;yes&quot;,&quot;infinite&quot;:&quot;yes&quot;,&quot;speed&quot;:500}\" data-widget_type=\"image-carousel.default\">\n\t\t\t\t<div class=\"elementor-widget-container\">\n\t\t\t\t\t\t\t<div class=\"elementor-image-carousel-wrapper swiper\" role=\"region\" aria-roledescription=\"carousel\" aria-label=\"Carrusel d&#039;imatges\" dir=\"ltr\">\n\t\t\t<div class=\"elementor-image-carousel swiper-wrapper\" aria-live=\"off\">\n\t\t\t\t\t\t\t\t<div class=\"swiper-slide\" role=\"group\" aria-roledescription=\"slide\" aria-label=\"1 de 3\"><figure class=\"swiper-slide-inner\"><img decoding=\"async\" class=\"swiper-slide-image\" src=\"https:\/\/institutbadal.com\/wp-content\/uploads\/2019\/10\/ull_sec.jpg\" alt=\"ull_sec\" \/><\/figure><\/div><div class=\"swiper-slide\" role=\"group\" aria-roledescription=\"slide\" aria-label=\"2 de 3\"><figure class=\"swiper-slide-inner\"><img decoding=\"async\" class=\"swiper-slide-image\" src=\"https:\/\/institutbadal.com\/wp-content\/uploads\/ull2.png\" alt=\"ull2\" \/><\/figure><\/div><div class=\"swiper-slide\" role=\"group\" aria-roledescription=\"slide\" aria-label=\"3 de 3\"><figure class=\"swiper-slide-inner\"><img decoding=\"async\" class=\"swiper-slide-image\" src=\"https:\/\/institutbadal.com\/wp-content\/uploads\/ull1.png\" alt=\"ull1\" \/><\/figure><\/div>\t\t\t<\/div>\n\t\t\t\t\t\t\t\n\t\t\t\t\t\t\t\t\t<\/div>\n\t\t\t\t\t\t<\/div>\n\t\t\t\t<\/div>\n\t\t\t\t\t<\/div>\n\t\t<\/div>\n\t\t\t\t<div class=\"elementor-column elementor-col-50 elementor-top-column elementor-element elementor-element-a83c049\" data-id=\"a83c049\" data-element_type=\"column\">\n\t\t\t<div class=\"elementor-widget-wrap elementor-element-populated\">\n\t\t\t\t\t\t<div class=\"elementor-element elementor-element-65d2013 elementor-widget elementor-widget-text-editor\" data-id=\"65d2013\" data-element_type=\"widget\" data-widget_type=\"text-editor.default\">\n\t\t\t\t<div class=\"elementor-widget-container\">\n\t\t\t\t\t\t\t\t\t<p style=\"margin-bottom: 0px; padding-bottom: 25px; color: #666666; font-family: Raleway, Arial, serif; font-size: 16px; font-style: normal; font-variant-ligatures: normal; font-variant-caps: normal; font-weight: 300;\">Entendemos por ojo seco aquella condici\u00f3n en la que la superficie ocular se encuentra reseca como consecuencia de un d\u00e9ficit en la cantidad o una disminuci\u00f3n en la calidad de la l\u00e1grima. Existe un importante componente ambiental, con agravamiento en ambientes hostiles en los que aumenta la evaporaci\u00f3n de la l\u00e1grima, como exposici\u00f3n a aire acondicionado, calefacci\u00f3n, humos o viento, y en determinadas \u00e9pocas del a\u00f1o seg\u00fan la humedad ambiental.<\/p>\n<p>La mayor\u00eda de de los casos se produce en personas sanas que presentan formas leves o moderadas de ojo seco. Aunque los s\u00edntomas son muy molestos, rara vez llega a producir lesiones importantes en el ojo. \u00danicamente una minor\u00eda de casos est\u00e1 asociado a alguna enfermedad sint\u00e9mica (S\u00edndrome de Sj\u00f6gren, artritis reumatoide, lupus eritematoso\u2026) o a la administraci\u00f3n de ciertos medicamentos orales (antidepresivos, ansiol\u00edticos, antihistam\u00ednicos, diur\u00e9ticos\u2026).<\/p>\n\t\t\t\t\t\t\t\t<\/div>\n\t\t\t\t<\/div>\n\t\t\t\t\t<\/div>\n\t\t<\/div>\n\t\t\t\t\t<\/div>\n\t\t<\/section>\n\t\t\t\t<section class=\"elementor-section elementor-top-section elementor-element elementor-element-0b8dc1c elementor-section-boxed elementor-section-height-default elementor-section-height-default\" data-id=\"0b8dc1c\" data-element_type=\"section\">\n\t\t\t\t\t\t<div class=\"elementor-container elementor-column-gap-default\">\n\t\t\t\t\t<div class=\"elementor-column elementor-col-100 elementor-top-column elementor-element elementor-element-1390601\" data-id=\"1390601\" data-element_type=\"column\">\n\t\t\t<div class=\"elementor-widget-wrap elementor-element-populated\">\n\t\t\t\t\t\t<div class=\"elementor-element elementor-element-526aa69 elementor-widget elementor-widget-text-editor\" data-id=\"526aa69\" data-element_type=\"widget\" data-widget_type=\"text-editor.default\">\n\t\t\t\t<div class=\"elementor-widget-container\">\n\t\t\t\t\t\t\t\t\t<p>Lo padecen con mayor frecuencia las mujeres, debido a cambios hormonales asociados, y la incidencia va en aumento con la edad.<\/p>\n<p style=\"margin-bottom: 0px; padding-bottom: 25px; color: #666666; font-family: Raleway, Arial, serif; font-size: 16px; font-style: normal; font-variant-ligatures: normal; font-variant-caps: normal; font-weight: 300;\"><span style=\"font-size: 18pt; text-align: justify; caret-color: #666666;\">S\u00edntomas<\/span><\/p>\n<p>El s\u00edntoma principal es la sensaci\u00f3n de cuerpo extra\u00f1o o quemaz\u00f3n, que ocasiona gran malestar, principalmente tras el sue\u00f1o, tras una lectura o visualizaci\u00f3n de una pantalla de forma prolongada (es en estas situaciones cuando se produce una disminuci\u00f3n del parpadeo, y por tanto de la distribuci\u00f3n de la\u00a0 l\u00e1grima). Otros s\u00edntomas son el picor, la pesadez palpebral, la intolerancia a las lentes de contacto, fotofobia, visi\u00f3n borrosa transitoria, lagrimeo parad\u00f3jico y secreci\u00f3n mucosa.<\/p>\n<p style=\"margin-bottom: 0px; padding-bottom: 25px; color: #666666; font-family: Raleway, Arial, serif; font-size: 16px; font-style: normal; font-variant-ligatures: normal; font-variant-caps: normal; font-weight: 300;\"><span style=\"text-align: justify; caret-color: #666666;\">.<\/span><\/p>\n<p><\/p>\n<p style=\"margin-bottom: 0px; padding-bottom: 25px; caret-color: #666666; color: #666666; font-family: Raleway, Arial, serif; font-size: 16px; font-style: normal; font-variant-caps: normal; font-weight: 300; text-size-adjust: auto; text-align: justify;\"><span style=\"font-size: 18pt;\">Tratamiento<\/span><\/p>\n<p>En la actualidad no existe cura definitiva para el s\u00edndrome del ojo seco, aunque la ciencia m\u00e9dica no deja de realizar avances en la tecnolog\u00eda de su tratamiento. Muchos pacientes logran controlar sus s\u00edntomas y minimizar las molestias causadas por este trastorno. Un tratamiento adecuado del ojo seco se elige en funci\u00f3n de la causa m\u00e9dica de la patolog\u00eda.<\/p>\n<p>Seg\u00fan las directrices establecidas por la Academia Americana de Oftalmolog\u00eda entre principales tratamientos para este s\u00edndrome se encuentran el tratamiento sustitutivo con l\u00e1grimas artificiales, el implante de tapones lagrimales de silicona, el uso de suero aut\u00f3logo y los tratamientos antiinflamatorios.<\/p>\n\t\t\t\t\t\t\t\t<\/div>\n\t\t\t\t<\/div>\n\t\t\t\t\t<\/div>\n\t\t<\/div>\n\t\t\t\t\t<\/div>\n\t\t<\/section>\n\t\t\t\t<\/div>\n\t\t","protected":false},"excerpt":{"rendered":"<p>OJO SECO Y SUPERFICIE OCULAR Entendemos por ojo seco aquella condici\u00f3n en la que la superficie ocular se encuentra reseca como consecuencia de un d\u00e9ficit en la cantidad o una disminuci\u00f3n en la calidad de la l\u00e1grima. Existe un importante componente ambiental, con agravamiento en ambientes hostiles en los que aumenta la evaporaci\u00f3n de la [&hellip;]<\/p>\n","protected":false},"author":1,"featured_media":0,"parent":0,"menu_order":0,"comment_status":"closed","ping_status":"closed","template":"","meta":{"footnotes":""},"class_list":["post-308","page","type-page","status-publish","hentry","entry"],"_links":{"self":[{"href":"https:\/\/institutbadal.com\/es\/wp-json\/wp\/v2\/pages\/308","targetHints":{"allow":["GET"]}}],"collection":[{"href":"https:\/\/institutbadal.com\/es\/wp-json\/wp\/v2\/pages"}],"about":[{"href":"https:\/\/institutbadal.com\/es\/wp-json\/wp\/v2\/types\/page"}],"author":[{"embeddable":true,"href":"https:\/\/institutbadal.com\/es\/wp-json\/wp\/v2\/users\/1"}],"replies":[{"embeddable":true,"href":"https:\/\/institutbadal.com\/es\/wp-json\/wp\/v2\/comments?post=308"}],"version-history":[{"count":8,"href":"https:\/\/institutbadal.com\/es\/wp-json\/wp\/v2\/pages\/308\/revisions"}],"predecessor-version":[{"id":1840,"href":"https:\/\/institutbadal.com\/es\/wp-json\/wp\/v2\/pages\/308\/revisions\/1840"}],"wp:attachment":[{"href":"https:\/\/institutbadal.com\/es\/wp-json\/wp\/v2\/media?parent=308"}],"curies":[{"name":"wp","href":"https:\/\/api.w.org\/{rel}","templated":true}]}}