{"id":530,"date":"2020-04-19T07:40:09","date_gmt":"2020-04-19T07:40:09","guid":{"rendered":"https:\/\/institutbadal.com\/?page_id=530"},"modified":"2025-09-11T18:26:16","modified_gmt":"2025-09-11T18:26:16","slug":"botox","status":"publish","type":"page","link":"https:\/\/institutbadal.com\/es\/botox\/","title":{"rendered":"BOTOX"},"content":{"rendered":"\t\t<div data-elementor-type=\"wp-page\" data-elementor-id=\"530\" class=\"elementor elementor-530 elementor-529\">\n\t\t\t\t\t\t<section class=\"elementor-section elementor-top-section elementor-element elementor-element-4a83310 elementor-section-boxed elementor-section-height-default elementor-section-height-default\" data-id=\"4a83310\" data-element_type=\"section\" data-e-type=\"section\">\n\t\t\t\t\t\t<div class=\"elementor-container elementor-column-gap-default\">\n\t\t\t\t\t<div class=\"elementor-column elementor-col-100 elementor-top-column elementor-element elementor-element-b2d39b5\" data-id=\"b2d39b5\" data-element_type=\"column\" data-e-type=\"column\">\n\t\t\t<div class=\"elementor-widget-wrap elementor-element-populated\">\n\t\t\t\t\t\t<div class=\"elementor-element elementor-element-95a572d elementor-widget elementor-widget-text-editor\" data-id=\"95a572d\" data-element_type=\"widget\" data-e-type=\"widget\" data-widget_type=\"text-editor.default\">\n\t\t\t\t<div class=\"elementor-widget-container\">\n\t\t\t\t\t\t\t\t\t<h2 style=\"margin: 0px 0px 60px; font-family: Raleway, Arial, serif !important; font-weight: 800; line-height: 48px; color: inherit; text-rendering: optimizeLegibility; font-size: 48px; text-transform: uppercase;\">BOTOX<\/h2>\n\t\t\t\t\t\t\t\t<\/div>\n\t\t\t\t<\/div>\n\t\t\t\t\t<\/div>\n\t\t<\/div>\n\t\t\t\t\t<\/div>\n\t\t<\/section>\n\t\t\t\t<section class=\"elementor-section elementor-top-section elementor-element elementor-element-741e067 elementor-section-boxed elementor-section-height-default elementor-section-height-default\" data-id=\"741e067\" data-element_type=\"section\" data-e-type=\"section\">\n\t\t\t\t\t\t<div class=\"elementor-container elementor-column-gap-default\">\n\t\t\t\t\t<div class=\"elementor-column elementor-col-50 elementor-top-column elementor-element elementor-element-e09d8b3 elementor-invisible\" data-id=\"e09d8b3\" data-element_type=\"column\" data-e-type=\"column\" data-settings=\"{&quot;animation&quot;:&quot;fadeInLeft&quot;}\">\n\t\t\t<div class=\"elementor-widget-wrap elementor-element-populated\">\n\t\t\t\t\t\t<div class=\"elementor-element elementor-element-05ed55b elementor-widget elementor-widget-image-carousel\" data-id=\"05ed55b\" data-element_type=\"widget\" data-e-type=\"widget\" data-settings=\"{&quot;slides_to_show&quot;:&quot;1&quot;,&quot;navigation&quot;:&quot;none&quot;,&quot;autoplay_speed&quot;:3000,&quot;effect&quot;:&quot;fade&quot;,&quot;autoplay&quot;:&quot;yes&quot;,&quot;pause_on_hover&quot;:&quot;yes&quot;,&quot;pause_on_interaction&quot;:&quot;yes&quot;,&quot;infinite&quot;:&quot;yes&quot;,&quot;speed&quot;:500}\" data-widget_type=\"image-carousel.default\">\n\t\t\t\t<div class=\"elementor-widget-container\">\n\t\t\t\t\t\t\t<div class=\"elementor-image-carousel-wrapper swiper\" role=\"region\" aria-roledescription=\"carousel\" aria-label=\"Carrusel d&#039;imatges\" dir=\"ltr\">\n\t\t\t<div class=\"elementor-image-carousel swiper-wrapper\" aria-live=\"off\">\n\t\t\t\t\t\t\t\t<div class=\"swiper-slide\" role=\"group\" aria-roledescription=\"slide\" aria-label=\"1 de 5\"><figure class=\"swiper-slide-inner\"><img decoding=\"async\" class=\"swiper-slide-image\" src=\"https:\/\/institutbadal.com\/wp-content\/uploads\/botox1.png\" alt=\"botox1\" \/><\/figure><\/div><div class=\"swiper-slide\" role=\"group\" aria-roledescription=\"slide\" aria-label=\"2 de 5\"><figure class=\"swiper-slide-inner\"><img decoding=\"async\" class=\"swiper-slide-image\" src=\"https:\/\/institutbadal.com\/wp-content\/uploads\/botox3b.png\" alt=\"botox3b\" \/><\/figure><\/div><div class=\"swiper-slide\" role=\"group\" aria-roledescription=\"slide\" aria-label=\"3 de 5\"><figure class=\"swiper-slide-inner\"><img decoding=\"async\" class=\"swiper-slide-image\" src=\"https:\/\/institutbadal.com\/wp-content\/uploads\/botox2.png\" alt=\"botox2\" \/><\/figure><\/div><div class=\"swiper-slide\" role=\"group\" aria-roledescription=\"slide\" aria-label=\"4 de 5\"><figure class=\"swiper-slide-inner\"><img decoding=\"async\" class=\"swiper-slide-image\" src=\"https:\/\/institutbadal.com\/wp-content\/uploads\/botox4.png\" alt=\"botox4\" \/><\/figure><\/div><div class=\"swiper-slide\" role=\"group\" aria-roledescription=\"slide\" aria-label=\"5 de 5\"><figure class=\"swiper-slide-inner\"><img decoding=\"async\" class=\"swiper-slide-image\" src=\"https:\/\/institutbadal.com\/wp-content\/uploads\/botox5.png\" alt=\"botox5\" \/><\/figure><\/div>\t\t\t<\/div>\n\t\t\t\t\t\t\t\n\t\t\t\t\t\t\t\t\t<\/div>\n\t\t\t\t\t\t<\/div>\n\t\t\t\t<\/div>\n\t\t\t\t\t<\/div>\n\t\t<\/div>\n\t\t\t\t<div class=\"elementor-column elementor-col-50 elementor-top-column elementor-element elementor-element-a83c049\" data-id=\"a83c049\" data-element_type=\"column\" data-e-type=\"column\">\n\t\t\t<div class=\"elementor-widget-wrap elementor-element-populated\">\n\t\t\t\t\t\t<div class=\"elementor-element elementor-element-a730db7 elementor-widget elementor-widget-text-editor\" data-id=\"a730db7\" data-element_type=\"widget\" data-e-type=\"widget\" data-widget_type=\"text-editor.default\">\n\t\t\t\t<div class=\"elementor-widget-container\">\n\t\t\t\t\t\t\t\t\t<span style=\"font-size: 18pt;\">\u00bfQu\u00e9 es la toxina botul\u00ednica?<\/span><br><br>La toxina botul\u00ednica tipo A (conocida popularmente como Botox) es una sustancia que paraliza o disminuye la funci\u00f3n del m\u00fasculo sobre el que se aplica. Actualmente se utiliza sobre todo como tratamiento cosm\u00e9tico para disminuir las arrugas de expresi\u00f3n de la cara. Con esta t\u00e9cnica se relajan temporalmente los m\u00fasculos faciales, previniendo la formaci\u00f3n de arrugas y suavizando las ya existentes, hasta hacerlas pr\u00e1cticamente imperceptibles. La toxina botul\u00ednica consigue que la piel del rostro tenga un aspecto liso ofreciendo un efecto lifting. Los m\u00fasculos se tratan con una gran precisi\u00f3n para obtener los resultados esperados, fiables y satisfactorios.\t\t\t\t\t\t\t\t<\/div>\n\t\t\t\t<\/div>\n\t\t\t\t\t<\/div>\n\t\t<\/div>\n\t\t\t\t\t<\/div>\n\t\t<\/section>\n\t\t\t\t<section class=\"elementor-section elementor-top-section elementor-element elementor-element-0b8dc1c elementor-section-boxed elementor-section-height-default elementor-section-height-default\" data-id=\"0b8dc1c\" data-element_type=\"section\" data-e-type=\"section\">\n\t\t\t\t\t\t<div class=\"elementor-container elementor-column-gap-default\">\n\t\t\t\t\t<div class=\"elementor-column elementor-col-100 elementor-top-column elementor-element elementor-element-1390601\" data-id=\"1390601\" data-element_type=\"column\" data-e-type=\"column\">\n\t\t\t<div class=\"elementor-widget-wrap elementor-element-populated\">\n\t\t\t\t\t\t<div class=\"elementor-element elementor-element-65d2013 elementor-widget elementor-widget-text-editor\" data-id=\"65d2013\" data-element_type=\"widget\" data-e-type=\"widget\" data-widget_type=\"text-editor.default\">\n\t\t\t\t<div class=\"elementor-widget-container\">\n\t\t\t\t\t\t\t\t\t<p style=\"text-align: left;\"><span style=\"font-size: 18pt;\">\u00bfEn qu\u00e9 casos se utiliza?<\/span><\/p>\n<p style=\"text-align: left;\"><span style=\"font-size: 18px;\">&#8211; Arrugas de expresi\u00f3n del tercio superior de la cara<br \/><\/span><span style=\"font-size: 18px;\">&#8211; Eliminaci\u00f3n de las llamadas \u00abpatas de gallo\u00bb<br \/>&#8211; Elevaci\u00f3n de las cejas<br \/>\n<br \/>&#8211; Elevaci\u00f3n de la punta de la nariz<br \/>&#8211; Eliminaci\u00f3n de las bandas platismales del cuello<br \/><\/span><\/p>\n<p style=\"margin-bottom: 0px; padding-bottom: 25px; font-variant-ligatures: normal; font-variant-caps: normal; font-family: Raleway, Arial, serif; font-size: 16px; font-style: normal; font-weight: 300; caret-color: #666666; color: #666666; text-size-adjust: auto;\"><span style=\"font-size: 18pt;\">\u00bfC\u00f3mo se realiza el tratamiento?<\/span><\/p>\n<p>&#8211; El tratamiento se realiza habitualmente en la consulta<br \/>&#8211; El especialista en est\u00e9tica oculofacial aplica una pomada anest\u00e9sica antes del tratamiento para evitar posibles molestias al paciente<br \/>&#8211; La toxina botul\u00ednica se aplica en peque\u00f1as cantidades en los m\u00fasculos del rostro hasta conseguir los resultados deseados<br \/>&#8211; Despu\u00e9s del tratamiento se recomienda no realizar ejercicio durante las primeras 24 horas, no tomar el sol ni realizarse masajes faciales<br \/>&#8211; Los resultados definitivos pueden apreciarse 4 d\u00edas despu\u00e9s y los efectos duran entre 5 y 6 meses, desapareciendo de forma progresiva<br \/>&#8211; Este tratamiento se puede complementar con otros tratamientos est\u00e9ticos: l\u00e1ser o \u00e1cido hialur\u00f3nico<br \/>&#8211; Aunque es un tratamiento sencillo y seguro, debe ser administrado por personal m\u00e9dico cualificado, con experiencia y un conocimiento exhaustivo de la anatom\u00eda facial para evitar complicaciones innecesarias derivadas de un mal uso y conseguir el efecto deseado.<\/p>\n\t\t\t\t\t\t\t\t<\/div>\n\t\t\t\t<\/div>\n\t\t\t\t\t<\/div>\n\t\t<\/div>\n\t\t\t\t\t<\/div>\n\t\t<\/section>\n\t\t\t\t<\/div>\n\t\t","protected":false},"excerpt":{"rendered":"<p>BOTOX \u00bfQu\u00e9 es la toxina botul\u00ednica? La toxina botul\u00ednica tipo A (conocida popularmente como Botox) es una sustancia que paraliza o disminuye la funci\u00f3n del m\u00fasculo sobre el que se aplica. Actualmente se utiliza sobre todo como tratamiento cosm\u00e9tico para disminuir las arrugas de expresi\u00f3n de la cara. Con esta t\u00e9cnica se relajan temporalmente los [&hellip;]<\/p>\n","protected":false},"author":1,"featured_media":0,"parent":0,"menu_order":0,"comment_status":"closed","ping_status":"closed","template":"","meta":{"footnotes":""},"class_list":["post-530","page","type-page","status-publish","hentry","entry"],"_links":{"self":[{"href":"https:\/\/institutbadal.com\/es\/wp-json\/wp\/v2\/pages\/530","targetHints":{"allow":["GET"]}}],"collection":[{"href":"https:\/\/institutbadal.com\/es\/wp-json\/wp\/v2\/pages"}],"about":[{"href":"https:\/\/institutbadal.com\/es\/wp-json\/wp\/v2\/types\/page"}],"author":[{"embeddable":true,"href":"https:\/\/institutbadal.com\/es\/wp-json\/wp\/v2\/users\/1"}],"replies":[{"embeddable":true,"href":"https:\/\/institutbadal.com\/es\/wp-json\/wp\/v2\/comments?post=530"}],"version-history":[{"count":6,"href":"https:\/\/institutbadal.com\/es\/wp-json\/wp\/v2\/pages\/530\/revisions"}],"predecessor-version":[{"id":1820,"href":"https:\/\/institutbadal.com\/es\/wp-json\/wp\/v2\/pages\/530\/revisions\/1820"}],"wp:attachment":[{"href":"https:\/\/institutbadal.com\/es\/wp-json\/wp\/v2\/media?parent=530"}],"curies":[{"name":"wp","href":"https:\/\/api.w.org\/{rel}","templated":true}]}}