{"id":550,"date":"2020-04-19T07:21:43","date_gmt":"2020-04-19T07:21:43","guid":{"rendered":"https:\/\/institutbadal.com\/?page_id=550"},"modified":"2025-09-11T18:25:43","modified_gmt":"2025-09-11T18:25:43","slug":"acido-hialuronico","status":"publish","type":"page","link":"https:\/\/institutbadal.com\/es\/acido-hialuronico\/","title":{"rendered":"\u00c1CIDO HIALUR\u00d3NICO"},"content":{"rendered":"\t\t<div data-elementor-type=\"wp-page\" data-elementor-id=\"550\" class=\"elementor elementor-550 elementor-549\">\n\t\t\t\t\t\t<section class=\"elementor-section elementor-top-section elementor-element elementor-element-4a83310 elementor-section-boxed elementor-section-height-default elementor-section-height-default\" data-id=\"4a83310\" data-element_type=\"section\" data-e-type=\"section\">\n\t\t\t\t\t\t<div class=\"elementor-container elementor-column-gap-default\">\n\t\t\t\t\t<div class=\"elementor-column elementor-col-100 elementor-top-column elementor-element elementor-element-b2d39b5\" data-id=\"b2d39b5\" data-element_type=\"column\" data-e-type=\"column\">\n\t\t\t<div class=\"elementor-widget-wrap elementor-element-populated\">\n\t\t\t\t\t\t<div class=\"elementor-element elementor-element-95a572d elementor-widget elementor-widget-text-editor\" data-id=\"95a572d\" data-element_type=\"widget\" data-e-type=\"widget\" data-widget_type=\"text-editor.default\">\n\t\t\t\t<div class=\"elementor-widget-container\">\n\t\t\t\t\t\t\t\t\t<h2 style=\"margin: 0px 0px 60px; font-family: Raleway, Arial, serif !important; font-weight: 800; line-height: 48px; color: inherit; text-rendering: optimizeLegibility; font-size: 48px; text-transform: uppercase;\">\u00c1CIDO HIALUR\u00d3NICO<br \/>\n<\/h2>\n\t\t\t\t\t\t\t\t<\/div>\n\t\t\t\t<\/div>\n\t\t\t\t\t<\/div>\n\t\t<\/div>\n\t\t\t\t\t<\/div>\n\t\t<\/section>\n\t\t\t\t<section class=\"elementor-section elementor-top-section elementor-element elementor-element-741e067 elementor-section-boxed elementor-section-height-default elementor-section-height-default\" data-id=\"741e067\" data-element_type=\"section\" data-e-type=\"section\">\n\t\t\t\t\t\t<div class=\"elementor-container elementor-column-gap-default\">\n\t\t\t\t\t<div class=\"elementor-column elementor-col-50 elementor-top-column elementor-element elementor-element-e09d8b3 elementor-invisible\" data-id=\"e09d8b3\" data-element_type=\"column\" data-e-type=\"column\" data-settings=\"{&quot;animation&quot;:&quot;fadeInLeft&quot;}\">\n\t\t\t<div class=\"elementor-widget-wrap elementor-element-populated\">\n\t\t\t\t\t\t<div class=\"elementor-element elementor-element-ba4c3ff elementor-widget elementor-widget-image-carousel\" data-id=\"ba4c3ff\" data-element_type=\"widget\" data-e-type=\"widget\" data-settings=\"{&quot;slides_to_show&quot;:&quot;1&quot;,&quot;navigation&quot;:&quot;none&quot;,&quot;autoplay_speed&quot;:3000,&quot;effect&quot;:&quot;fade&quot;,&quot;autoplay&quot;:&quot;yes&quot;,&quot;pause_on_hover&quot;:&quot;yes&quot;,&quot;pause_on_interaction&quot;:&quot;yes&quot;,&quot;infinite&quot;:&quot;yes&quot;,&quot;speed&quot;:500}\" data-widget_type=\"image-carousel.default\">\n\t\t\t\t<div class=\"elementor-widget-container\">\n\t\t\t\t\t\t\t<div class=\"elementor-image-carousel-wrapper swiper\" role=\"region\" aria-roledescription=\"carousel\" aria-label=\"Carrusel d&#039;imatges\" dir=\"ltr\">\n\t\t\t<div class=\"elementor-image-carousel swiper-wrapper\" aria-live=\"off\">\n\t\t\t\t\t\t\t\t<div class=\"swiper-slide\" role=\"group\" aria-roledescription=\"slide\" aria-label=\"1 de 4\"><figure class=\"swiper-slide-inner\"><img decoding=\"async\" class=\"swiper-slide-image\" src=\"https:\/\/institutbadal.com\/wp-content\/uploads\/hialu2.png\" alt=\"hialu2\" \/><\/figure><\/div><div class=\"swiper-slide\" role=\"group\" aria-roledescription=\"slide\" aria-label=\"2 de 4\"><figure class=\"swiper-slide-inner\"><img decoding=\"async\" class=\"swiper-slide-image\" src=\"https:\/\/institutbadal.com\/wp-content\/uploads\/hialu3.png\" alt=\"hialu3\" \/><\/figure><\/div><div class=\"swiper-slide\" role=\"group\" aria-roledescription=\"slide\" aria-label=\"3 de 4\"><figure class=\"swiper-slide-inner\"><img decoding=\"async\" class=\"swiper-slide-image\" src=\"https:\/\/institutbadal.com\/wp-content\/uploads\/hialu4.png\" alt=\"hialu4\" \/><\/figure><\/div><div class=\"swiper-slide\" role=\"group\" aria-roledescription=\"slide\" aria-label=\"4 de 4\"><figure class=\"swiper-slide-inner\"><img decoding=\"async\" class=\"swiper-slide-image\" src=\"https:\/\/institutbadal.com\/wp-content\/uploads\/hialu1.png\" alt=\"hialu1\" \/><\/figure><\/div>\t\t\t<\/div>\n\t\t\t\t\t\t\t\n\t\t\t\t\t\t\t\t\t<\/div>\n\t\t\t\t\t\t<\/div>\n\t\t\t\t<\/div>\n\t\t\t\t\t<\/div>\n\t\t<\/div>\n\t\t\t\t<div class=\"elementor-column elementor-col-50 elementor-top-column elementor-element elementor-element-a83c049\" data-id=\"a83c049\" data-element_type=\"column\" data-e-type=\"column\">\n\t\t\t<div class=\"elementor-widget-wrap elementor-element-populated\">\n\t\t\t\t\t\t<div class=\"elementor-element elementor-element-a730db7 elementor-widget elementor-widget-text-editor\" data-id=\"a730db7\" data-element_type=\"widget\" data-e-type=\"widget\" data-widget_type=\"text-editor.default\">\n\t\t\t\t<div class=\"elementor-widget-container\">\n\t\t\t\t\t\t\t\t\t<p><span style=\"font-size: 18pt;\">\u00bfQu\u00e9 es el \u00e1cido hialur\u00f3nico?<br \/>\n<\/span><\/p>\n<p>Es una sustancia que hidrata, estimula la producci\u00f3n de col\u00e1geno y rellena espacios.<br \/>El produce nuestro propio organismo, pero hay factores como la edad que provocan una disminuci\u00f3n de la capacidad que tiene el organismo de fabricar.<\/p>\n\t\t\t\t\t\t\t\t<\/div>\n\t\t\t\t<\/div>\n\t\t\t\t\t<\/div>\n\t\t<\/div>\n\t\t\t\t\t<\/div>\n\t\t<\/section>\n\t\t\t\t<section class=\"elementor-section elementor-top-section elementor-element elementor-element-0b8dc1c elementor-section-boxed elementor-section-height-default elementor-section-height-default\" data-id=\"0b8dc1c\" data-element_type=\"section\" data-e-type=\"section\">\n\t\t\t\t\t\t<div class=\"elementor-container elementor-column-gap-default\">\n\t\t\t\t\t<div class=\"elementor-column elementor-col-100 elementor-top-column elementor-element elementor-element-1390601\" data-id=\"1390601\" data-element_type=\"column\" data-e-type=\"column\">\n\t\t\t<div class=\"elementor-widget-wrap elementor-element-populated\">\n\t\t\t\t\t\t<div class=\"elementor-element elementor-element-65d2013 elementor-widget elementor-widget-text-editor\" data-id=\"65d2013\" data-element_type=\"widget\" data-e-type=\"widget\" data-widget_type=\"text-editor.default\">\n\t\t\t\t<div class=\"elementor-widget-container\">\n\t\t\t\t\t\t\t\t\t<p><span style=\"font-size: 18pt;\">Existen diferentes tipos de \u00e1cido hialur\u00f3nico?<br \/>\n<\/span><\/p>\n<p><span style=\"font-size: 18px;\">Hay diferentes tipos de \u00e1cido hialur\u00f3nico incluso dentro de la misma casa farmac\u00e9utica, lo que cambia es la densidad y la reticulaci\u00f3n del producto, con una finalidad diferente para cada tratamiento. Cada tipo de hialur\u00f3nico est\u00e1 pensado para una zona anat\u00f3mica en concreto. Tambi\u00e9n un factor muy importante a tener en cuenta es el tiempo de duraci\u00f3n y la estimulaci\u00f3n de col\u00e1geno a la hora de elegir qu\u00e9 producto se utiliza.<br \/>\n<\/span><\/p>\n<p style=\"margin-bottom: 0px; padding-bottom: 25px; font-variant-ligatures: normal; font-variant-caps: normal; font-family: Raleway, Arial, serif; font-size: 16px; font-style: normal; font-weight: 300; caret-color: #666666; color: #666666; text-size-adjust: auto;\"><span style=\"font-size: 18pt;\">\u00bfQu\u00e9 zonas se pueden tratar?<br \/>\n<\/span><\/p>\n<p>&#8211; Arrugas periorales<br \/>&#8211; Surcos nasogenianos<br \/>&#8211; Arrugas perioculares<br \/>&#8211; Arrugas del entrecejo<br \/>&#8211; Mejor\u00eda del contorno facial y ment\u00f3n<br \/>&#8211; Aumento de p\u00f3mulos<br \/>&#8211; Aumento del volumen de los labios<\/p>\n<p style=\"margin-bottom: 0px; padding-bottom: 25px; color: #666666; font-family: Raleway, Arial, serif; font-size: 16px; font-style: normal; font-variant-ligatures: normal; font-variant-caps: normal; font-weight: 300;\"><span style=\"font-size: 18pt; text-align: justify; caret-color: #666666;\">\u00bfExisteixen efectos secundarios?<\/span><\/p>\n<p>No existen efectos secundarios siempre que el \u00e1cido hialur\u00f3nico utilizado sea un buen producto y 100% hialur\u00f3nico. En ocasiones se produce una inflamaci\u00f3n transitoria derivada de la misma pinchazo. La mejora y los beneficios son muy evidentes. Su efecto aparece inmediatamente despu\u00e9s de la aplicaci\u00f3n del producto y su duraci\u00f3n puede variar entre 9-18 meses, dependiendo de la zona tratada, de la presentaci\u00f3n del producto utilizada y del metabolismo del paciente.<\/p>\n<p style=\"margin-bottom: 0px; padding-bottom: 25px; color: #666666; font-family: Raleway, Arial, serif; font-size: 16px; font-style: normal; font-variant-ligatures: normal; font-variant-caps: normal; font-weight: 300;\"><span style=\"font-size: 18pt; text-align: justify; caret-color: #666666;\">\u00bfQu\u00e9 se puede esperar durante el post-tratamiento?<\/span><\/p>\n<p>Suele aparecer una inflamaci\u00f3n localizada y peque\u00f1os hematomas en la zona de inyecci\u00f3n, por lo que se pauta tratamiento con cremas antiinflamatorias durante unos d\u00edas. De protocolo se realiza una visita post-tratamiento al cabo de 10 d\u00edas.<\/p>\n\t\t\t\t\t\t\t\t<\/div>\n\t\t\t\t<\/div>\n\t\t\t\t\t<\/div>\n\t\t<\/div>\n\t\t\t\t\t<\/div>\n\t\t<\/section>\n\t\t\t\t<\/div>\n\t\t","protected":false},"excerpt":{"rendered":"<p>\u00c1CIDO HIALUR\u00d3NICO \u00bfQu\u00e9 es el \u00e1cido hialur\u00f3nico? Es una sustancia que hidrata, estimula la producci\u00f3n de col\u00e1geno y rellena espacios.El produce nuestro propio organismo, pero hay factores como la edad que provocan una disminuci\u00f3n de la capacidad que tiene el organismo de fabricar. Existen diferentes tipos de \u00e1cido hialur\u00f3nico? Hay diferentes tipos de \u00e1cido hialur\u00f3nico [&hellip;]<\/p>\n","protected":false},"author":1,"featured_media":0,"parent":0,"menu_order":0,"comment_status":"closed","ping_status":"closed","template":"","meta":{"footnotes":""},"class_list":["post-550","page","type-page","status-publish","hentry","entry"],"_links":{"self":[{"href":"https:\/\/institutbadal.com\/es\/wp-json\/wp\/v2\/pages\/550","targetHints":{"allow":["GET"]}}],"collection":[{"href":"https:\/\/institutbadal.com\/es\/wp-json\/wp\/v2\/pages"}],"about":[{"href":"https:\/\/institutbadal.com\/es\/wp-json\/wp\/v2\/types\/page"}],"author":[{"embeddable":true,"href":"https:\/\/institutbadal.com\/es\/wp-json\/wp\/v2\/users\/1"}],"replies":[{"embeddable":true,"href":"https:\/\/institutbadal.com\/es\/wp-json\/wp\/v2\/comments?post=550"}],"version-history":[{"count":10,"href":"https:\/\/institutbadal.com\/es\/wp-json\/wp\/v2\/pages\/550\/revisions"}],"predecessor-version":[{"id":1818,"href":"https:\/\/institutbadal.com\/es\/wp-json\/wp\/v2\/pages\/550\/revisions\/1818"}],"wp:attachment":[{"href":"https:\/\/institutbadal.com\/es\/wp-json\/wp\/v2\/media?parent=550"}],"curies":[{"name":"wp","href":"https:\/\/api.w.org\/{rel}","templated":true}]}}