{"id":612,"date":"2020-04-20T14:46:13","date_gmt":"2020-04-20T14:46:13","guid":{"rendered":"https:\/\/institutbadal.com\/?page_id=612"},"modified":"2025-09-11T18:30:48","modified_gmt":"2025-09-11T18:30:48","slug":"laser-ipl","status":"publish","type":"page","link":"https:\/\/institutbadal.com\/es\/laser-ipl\/","title":{"rendered":"L\u00c1SER IPL"},"content":{"rendered":"\t\t<div data-elementor-type=\"wp-page\" data-elementor-id=\"612\" class=\"elementor elementor-612 elementor-611\">\n\t\t\t\t\t\t<section class=\"elementor-section elementor-top-section elementor-element elementor-element-4a83310 elementor-section-boxed elementor-section-height-default elementor-section-height-default\" data-id=\"4a83310\" data-element_type=\"section\" data-e-type=\"section\">\n\t\t\t\t\t\t<div class=\"elementor-container elementor-column-gap-default\">\n\t\t\t\t\t<div class=\"elementor-column elementor-col-100 elementor-top-column elementor-element elementor-element-b2d39b5\" data-id=\"b2d39b5\" data-element_type=\"column\" data-e-type=\"column\">\n\t\t\t<div class=\"elementor-widget-wrap elementor-element-populated\">\n\t\t\t\t\t\t<div class=\"elementor-element elementor-element-95a572d elementor-widget elementor-widget-text-editor\" data-id=\"95a572d\" data-element_type=\"widget\" data-e-type=\"widget\" data-widget_type=\"text-editor.default\">\n\t\t\t\t<div class=\"elementor-widget-container\">\n\t\t\t\t\t\t\t\t\t<h2 style=\"margin: 0px 0px 60px; font-family: Raleway, Arial, serif !important; font-weight: 800; line-height: 48px; color: inherit; text-rendering: optimizeLegibility; font-size: 48px; text-transform: uppercase;\">L\u00c1SER IPL <span style=\"font-size: 36pt; color: #39ade3;\">TRATAMIENTO REVOLUCIONARIO PARA LA DISFUNCI\u00d3N DE LAS GL\u00c1NDULAS DE MEIBOM Y OJO SECO<\/span><\/h2>\n\t\t\t\t\t\t\t\t<\/div>\n\t\t\t\t<\/div>\n\t\t\t\t<div class=\"elementor-element elementor-element-2f65a47 elementor-widget elementor-widget-text-editor\" data-id=\"2f65a47\" data-element_type=\"widget\" data-e-type=\"widget\" data-widget_type=\"text-editor.default\">\n\t\t\t\t<div class=\"elementor-widget-container\">\n\t\t\t\t\t\t\t\t\t<p style=\"text-align: center;\"><span style=\"color: #39ade3;\"><em>\u00abEl tratamiento revolucionario para la disfunci\u00f3n de las gl\u00e1ndulas de Meibom y ojo seco\u00bb<\/em><\/span><\/p>\n\t\t\t\t\t\t\t\t<\/div>\n\t\t\t\t<\/div>\n\t\t\t\t\t<\/div>\n\t\t<\/div>\n\t\t\t\t\t<\/div>\n\t\t<\/section>\n\t\t\t\t<section class=\"elementor-section elementor-top-section elementor-element elementor-element-741e067 elementor-section-boxed elementor-section-height-default elementor-section-height-default\" data-id=\"741e067\" data-element_type=\"section\" data-e-type=\"section\">\n\t\t\t\t\t\t<div class=\"elementor-container elementor-column-gap-default\">\n\t\t\t\t\t<div class=\"elementor-column elementor-col-50 elementor-top-column elementor-element elementor-element-e09d8b3 elementor-invisible\" data-id=\"e09d8b3\" data-element_type=\"column\" data-e-type=\"column\" data-settings=\"{&quot;animation&quot;:&quot;fadeInLeft&quot;}\">\n\t\t\t<div class=\"elementor-widget-wrap elementor-element-populated\">\n\t\t\t\t\t\t<div class=\"elementor-element elementor-element-fb17cad elementor-widget elementor-widget-image-carousel\" data-id=\"fb17cad\" data-element_type=\"widget\" data-e-type=\"widget\" data-settings=\"{&quot;slides_to_show&quot;:&quot;1&quot;,&quot;navigation&quot;:&quot;none&quot;,&quot;autoplay_speed&quot;:3000,&quot;effect&quot;:&quot;fade&quot;,&quot;autoplay&quot;:&quot;yes&quot;,&quot;pause_on_hover&quot;:&quot;yes&quot;,&quot;pause_on_interaction&quot;:&quot;yes&quot;,&quot;infinite&quot;:&quot;yes&quot;,&quot;speed&quot;:500}\" data-widget_type=\"image-carousel.default\">\n\t\t\t\t<div class=\"elementor-widget-container\">\n\t\t\t\t\t\t\t<div class=\"elementor-image-carousel-wrapper swiper\" role=\"region\" aria-roledescription=\"carousel\" aria-label=\"Carrusel d&#039;imatges\" dir=\"ltr\">\n\t\t\t<div class=\"elementor-image-carousel swiper-wrapper\" aria-live=\"off\">\n\t\t\t\t\t\t\t\t<div class=\"swiper-slide\" role=\"group\" aria-roledescription=\"slide\" aria-label=\"1 de 5\"><figure class=\"swiper-slide-inner\"><img decoding=\"async\" class=\"swiper-slide-image\" src=\"https:\/\/institutbadal.com\/wp-content\/uploads\/ipl_6.png\" alt=\"ipl_6\" \/><\/figure><\/div><div class=\"swiper-slide\" role=\"group\" aria-roledescription=\"slide\" aria-label=\"2 de 5\"><figure class=\"swiper-slide-inner\"><img decoding=\"async\" class=\"swiper-slide-image\" src=\"https:\/\/institutbadal.com\/wp-content\/uploads\/ipl7.png\" alt=\"ipl7\" \/><\/figure><\/div><div class=\"swiper-slide\" role=\"group\" aria-roledescription=\"slide\" aria-label=\"3 de 5\"><figure class=\"swiper-slide-inner\"><img decoding=\"async\" class=\"swiper-slide-image\" src=\"https:\/\/institutbadal.com\/wp-content\/uploads\/ipl_4.png\" alt=\"ipl_4\" \/><\/figure><\/div><div class=\"swiper-slide\" role=\"group\" aria-roledescription=\"slide\" aria-label=\"4 de 5\"><figure class=\"swiper-slide-inner\"><img decoding=\"async\" class=\"swiper-slide-image\" src=\"https:\/\/institutbadal.com\/wp-content\/uploads\/ipl_1.png\" alt=\"ipl_1\" \/><\/figure><\/div><div class=\"swiper-slide\" role=\"group\" aria-roledescription=\"slide\" aria-label=\"5 de 5\"><figure class=\"swiper-slide-inner\"><img decoding=\"async\" class=\"swiper-slide-image\" src=\"https:\/\/institutbadal.com\/wp-content\/uploads\/ipl_5.png\" alt=\"ipl_5\" \/><\/figure><\/div>\t\t\t<\/div>\n\t\t\t\t\t\t\t\n\t\t\t\t\t\t\t\t\t<\/div>\n\t\t\t\t\t\t<\/div>\n\t\t\t\t<\/div>\n\t\t\t\t\t<\/div>\n\t\t<\/div>\n\t\t\t\t<div class=\"elementor-column elementor-col-50 elementor-top-column elementor-element elementor-element-a83c049\" data-id=\"a83c049\" data-element_type=\"column\" data-e-type=\"column\">\n\t\t\t<div class=\"elementor-widget-wrap elementor-element-populated\">\n\t\t\t\t\t\t<div class=\"elementor-element elementor-element-a730db7 elementor-invisible elementor-widget elementor-widget-text-editor\" data-id=\"a730db7\" data-element_type=\"widget\" data-e-type=\"widget\" data-settings=\"{&quot;_animation&quot;:&quot;fadeInRight&quot;}\" data-widget_type=\"text-editor.default\">\n\t\t\t\t<div class=\"elementor-widget-container\">\n\t\t\t\t\t\t\t\t\t<span style=\"font-size: 18pt;\">\u00bfEn qu\u00e9 consiste?\r\n<\/span><br><br>Es un tratamiento que emite una <strong> luz pulsada <\/strong>y que consigue mejorar la capilaridad de las gl\u00e1ndulas de Meibom. Reduce la inflamaci\u00f3n y facilita la salida de material graso an\u00f3malo del interior de las gl\u00e1ndulas. Adem\u00e1s, tiene efecto antimicrobiano y antiparasitario que ayuda a estabilizar la flora conjuntival y palpebral consiguiendo una mejor calidad de la l\u00e1grima.<br>Este tratamiento no es invasivo, no causa dolor y es totalmente inocuo para el globo ocular, por lo tanto se considera un tratamiento<strong><strong> innovador <strong>seguro<\/strong>.<\/strong><\/strong>\t\t\t\t\t\t\t\t<\/div>\n\t\t\t\t<\/div>\n\t\t\t\t\t<\/div>\n\t\t<\/div>\n\t\t\t\t\t<\/div>\n\t\t<\/section>\n\t\t\t\t<section class=\"elementor-section elementor-top-section elementor-element elementor-element-0b8dc1c elementor-section-boxed elementor-section-height-default elementor-section-height-default elementor-invisible\" data-id=\"0b8dc1c\" data-element_type=\"section\" data-e-type=\"section\" data-settings=\"{&quot;animation&quot;:&quot;fadeIn&quot;}\">\n\t\t\t\t\t\t<div class=\"elementor-container elementor-column-gap-default\">\n\t\t\t\t\t<div class=\"elementor-column elementor-col-100 elementor-top-column elementor-element elementor-element-1390601\" data-id=\"1390601\" data-element_type=\"column\" data-e-type=\"column\">\n\t\t\t<div class=\"elementor-widget-wrap elementor-element-populated\">\n\t\t\t\t\t\t<div class=\"elementor-element elementor-element-65d2013 elementor-widget elementor-widget-text-editor\" data-id=\"65d2013\" data-element_type=\"widget\" data-e-type=\"widget\" data-widget_type=\"text-editor.default\">\n\t\t\t\t<div class=\"elementor-widget-container\">\n\t\t\t\t\t\t\t\t\t<span style=\"font-size: 18pt;\">C\u00f3mo se realiza el tratamiento?<\/span><br><br><span style=\"font-size: 18px;\">1. El tratamiento dura entre 5 y 10 minutos.\r\n2. El paciente est\u00e1 c\u00f3modamente tumbado en un camilla de tratamiento. Se colocan unas protecciones oculares met\u00e1licas opacas a los rayos de luz que emiten. Tambi\u00e9n se aplica un hidrogel espec\u00edfico en la regi\u00f3n del p\u00f3mulo y en la zona temporal.\r\n3. Se realizan una serie de 3 flash en total, comenzando en la zona periocular inferior del canto interno del ojo hasta el cantus externo de los dos ojos.\r\n4. La estimulaci\u00f3n induce una regresi\u00f3n hacia la actividad normal de las gl\u00e1ndulas de Meibom, con una mejor\u00eda r\u00e1pida de los s\u00edntomas del paciente en las horas posteriores al tratamiento.\r\n5. La eficacia del tratamiento depende de la aplicaci\u00f3n de un protocolo espec\u00edfico, realizando un total de 3 sesiones (d\u00eda 0, d\u00eda 15 y d\u00eda 45).\r\n<\/span><br><p style=\"margin-bottom: 0px; padding-bottom: 25px; font-variante-ligatura: normal; font-variante-cabezas: normal; font-family: Raleway, Arial, serif; font-size: 16px; font-style: normal; font-weight: 300; caret-color: # 666666; color: # 666666; text-size-adjust: auto;\"><span style=\"font-size: 18pt;\"> \u00bfCu\u00e1les son los beneficios del tratamiento?<\/span><\/p><br>Es un tratamiento sencillo, c\u00f3modo y no causa dolor, pero el gran beneficio es la mejor\u00eda de la calidad de la l\u00e1grima, mejorando la lubricaci\u00f3n de la superficie ocular al disminuir la evaporaci\u00f3n de la por. pel\u00edcula lagrimal.<br><strong> Actualmente el l\u00e1ser IPL es el tratamiento m\u00e1s innovador<\/strong> para tratar el ojo seco, ya que es el \u00fanico que mejora la funci\u00f3n de las gl\u00e1ndulas de Meibom a largo plazo.\t\t\t\t\t\t\t\t<\/div>\n\t\t\t\t<\/div>\n\t\t\t\t\t<\/div>\n\t\t<\/div>\n\t\t\t\t\t<\/div>\n\t\t<\/section>\n\t\t\t\t<section class=\"elementor-section elementor-top-section elementor-element elementor-element-844b35c animated-slow elementor-section-boxed elementor-section-height-default elementor-section-height-default elementor-invisible\" data-id=\"844b35c\" data-element_type=\"section\" data-e-type=\"section\" data-settings=\"{&quot;animation&quot;:&quot;fadeIn&quot;}\">\n\t\t\t\t\t\t<div class=\"elementor-container elementor-column-gap-default\">\n\t\t\t\t\t<div class=\"elementor-column elementor-col-100 elementor-top-column elementor-element elementor-element-b9fe870\" data-id=\"b9fe870\" data-element_type=\"column\" data-e-type=\"column\">\n\t\t\t<div class=\"elementor-widget-wrap elementor-element-populated\">\n\t\t\t\t\t\t<div class=\"elementor-element elementor-element-f10b8b9 elementor-widget elementor-widget-text-editor\" data-id=\"f10b8b9\" data-element_type=\"widget\" data-e-type=\"widget\" data-widget_type=\"text-editor.default\">\n\t\t\t\t<div class=\"elementor-widget-container\">\n\t\t\t\t\t\t\t\t\t<p style=\"text-align: center;\"><span style=\"color: #39ade3;\"><em>\u201cEl ojo seco es el principal motivo de consulta al oftalm\u00f3logo, su incidencia aumenta con la edad y afecta a 3 de cada 10 personas\u201d<\/em><\/span><\/p>\n\t\t\t\t\t\t\t\t<\/div>\n\t\t\t\t<\/div>\n\t\t\t\t\t<\/div>\n\t\t<\/div>\n\t\t\t\t\t<\/div>\n\t\t<\/section>\n\t\t\t\t<\/div>\n\t\t","protected":false},"excerpt":{"rendered":"<p>L\u00c1SER IPL TRATAMIENTO REVOLUCIONARIO PARA LA DISFUNCI\u00d3N DE LAS GL\u00c1NDULAS DE MEIBOM Y OJO SECO \u00abEl tratamiento revolucionario para la disfunci\u00f3n de las gl\u00e1ndulas de Meibom y ojo seco\u00bb \u00bfEn qu\u00e9 consiste? Es un tratamiento que emite una luz pulsada y que consigue mejorar la capilaridad de las gl\u00e1ndulas de Meibom. Reduce la inflamaci\u00f3n y [&hellip;]<\/p>\n","protected":false},"author":1,"featured_media":0,"parent":0,"menu_order":0,"comment_status":"closed","ping_status":"closed","template":"","meta":{"footnotes":""},"class_list":["post-612","page","type-page","status-publish","hentry","entry"],"_links":{"self":[{"href":"https:\/\/institutbadal.com\/es\/wp-json\/wp\/v2\/pages\/612","targetHints":{"allow":["GET"]}}],"collection":[{"href":"https:\/\/institutbadal.com\/es\/wp-json\/wp\/v2\/pages"}],"about":[{"href":"https:\/\/institutbadal.com\/es\/wp-json\/wp\/v2\/types\/page"}],"author":[{"embeddable":true,"href":"https:\/\/institutbadal.com\/es\/wp-json\/wp\/v2\/users\/1"}],"replies":[{"embeddable":true,"href":"https:\/\/institutbadal.com\/es\/wp-json\/wp\/v2\/comments?post=612"}],"version-history":[{"count":20,"href":"https:\/\/institutbadal.com\/es\/wp-json\/wp\/v2\/pages\/612\/revisions"}],"predecessor-version":[{"id":1831,"href":"https:\/\/institutbadal.com\/es\/wp-json\/wp\/v2\/pages\/612\/revisions\/1831"}],"wp:attachment":[{"href":"https:\/\/institutbadal.com\/es\/wp-json\/wp\/v2\/media?parent=612"}],"curies":[{"name":"wp","href":"https:\/\/api.w.org\/{rel}","templated":true}]}}