{"id":667,"date":"2020-04-23T19:35:08","date_gmt":"2020-04-23T19:35:08","guid":{"rendered":"https:\/\/institutbadal.com\/?page_id=667"},"modified":"2025-09-11T18:27:28","modified_gmt":"2025-09-11T18:27:28","slug":"desprendimiento-de-retina","status":"publish","type":"page","link":"https:\/\/institutbadal.com\/es\/desprendimiento-de-retina\/","title":{"rendered":"DESPRENDIMIENTO DE RETINA"},"content":{"rendered":"\t\t<div data-elementor-type=\"wp-page\" data-elementor-id=\"667\" class=\"elementor elementor-667 elementor-666\">\n\t\t\t\t\t\t<section class=\"elementor-section elementor-top-section elementor-element elementor-element-4a83310 elementor-section-boxed elementor-section-height-default elementor-section-height-default\" data-id=\"4a83310\" data-element_type=\"section\" data-e-type=\"section\">\n\t\t\t\t\t\t<div class=\"elementor-container elementor-column-gap-default\">\n\t\t\t\t\t<div class=\"elementor-column elementor-col-100 elementor-top-column elementor-element elementor-element-b2d39b5\" data-id=\"b2d39b5\" data-element_type=\"column\" data-e-type=\"column\">\n\t\t\t<div class=\"elementor-widget-wrap elementor-element-populated\">\n\t\t\t\t\t\t<div class=\"elementor-element elementor-element-95a572d elementor-widget elementor-widget-text-editor\" data-id=\"95a572d\" data-element_type=\"widget\" data-e-type=\"widget\" data-widget_type=\"text-editor.default\">\n\t\t\t\t<div class=\"elementor-widget-container\">\n\t\t\t\t\t\t\t\t\t<h2 style=\"margin: 0px 0px 60px; font-family: Raleway, Arial, serif !important; font-weight: 800; line-height: 48px; color: inherit; text-rendering: optimizeLegibility; font-size: 48px; text-transform: uppercase;\">DESPRENDIMIENTO DE RETINA<\/h2>\t\t\t\t\t\t\t\t<\/div>\n\t\t\t\t<\/div>\n\t\t\t\t\t<\/div>\n\t\t<\/div>\n\t\t\t\t\t<\/div>\n\t\t<\/section>\n\t\t\t\t<section class=\"elementor-section elementor-top-section elementor-element elementor-element-741e067 elementor-section-boxed elementor-section-height-default elementor-section-height-default\" data-id=\"741e067\" data-element_type=\"section\" data-e-type=\"section\">\n\t\t\t\t\t\t<div class=\"elementor-container elementor-column-gap-default\">\n\t\t\t\t\t<div class=\"elementor-column elementor-col-50 elementor-top-column elementor-element elementor-element-e09d8b3 elementor-invisible\" data-id=\"e09d8b3\" data-element_type=\"column\" data-e-type=\"column\" data-settings=\"{&quot;animation&quot;:&quot;fadeInLeft&quot;}\">\n\t\t\t<div class=\"elementor-widget-wrap elementor-element-populated\">\n\t\t\t\t\t\t<div class=\"elementor-element elementor-element-1fd33d0 elementor-widget elementor-widget-image-carousel\" data-id=\"1fd33d0\" data-element_type=\"widget\" data-e-type=\"widget\" data-settings=\"{&quot;slides_to_show&quot;:&quot;1&quot;,&quot;navigation&quot;:&quot;none&quot;,&quot;autoplay_speed&quot;:3000,&quot;effect&quot;:&quot;fade&quot;,&quot;autoplay&quot;:&quot;yes&quot;,&quot;pause_on_hover&quot;:&quot;yes&quot;,&quot;pause_on_interaction&quot;:&quot;yes&quot;,&quot;infinite&quot;:&quot;yes&quot;,&quot;speed&quot;:500}\" data-widget_type=\"image-carousel.default\">\n\t\t\t\t<div class=\"elementor-widget-container\">\n\t\t\t\t\t\t\t<div class=\"elementor-image-carousel-wrapper swiper\" role=\"region\" aria-roledescription=\"carousel\" aria-label=\"Carrusel d&#039;imatges\" dir=\"ltr\">\n\t\t\t<div class=\"elementor-image-carousel swiper-wrapper\" aria-live=\"off\">\n\t\t\t\t\t\t\t\t<div class=\"swiper-slide\" role=\"group\" aria-roledescription=\"slide\" aria-label=\"1 de 4\"><figure class=\"swiper-slide-inner\"><img decoding=\"async\" class=\"swiper-slide-image\" src=\"https:\/\/institutbadal.com\/wp-content\/uploads\/despr1.png\" alt=\"despr1\" \/><\/figure><\/div><div class=\"swiper-slide\" role=\"group\" aria-roledescription=\"slide\" aria-label=\"2 de 4\"><figure class=\"swiper-slide-inner\"><img decoding=\"async\" class=\"swiper-slide-image\" src=\"https:\/\/institutbadal.com\/wp-content\/uploads\/despr4.png\" alt=\"despr4\" \/><\/figure><\/div><div class=\"swiper-slide\" role=\"group\" aria-roledescription=\"slide\" aria-label=\"3 de 4\"><figure class=\"swiper-slide-inner\"><img decoding=\"async\" class=\"swiper-slide-image\" src=\"https:\/\/institutbadal.com\/wp-content\/uploads\/despr2.png\" alt=\"despr2\" \/><\/figure><\/div><div class=\"swiper-slide\" role=\"group\" aria-roledescription=\"slide\" aria-label=\"4 de 4\"><figure class=\"swiper-slide-inner\"><img decoding=\"async\" class=\"swiper-slide-image\" src=\"https:\/\/institutbadal.com\/wp-content\/uploads\/despr3.png\" alt=\"despr3\" \/><\/figure><\/div>\t\t\t<\/div>\n\t\t\t\t\t\t\t\n\t\t\t\t\t\t\t\t\t<\/div>\n\t\t\t\t\t\t<\/div>\n\t\t\t\t<\/div>\n\t\t\t\t\t<\/div>\n\t\t<\/div>\n\t\t\t\t<div class=\"elementor-column elementor-col-50 elementor-top-column elementor-element elementor-element-a83c049\" data-id=\"a83c049\" data-element_type=\"column\" data-e-type=\"column\">\n\t\t\t<div class=\"elementor-widget-wrap elementor-element-populated\">\n\t\t\t\t\t\t<div class=\"elementor-element elementor-element-a730db7 elementor-widget elementor-widget-text-editor\" data-id=\"a730db7\" data-element_type=\"widget\" data-e-type=\"widget\" data-widget_type=\"text-editor.default\">\n\t\t\t\t<div class=\"elementor-widget-container\">\n\t\t\t\t\t\t\t\t\t<p><span style=\"font-size: 18pt;\">\u00bfQu\u00e9 es el desprendimiento de retina?<\/span><\/p>\n<p>El desprendimiento de retina es un trastorno que es m\u00e1s frecuente en pacientes miopes y puede suceder a cualquier edad. Su incidencia aproximada es de un caso por cada 15.000 personas. La retina es una fina l\u00e1mina que recubre la parte interna del ojo, y que es la encargada de percibir las im\u00e1genes que se env\u00edan al cerebro. En condiciones normales la retina est\u00e1 adherida a una capa m\u00e1s externa que se llama epitelio pigmentario de la retina. Cuando esta uni\u00f3n se rompe hablamos de desprendimiento de la retina.<\/p>\n\t\t\t\t\t\t\t\t<\/div>\n\t\t\t\t<\/div>\n\t\t\t\t\t<\/div>\n\t\t<\/div>\n\t\t\t\t\t<\/div>\n\t\t<\/section>\n\t\t\t\t<section class=\"elementor-section elementor-top-section elementor-element elementor-element-0b8dc1c elementor-section-boxed elementor-section-height-default elementor-section-height-default\" data-id=\"0b8dc1c\" data-element_type=\"section\" data-e-type=\"section\">\n\t\t\t\t\t\t<div class=\"elementor-container elementor-column-gap-default\">\n\t\t\t\t\t<div class=\"elementor-column elementor-col-100 elementor-top-column elementor-element elementor-element-1390601\" data-id=\"1390601\" data-element_type=\"column\" data-e-type=\"column\">\n\t\t\t<div class=\"elementor-widget-wrap elementor-element-populated\">\n\t\t\t\t\t\t<div class=\"elementor-element elementor-element-65d2013 elementor-widget elementor-widget-text-editor\" data-id=\"65d2013\" data-element_type=\"widget\" data-e-type=\"widget\" data-widget_type=\"text-editor.default\">\n\t\t\t\t<div class=\"elementor-widget-container\">\n\t\t\t\t\t\t\t\t\t<span style=\"font-size: 18pt;\">S\u00edntomas<\/span><br><br><span style=\"font-size: 18px;\">Los s\u00edntomas son variables en funci\u00f3n del grado de desprendimiento de retina, siendo los m\u00e1s frecuentes:\r\n\u00b7 Cuerpos flotantes negros o \u00abmoscas volantes\u00bb (miodesopsias)\r\n\u00b7 Visi\u00f3n de rel\u00e1mpagos o flash de luz\r\n\u00b7 Visi\u00f3n de sombras oscuras en alguna zona de la visi\u00f3n\r\n\u00b7 Visi\u00f3n de cortina o p\u00e9rdida total de visi\u00f3n de un ojo\r\n<\/span><br><p style=\"margin-bottom: 0px; padding-bottom: 25px; font-variant-ligatures: normal; font-variant-caps: normal; font-family: Raleway, Arial, serif; font-size: 16px; font-style: normal; font-weight: 300; caret-color: #666666; color: #666666; text-size-adjust: auto;\"><span style=\"font-size: 18pt;\">\u00bfCu\u00e1les son las causas?\r\n<\/span><\/p><br>La gran mayor\u00eda de desprendimientos de retina est\u00e1n provocados por la presencia de agujeros en la retina, y la principal causa que los origina es el desprendimiento del humor v\u00edtreo. El cuerpo v\u00edtreo es una estructura gelatinosa que rellena la cavidad interna del ojo. En condiciones normales esta gelatina se encuentra adherida a la retina, pero cuando se produce una separaci\u00f3n traum\u00e1tica de estas dos superficies (desprendimiento de v\u00edtreo) por uno o m\u00e1s puntos provoca un agujero en la retina, y si \u00e9ste no se trata de manera urgente acabar\u00e1 derivando en un desprendimiento de retina con p\u00e9rdida de agudeza visual.<br><p style=\"margin-bottom: 0px; padding-bottom: 25px; color: #666666; font-family: Raleway, Arial, serif; font-size: 16px; font-style: normal; font-variant-ligatures: normal; font-variant-caps: normal; font-weight: 300;\"><span style=\"font-size: 18pt; text-align: justify; caret-color: #666666;\">\u00bfEn qu\u00e9 consiste el tratamiento?\r\n<\/span><\/p><br>Es indispensable realizar un examen oftalmol\u00f3gico exhaustivo para hacer un diagn\u00f3stico correcto y poder decidir qu\u00e9 estrategia terap\u00e9utica es la m\u00e1s adecuada en cada caso. Si el desprendimiento de retina no se trata, la p\u00e9rdida de visi\u00f3n ser\u00e1 irrecuperable, ya que la retina es un tejido nervioso y con el tiempo se acabar\u00eda atrofiando. Por tanto, se trata de una patolog\u00eda que requiere un tratamiento con car\u00e1cter prioritario. Existen diferentes opciones terap\u00e9uticas, pero el tratamiento es quir\u00fargico en casi todos los casos. Se realiza con anestesia local y no requiere ingreso hospitalario. El objetivo es reaplicar la retina y tratar las rupturas que la han provocado mediante fotocoagulaci\u00f3n con l\u00e1ser verde. En la gran mayor\u00eda de los casos se introduce un gas concreto dentro de la cavidad v\u00edtrea a una concentraci\u00f3n determinada que mantendr\u00e1 la retina aplicada y permitir\u00e1 un \u00e9xito quir\u00fargico, anat\u00f3mico y funcional m\u00e1s elevado.\t\t\t\t\t\t\t\t<\/div>\n\t\t\t\t<\/div>\n\t\t\t\t\t<\/div>\n\t\t<\/div>\n\t\t\t\t\t<\/div>\n\t\t<\/section>\n\t\t\t\t<\/div>\n\t\t","protected":false},"excerpt":{"rendered":"<p>DESPRENDIMIENTO DE RETINA \u00bfQu\u00e9 es el desprendimiento de retina? El desprendimiento de retina es un trastorno que es m\u00e1s frecuente en pacientes miopes y puede suceder a cualquier edad. Su incidencia aproximada es de un caso por cada 15.000 personas. La retina es una fina l\u00e1mina que recubre la parte interna del ojo, y que [&hellip;]<\/p>\n","protected":false},"author":1,"featured_media":0,"parent":0,"menu_order":0,"comment_status":"closed","ping_status":"closed","template":"","meta":{"footnotes":""},"class_list":["post-667","page","type-page","status-publish","hentry","entry"],"_links":{"self":[{"href":"https:\/\/institutbadal.com\/es\/wp-json\/wp\/v2\/pages\/667","targetHints":{"allow":["GET"]}}],"collection":[{"href":"https:\/\/institutbadal.com\/es\/wp-json\/wp\/v2\/pages"}],"about":[{"href":"https:\/\/institutbadal.com\/es\/wp-json\/wp\/v2\/types\/page"}],"author":[{"embeddable":true,"href":"https:\/\/institutbadal.com\/es\/wp-json\/wp\/v2\/users\/1"}],"replies":[{"embeddable":true,"href":"https:\/\/institutbadal.com\/es\/wp-json\/wp\/v2\/comments?post=667"}],"version-history":[{"count":6,"href":"https:\/\/institutbadal.com\/es\/wp-json\/wp\/v2\/pages\/667\/revisions"}],"predecessor-version":[{"id":1827,"href":"https:\/\/institutbadal.com\/es\/wp-json\/wp\/v2\/pages\/667\/revisions\/1827"}],"wp:attachment":[{"href":"https:\/\/institutbadal.com\/es\/wp-json\/wp\/v2\/media?parent=667"}],"curies":[{"name":"wp","href":"https:\/\/api.w.org\/{rel}","templated":true}]}}