{"id":686,"date":"2020-04-23T19:35:24","date_gmt":"2020-04-23T19:35:24","guid":{"rendered":"https:\/\/institutbadal.com\/?page_id=686"},"modified":"2025-09-11T18:33:02","modified_gmt":"2025-09-11T18:33:02","slug":"trasplante-de-cornea","status":"publish","type":"page","link":"https:\/\/institutbadal.com\/es\/trasplante-de-cornea\/","title":{"rendered":"TRASPLANTE DE C\u00d3RNEA"},"content":{"rendered":"\t\t<div data-elementor-type=\"wp-page\" data-elementor-id=\"686\" class=\"elementor elementor-686 elementor-685\">\n\t\t\t\t\t\t<section class=\"elementor-section elementor-top-section elementor-element elementor-element-4a83310 elementor-section-boxed elementor-section-height-default elementor-section-height-default\" data-id=\"4a83310\" data-element_type=\"section\">\n\t\t\t\t\t\t<div class=\"elementor-container elementor-column-gap-default\">\n\t\t\t\t\t<div class=\"elementor-column elementor-col-100 elementor-top-column elementor-element elementor-element-b2d39b5\" data-id=\"b2d39b5\" data-element_type=\"column\">\n\t\t\t<div class=\"elementor-widget-wrap elementor-element-populated\">\n\t\t\t\t\t\t<div class=\"elementor-element elementor-element-95a572d elementor-widget elementor-widget-text-editor\" data-id=\"95a572d\" data-element_type=\"widget\" data-widget_type=\"text-editor.default\">\n\t\t\t\t<div class=\"elementor-widget-container\">\n\t\t\t\t\t\t\t\t\t<h2 style=\"margin: 0px 0px 60px; font-family: Raleway, Arial, serif !important; font-weight: 800; line-height: 48px; color: inherit; text-rendering: optimizeLegibility; font-size: 48px; text-transform: uppercase;\">TRATAMIENTO DE C\u00d3RNEA<\/h2>\n\t\t\t\t\t\t\t\t<\/div>\n\t\t\t\t<\/div>\n\t\t\t\t\t<\/div>\n\t\t<\/div>\n\t\t\t\t\t<\/div>\n\t\t<\/section>\n\t\t\t\t<section class=\"elementor-section elementor-top-section elementor-element elementor-element-741e067 elementor-section-boxed elementor-section-height-default elementor-section-height-default\" data-id=\"741e067\" data-element_type=\"section\">\n\t\t\t\t\t\t<div class=\"elementor-container elementor-column-gap-default\">\n\t\t\t\t\t<div class=\"elementor-column elementor-col-50 elementor-top-column elementor-element elementor-element-e09d8b3 elementor-invisible\" data-id=\"e09d8b3\" data-element_type=\"column\" data-settings=\"{&quot;animation&quot;:&quot;fadeInLeft&quot;}\">\n\t\t\t<div class=\"elementor-widget-wrap elementor-element-populated\">\n\t\t\t\t\t\t<div class=\"elementor-element elementor-element-ee83136 elementor-widget elementor-widget-image-carousel\" data-id=\"ee83136\" data-element_type=\"widget\" data-settings=\"{&quot;slides_to_show&quot;:&quot;1&quot;,&quot;navigation&quot;:&quot;none&quot;,&quot;autoplay_speed&quot;:3000,&quot;effect&quot;:&quot;fade&quot;,&quot;autoplay&quot;:&quot;yes&quot;,&quot;pause_on_hover&quot;:&quot;yes&quot;,&quot;pause_on_interaction&quot;:&quot;yes&quot;,&quot;infinite&quot;:&quot;yes&quot;,&quot;speed&quot;:500}\" data-widget_type=\"image-carousel.default\">\n\t\t\t\t<div class=\"elementor-widget-container\">\n\t\t\t\t\t\t\t<div class=\"elementor-image-carousel-wrapper swiper\" role=\"region\" aria-roledescription=\"carousel\" aria-label=\"Carrusel d&#039;imatges\" dir=\"ltr\">\n\t\t\t<div class=\"elementor-image-carousel swiper-wrapper\" aria-live=\"off\">\n\t\t\t\t\t\t\t\t<div class=\"swiper-slide\" role=\"group\" aria-roledescription=\"slide\" aria-label=\"1 de 3\"><figure class=\"swiper-slide-inner\"><img decoding=\"async\" class=\"swiper-slide-image\" src=\"https:\/\/institutbadal.com\/wp-content\/uploads\/cornea1.png\" alt=\"cornea1\" \/><\/figure><\/div><div class=\"swiper-slide\" role=\"group\" aria-roledescription=\"slide\" aria-label=\"2 de 3\"><figure class=\"swiper-slide-inner\"><img decoding=\"async\" class=\"swiper-slide-image\" src=\"https:\/\/institutbadal.com\/wp-content\/uploads\/cornea3.png\" alt=\"cornea3\" \/><\/figure><\/div><div class=\"swiper-slide\" role=\"group\" aria-roledescription=\"slide\" aria-label=\"3 de 3\"><figure class=\"swiper-slide-inner\"><img decoding=\"async\" class=\"swiper-slide-image\" src=\"https:\/\/institutbadal.com\/wp-content\/uploads\/cornea2.png\" alt=\"cornea2\" \/><\/figure><\/div>\t\t\t<\/div>\n\t\t\t\t\t\t\t\n\t\t\t\t\t\t\t\t\t<\/div>\n\t\t\t\t\t\t<\/div>\n\t\t\t\t<\/div>\n\t\t\t\t\t<\/div>\n\t\t<\/div>\n\t\t\t\t<div class=\"elementor-column elementor-col-50 elementor-top-column elementor-element elementor-element-a83c049\" data-id=\"a83c049\" data-element_type=\"column\">\n\t\t\t<div class=\"elementor-widget-wrap elementor-element-populated\">\n\t\t\t\t\t\t<div class=\"elementor-element elementor-element-a730db7 elementor-widget elementor-widget-text-editor\" data-id=\"a730db7\" data-element_type=\"widget\" data-widget_type=\"text-editor.default\">\n\t\t\t\t<div class=\"elementor-widget-container\">\n\t\t\t\t\t\t\t\t\t<p><span style=\"font-size: 18pt;\">Que es el trasplante de c\u00f3rnea o queratoplastia?<br \/><\/span><\/p>\n<p>Un trasplante de c\u00f3rnea o queratoplastia es un procedimiento quir\u00fargico que consiste en reemplazar el tejido corneal da\u00f1ado por un tejido corneal sano procedente de un banco de ojos, donde se realiza un estudio previo sobre la idoneidad de este tejido y su seguridad antes de su implantaci\u00f3n. <br \/> El trasplante de c\u00f3rnea se suele realizar con anestesia local y es habitual que la duraci\u00f3n de la intervenci\u00f3n sea inferior a una hora. Adem\u00e1s, se realiza de forma ambulatoria, es decir, que no requiere ingreso.<\/p>\n\t\t\t\t\t\t\t\t<\/div>\n\t\t\t\t<\/div>\n\t\t\t\t\t<\/div>\n\t\t<\/div>\n\t\t\t\t\t<\/div>\n\t\t<\/section>\n\t\t\t\t<section class=\"elementor-section elementor-top-section elementor-element elementor-element-0b8dc1c elementor-section-boxed elementor-section-height-default elementor-section-height-default\" data-id=\"0b8dc1c\" data-element_type=\"section\">\n\t\t\t\t\t\t<div class=\"elementor-container elementor-column-gap-default\">\n\t\t\t\t\t<div class=\"elementor-column elementor-col-100 elementor-top-column elementor-element elementor-element-1390601\" data-id=\"1390601\" data-element_type=\"column\">\n\t\t\t<div class=\"elementor-widget-wrap elementor-element-populated\">\n\t\t\t\t\t\t<div class=\"elementor-element elementor-element-65d2013 elementor-widget elementor-widget-text-editor\" data-id=\"65d2013\" data-element_type=\"widget\" data-widget_type=\"text-editor.default\">\n\t\t\t\t<div class=\"elementor-widget-container\">\n\t\t\t\t\t\t\t\t\t<span style=\"font-size: 18pt;\">Cuando est\u00e1 indicada esta t\u00e9cnica?\r\n<\/span><br><br><span style=\"font-size: 18px;\">El oftalm\u00f3logo especialista en c\u00f3rnea es quien a trav\u00e9s de un exhaustivo examen oftalmol\u00f3gico determina qu\u00e9 candidato es apto o no para esta operaci\u00f3n. Un paciente es \u00f3ptimo para un trasplante de c\u00f3rnea cuando existen las siguientes caracter\u00edsticas:\r\n<\/span><br><p style=\"padding-left: 40px;\"><span style=\"font-size: 18px;\">\u00b7 Cuando el paciente sufre una enfermedad degenerativa avanzada, como el queratocono o las ectasias corneales secundarias.\r\n<\/span><\/p><br><p style=\"padding-left: 40px;\">\u00b7 Cuando el paciente sufre una opacidad corneal secundaria a una distrofia corneal avanzada, a una enfermedad infecciosa o post-traum\u00e1tica.<\/p><br><p style=\"margin-bottom: 0px; padding-bottom: 25px; font-variant-ligatures: normal; font-variant-caps: normal; font-family: Raleway, Arial, serif; font-size: 16px; font-style: normal; font-weight: 300; caret-color: #666666; color: #666666; text-size-adjust: auto;\"><span style=\"font-size: 18pt;\">Beneficios del trasplante de c\u00f3rnea\u00a0<\/span><\/p><br>El trasplante de c\u00f3rnea es el tipo de trasplante de \u00f3rganos que se realiza de forma m\u00e1s habitual y, adem\u00e1s, es el que presenta un pron\u00f3stico m\u00e1s favorable. De hecho, aunque la recuperaci\u00f3n es lenta, es habitual que los pacientes recuperen la visi\u00f3n perdida debido a la opacidad corneal y la conserven durante muchos a\u00f1os.<br>En caso de ser necesario aplicar esta t\u00e9cnica, se podr\u00e1 mejorar la funci\u00f3n visual, la calidad de vida del paciente y solucionar el dolor o la fotofobia, si existiera.<br><p style=\"margin-bottom: 0px; padding-bottom: 25px; color: #666666; font-family: Raleway, Arial, serif; font-size: 16px; font-style: normal; font-variant-ligatures: normal; font-variant-caps: normal; font-weight: 300;\"><span style=\"font-size: 18pt; text-align: justify; caret-color: #666666;\">Tipo de trasplantes de c\u00f3rnea<\/span><\/p><br>Hay diferentes tipos de trasplante de c\u00f3rnea:<br><p style=\"padding-left: 40px;\">\u00b7 Trasplante corneal total o queratoplastia penetrante. Es el tipo m\u00e1s habitual de trasplante de c\u00f3rnea y consiste en sustituir la parte central de la c\u00f3rnea da\u00f1ada en todo su espesor por tejido sano.<\/p><br><p style=\"padding-left: 40px;\">\u00b7 Trasplante corneal lamelar o queratoplastia lamelar. Hoy d\u00eda, y gracias a los \u00faltimos avances cient\u00edficos, es posible trasplantar selectivamente la capa o las capas de la c\u00f3rnea afectadas en funci\u00f3n de la patolog\u00eda de cada paciente. Hay diferentes t\u00e9cnicas de trasplante lamelar seg\u00fan se sustituyan las capas corneales anteriores superficiales, profundas o las capas corneales posteriores. El trasplante corneal lamelar es una t\u00e9cnica menos agresiva y, en general, el paciente presenta menos riesgo de rechazo del tejido trasplantado y menos complicaciones. Adem\u00e1s, el postoperatorio suele ser m\u00e1s c\u00f3modo y la recuperaci\u00f3n visual, m\u00e1s r\u00e1pida.<\/p>\t\t\t\t\t\t\t\t<\/div>\n\t\t\t\t<\/div>\n\t\t\t\t\t<\/div>\n\t\t<\/div>\n\t\t\t\t\t<\/div>\n\t\t<\/section>\n\t\t\t\t<\/div>\n\t\t","protected":false},"excerpt":{"rendered":"<p>TRATAMIENTO DE C\u00d3RNEA Que es el trasplante de c\u00f3rnea o queratoplastia? Un trasplante de c\u00f3rnea o queratoplastia es un procedimiento quir\u00fargico que consiste en reemplazar el tejido corneal da\u00f1ado por un tejido corneal sano procedente de un banco de ojos, donde se realiza un estudio previo sobre la idoneidad de este tejido y su seguridad [&hellip;]<\/p>\n","protected":false},"author":1,"featured_media":0,"parent":0,"menu_order":0,"comment_status":"closed","ping_status":"closed","template":"","meta":{"footnotes":""},"class_list":["post-686","page","type-page","status-publish","hentry","entry"],"_links":{"self":[{"href":"https:\/\/institutbadal.com\/es\/wp-json\/wp\/v2\/pages\/686","targetHints":{"allow":["GET"]}}],"collection":[{"href":"https:\/\/institutbadal.com\/es\/wp-json\/wp\/v2\/pages"}],"about":[{"href":"https:\/\/institutbadal.com\/es\/wp-json\/wp\/v2\/types\/page"}],"author":[{"embeddable":true,"href":"https:\/\/institutbadal.com\/es\/wp-json\/wp\/v2\/users\/1"}],"replies":[{"embeddable":true,"href":"https:\/\/institutbadal.com\/es\/wp-json\/wp\/v2\/comments?post=686"}],"version-history":[{"count":9,"href":"https:\/\/institutbadal.com\/es\/wp-json\/wp\/v2\/pages\/686\/revisions"}],"predecessor-version":[{"id":1839,"href":"https:\/\/institutbadal.com\/es\/wp-json\/wp\/v2\/pages\/686\/revisions\/1839"}],"wp:attachment":[{"href":"https:\/\/institutbadal.com\/es\/wp-json\/wp\/v2\/media?parent=686"}],"curies":[{"name":"wp","href":"https:\/\/api.w.org\/{rel}","templated":true}]}}